{"id":62,"date":"2018-02-16T13:13:09","date_gmt":"2018-02-16T12:13:09","guid":{"rendered":"https:\/\/kulturweit.blog\/kimintirana\/?page_id=62"},"modified":"2018-08-09T08:51:59","modified_gmt":"2018-08-09T06:51:59","slug":"das-bin-ich","status":"publish","type":"page","link":"https:\/\/kulturweit.blog\/kimintirana\/das-bin-ich\/","title":{"rendered":"Das bin ich"},"content":{"rendered":"<p><a href=\"https:\/\/kulturweit.blog\/kimintirana\/files\/2018\/02\/NY-1.jpg\"><br \/>\n<\/a>Ich hei\u00dfe Kim und komme aus M\u00fcnster. Ich lese und male gerne oder verbringe meine Zeit an der frischen Luft. Au\u00dferdem esse ich sehr gerne Pizza und mag l\u00e4chelnde Menschen, Reisen und Ordnung.<\/p>\n<p>Schon immer war ich an anderen L\u00e4ndern und Kulturen interessiert und bin deswegen um so begeisterter dar\u00fcber die n\u00e4chsten 6 Monate in Tirana leben zu k\u00f6nnen. Ich werde am Sami- Frasheri- Gymnasium arbeiten\u00a0und hier auf meinem Blog \u00fcber meine Erlebnisse und Gedanken berichten.<\/p>\n<p>Stay tuned!<\/p>\n","protected":false},"excerpt":{"rendered":"<p>Ich hei\u00dfe Kim und komme aus M\u00fcnster. Ich lese und male gerne oder verbringe meine Zeit an der frischen Luft. Au\u00dferdem esse ich sehr gerne Pizza und mag l\u00e4chelnde Menschen, Reisen und Ordnung. Schon immer war ich an anderen L\u00e4ndern und Kulturen interessiert und bin deswegen um so begeisterter dar\u00fcber die n\u00e4chsten 6 Monate in &hellip; <a href=\"https:\/\/kulturweit.blog\/kimintirana\/das-bin-ich\/\" class=\"more-link\"><span class=\"screen-reader-text\">Das bin ich<\/span> weiterlesen<\/a><\/p>\n","protected":false},"author":2383,"featured_media":19,"parent":0,"menu_order":2,"comment_status":"closed","ping_status":"closed","template":"","meta":{"footnotes":""},"class_list":["post-62","page","type-page","status-publish","has-post-thumbnail","hentry"],"amp_enabled":true,"_links":{"self":[{"href":"https:\/\/kulturweit.blog\/kimintirana\/wp-json\/wp\/v2\/pages\/62"}],"collection":[{"href":"https:\/\/kulturweit.blog\/kimintirana\/wp-json\/wp\/v2\/pages"}],"about":[{"href":"https:\/\/kulturweit.blog\/kimintirana\/wp-json\/wp\/v2\/types\/page"}],"author":[{"embeddable":true,"href":"https:\/\/kulturweit.blog\/kimintirana\/wp-json\/wp\/v2\/users\/2383"}],"replies":[{"embeddable":true,"href":"https:\/\/kulturweit.blog\/kimintirana\/wp-json\/wp\/v2\/comments?post=62"}],"version-history":[{"count":3,"href":"https:\/\/kulturweit.blog\/kimintirana\/wp-json\/wp\/v2\/pages\/62\/revisions"}],"predecessor-version":[{"id":564,"href":"https:\/\/kulturweit.blog\/kimintirana\/wp-json\/wp\/v2\/pages\/62\/revisions\/564"}],"wp:featuredmedia":[{"embeddable":true,"href":"https:\/\/kulturweit.blog\/kimintirana\/wp-json\/wp\/v2\/media\/19"}],"wp:attachment":[{"href":"https:\/\/kulturweit.blog\/kimintirana\/wp-json\/wp\/v2\/media?parent=62"}],"curies":[{"name":"wp","href":"https:\/\/api.w.org\/{rel}","templated":true}]}}