{"id":2,"date":"2023-02-26T12:59:43","date_gmt":"2023-02-26T11:59:43","guid":{"rendered":"https:\/\/kulturweit.blog\/kiaraausgoe\/?page_id=2"},"modified":"2023-02-26T13:17:02","modified_gmt":"2023-02-26T12:17:02","slug":"beispiel-seite","status":"publish","type":"page","link":"https:\/\/kulturweit.blog\/kiaraausgoe\/beispiel-seite\/","title":{"rendered":"Warum mache ich einen Blog?"},"content":{"rendered":"<div class=\"widget-content\">\n<div><\/div>\n<div>\n<p>Hall\u00f6chen!<\/p>\n<div><b>\u00a0<\/b><\/div>\n<div>\n<p>Mein Name ist Kiara und ich schreibe einen Blog. Wer h\u00e4tte es gedacht? Ich schreibe diesen Blog nicht, weil ich davon ausgehe, dass mein Leben super besonders und interessiert ist. Ich damals 2018 angefangen einen Blog zu schreiben, da ich einen gro\u00dfen Schritt gewagt habe und in die USA gegangen bin &#8211; urspr\u00fcnglich geplant f\u00fcr ein ganzes Jahr.<\/p>\n<div><b>\u00a0<\/b><\/div>\n<div>Jetzt, f\u00fcnf Jahre sp\u00e4ter gehe ich wieder ins Ausland, aber f\u00fcr ein FSJ mit kulturweit. Diesmal verschl\u00e4gt es mich jedoch nach Spanien, genauer: Teneriffa. Wenn dich interessiert, wie mein Leben hier so aussieht und wie es mir ergeht, dann scroll doch ein wenig durch meinen Blog. Wenn du nur ausversehen hier gelandet bist, gibt es zwei M\u00f6glichkeiten. 1. Du gehst oder 2. du bleibst und l\u00e4sst mir vielleicht sogar einen Kommentar da! Wenn du Fragen hast, kannst du sie mir gerne unter &#8222;Wenn du mir was zu sagen hast!&#8220; schicken.<\/div>\n<div><\/div>\n<div><\/div>\n<div>Liebe Gr\u00fc\u00dfe, Kiara.<\/div>\n<\/div>\n<\/div>\n<\/div>\n","protected":false},"excerpt":{"rendered":"<p>Hall\u00f6chen! \u00a0 Mein Name ist Kiara und ich schreibe einen Blog. Wer h\u00e4tte es gedacht? Ich schreibe diesen Blog nicht, weil ich davon ausgehe, dass mein Leben super besonders und interessiert ist. Ich damals 2018 angefangen einen Blog zu schreiben, da ich einen gro\u00dfen Schritt gewagt habe und in die USA gegangen bin &#8211; urspr\u00fcnglich [&hellip;]<\/p>\n","protected":false},"author":3140,"featured_media":0,"parent":0,"menu_order":0,"comment_status":"closed","ping_status":"open","template":"","meta":{"footnotes":""},"class_list":["post-2","page","type-page","status-publish","hentry"],"amp_enabled":true,"_links":{"self":[{"href":"https:\/\/kulturweit.blog\/kiaraausgoe\/wp-json\/wp\/v2\/pages\/2"}],"collection":[{"href":"https:\/\/kulturweit.blog\/kiaraausgoe\/wp-json\/wp\/v2\/pages"}],"about":[{"href":"https:\/\/kulturweit.blog\/kiaraausgoe\/wp-json\/wp\/v2\/types\/page"}],"author":[{"embeddable":true,"href":"https:\/\/kulturweit.blog\/kiaraausgoe\/wp-json\/wp\/v2\/users\/3140"}],"replies":[{"embeddable":true,"href":"https:\/\/kulturweit.blog\/kiaraausgoe\/wp-json\/wp\/v2\/comments?post=2"}],"version-history":[{"count":3,"href":"https:\/\/kulturweit.blog\/kiaraausgoe\/wp-json\/wp\/v2\/pages\/2\/revisions"}],"predecessor-version":[{"id":18,"href":"https:\/\/kulturweit.blog\/kiaraausgoe\/wp-json\/wp\/v2\/pages\/2\/revisions\/18"}],"wp:attachment":[{"href":"https:\/\/kulturweit.blog\/kiaraausgoe\/wp-json\/wp\/v2\/media?parent=2"}],"curies":[{"name":"wp","href":"https:\/\/api.w.org\/{rel}","templated":true}]}}