{"id":144,"date":"2025-02-08T12:17:21","date_gmt":"2025-02-08T11:17:21","guid":{"rendered":"https:\/\/kulturweit.blog\/karo24karo25\/?page_id=144"},"modified":"2025-02-08T12:21:21","modified_gmt":"2025-02-08T11:21:21","slug":"canzoni","status":"publish","type":"page","link":"https:\/\/kulturweit.blog\/karo24karo25\/beispiel-seite\/canzoni\/","title":{"rendered":"canzoni"},"content":{"rendered":"<p>Beginnen wir mit dem Song, mit dem alles begann. Als sie 2021 den Eurovision Song Contest gewannen, war ich dabei und fieberte f\u00fcr sie mit. Ohne \u00fcberhaupt den Titel geschweige denn den Inhalt ihres Songs <a href=\"https:\/\/youtu.be\/QN1odfjtMoo?feature=shared\"><em>ZITTI E BUONI<\/em> <\/a>zu verstehen, sprachen mich M\u00e5neskin an, indem sie etwas unausgesprochenes, mir noch unterbewusstes ausdr\u00fcckten. Sie gewannen mich damals im zarten Alter von 14 Jahren im Handumdrehen als Fan und weckten damit auch erstmals mein Interesse an Italien. Man k\u00f6nnte wirklich sagen, dass sie eine Art Initiator f\u00fcr alles Folgende waren.<\/p>\n<p>Der Titel &#8222;zitti e buoni&#8220; bedeutet w\u00f6rtlich \u00fcbersetzt &#8222;schweigt und seid gut&#8220; &#8211; gemeint ist ein Imperativ, der besonders h\u00e4ufig an Kinder gerichtet wird: &#8222;Seid still und artig!&#8220; Damit schon einmal vorweg, hier der Liedtext und meine deutsche \u00dcbersetzung:<\/p>\n<div class=\"Lyrics-sc-37019ee2-1 jRTEBZ\" style=\"text-align: left\" data-lyrics-container=\"true\">[Strofa 1]<br \/>\nLoro non sanno di che parlo<br \/>\nVestiti sporchi, fra&#8216;, di fango<br \/>\nGiallo di siga&#8216; fra le dita<br \/>\nIo con la siga&#8216; camminando<br \/>\nScusami, ma ci credo tanto<br \/>\nChe posso fare questo salto<br \/>\nE anche se la strada \u00e8 in salita<br \/>\nPer questo ora mi sto allenando<br \/>\nE buonasera, signore e signori<br \/>\nFuori gli attori<br \/>\nVi conviene toccarvi i coglioni<br \/>\nVi conviene stare zitti e buoni<br \/>\nQui la gente \u00e8 strana tipo spacciatori<br \/>\nTroppe notti stavo chiuso fuori<br \/>\nMo li prendo a calci &#8217;sti portoni<br \/>\nSguardo in alto tipo scalatori<br \/>\nQuindi scusa mamma se sto sempre fuori, ma<\/div>\n<div data-lyrics-container=\"true\"><\/div>\n<div class=\"Lyrics-sc-37019ee2-1 jRTEBZ\" data-lyrics-container=\"true\">[Ritornello]<br \/>\nSono fuori di testa, ma diverso da loro<br \/>\nE tu sei fuori di testa, ma diversa da loro<br \/>\nSiamo fuori di testa, ma diversi da loro<br \/>\nSiamo fuori di testa, ma diversi da loro<\/div>\n<div data-lyrics-container=\"true\"><\/div>\n<div class=\"Lyrics-sc-37019ee2-1 jRTEBZ\" data-lyrics-container=\"true\">[Strofa 2]<br \/>\nIo ho scritto pagine e pagine<br \/>\nHo visto sale, poi lacrime<br \/>\nQuesti uomini in macchina<br \/>\nNon scalare le rapide<br \/>\nScritto sopra una lapide<br \/>\nIn casa mia non c&#8217;\u00e8 Dio<br \/>\nMa se trovi il senso del tempo<br \/>\nRisalirai dal tuo oblio<br \/>\nE non c&#8217;\u00e8 vento che fermi<br \/>\nLa naturale potenza<br \/>\nDal punto giusto di vista<br \/>\nDel vento senti l&#8217;ebrezza<br \/>\n<span class=\"ReferentFragment-desktop-sc-380d78dd-1 iXIOUu\">Con ali in cera alla schiena<br \/>\nRicercher\u00f2 quell&#8217;altezza<\/span><br \/>\nSe vuoi fermarmi, ritenta<br \/>\nProva a tagliarmi la testa<br \/>\nPerch\u00e9<\/div>\n<div data-lyrics-container=\"true\"><\/div>\n<div class=\"Lyrics-sc-37019ee2-1 jRTEBZ\" data-lyrics-container=\"true\">[Ritornello]<br \/>\nSono fuori di testa, ma diverso da loro<br \/>\nE tu sei fuori di testa, ma diversa da loro<br \/>\nSiamo fuori di testa, ma diversi da loro<br \/>\nSiamo fuori di testa, ma diversi da loro<\/div>\n<div data-lyrics-container=\"true\"><\/div>\n<div class=\"Lyrics-sc-37019ee2-1 jRTEBZ\" data-lyrics-container=\"true\">[Bridge]<br \/>\nParla la gente purtroppo<br \/>\nParla, non sa di che cosa parla<br \/>\nTu portami dove sto a galla<br \/>\nChe qui mi manca l&#8217;aria<br \/>\nParla la gente purtroppo<br \/>\nParla, non sa di che cosa parla<br \/>\nTu portami dove sto a galla<br \/>\nChe qui mi manca l&#8217;aria<br \/>\nParla la gente purtroppo<br \/>\nParla, non sa di che cazzo parla<br \/>\nTu portami dove sto a galla<br \/>\nChe qui mi manca l&#8217;aria<\/div>\n<div data-lyrics-container=\"true\"><\/div>\n<div class=\"Lyrics-sc-37019ee2-1 jRTEBZ\" data-lyrics-container=\"true\">[Ritornello]<br \/>\nMa sono fuori di testa, ma diverso da loro<br \/>\nE tu sei fuori di testa, ma diversa da loro<br \/>\nSiamo fuori di testa, ma diversi da loro<br \/>\nSiamo fuori di testa, ma diversi da loro<\/div>\n<div data-lyrics-container=\"true\"><\/div>\n<div class=\"Lyrics-sc-37019ee2-1 jRTEBZ\" data-lyrics-container=\"true\">[Outro]<br \/>\nNoi siamo diversi da loro<\/div>\n<p>&nbsp;<\/p>\n","protected":false},"excerpt":{"rendered":"<p>Beginnen wir mit dem Song, mit dem alles begann. Als sie 2021 den Eurovision Song Contest gewannen, war ich dabei und fieberte f\u00fcr sie mit. Ohne \u00fcberhaupt den Titel geschweige denn den Inhalt ihres Songs ZITTI E BUONI zu verstehen, &hellip; <a href=\"https:\/\/kulturweit.blog\/karo24karo25\/beispiel-seite\/canzoni\/\">Weiterlesen <span class=\"meta-nav\">&rarr;<\/span><\/a><\/p>\n","protected":false},"author":3294,"featured_media":0,"parent":2,"menu_order":3,"comment_status":"closed","ping_status":"closed","template":"showcase.php","meta":{"footnotes":""},"class_list":["post-144","page","type-page","status-publish","hentry"],"amp_enabled":true,"_links":{"self":[{"href":"https:\/\/kulturweit.blog\/karo24karo25\/wp-json\/wp\/v2\/pages\/144"}],"collection":[{"href":"https:\/\/kulturweit.blog\/karo24karo25\/wp-json\/wp\/v2\/pages"}],"about":[{"href":"https:\/\/kulturweit.blog\/karo24karo25\/wp-json\/wp\/v2\/types\/page"}],"author":[{"embeddable":true,"href":"https:\/\/kulturweit.blog\/karo24karo25\/wp-json\/wp\/v2\/users\/3294"}],"replies":[{"embeddable":true,"href":"https:\/\/kulturweit.blog\/karo24karo25\/wp-json\/wp\/v2\/comments?post=144"}],"version-history":[{"count":3,"href":"https:\/\/kulturweit.blog\/karo24karo25\/wp-json\/wp\/v2\/pages\/144\/revisions"}],"predecessor-version":[{"id":150,"href":"https:\/\/kulturweit.blog\/karo24karo25\/wp-json\/wp\/v2\/pages\/144\/revisions\/150"}],"up":[{"embeddable":true,"href":"https:\/\/kulturweit.blog\/karo24karo25\/wp-json\/wp\/v2\/pages\/2"}],"wp:attachment":[{"href":"https:\/\/kulturweit.blog\/karo24karo25\/wp-json\/wp\/v2\/media?parent=144"}],"curies":[{"name":"wp","href":"https:\/\/api.w.org\/{rel}","templated":true}]}}