{"id":115,"date":"2025-02-07T19:20:06","date_gmt":"2025-02-07T18:20:06","guid":{"rendered":"https:\/\/kulturweit.blog\/karo24karo25\/?page_id=115"},"modified":"2025-02-08T12:21:41","modified_gmt":"2025-02-08T11:21:41","slug":"modi-di-dire","status":"publish","type":"page","link":"https:\/\/kulturweit.blog\/karo24karo25\/beispiel-seite\/modi-di-dire\/","title":{"rendered":"modi di dire"},"content":{"rendered":"<p><span style=\"color: #000000\"><em>Hier meine Sammlung jedweder modi di dire,<\/em><em>\u00a0die mir so \u00fcber den Weg laufen<\/em><\/span><\/p>\n<blockquote><p><strong>\u00ab Qua entrato &#8211; Qua uscito \u00bb<\/strong><\/p><\/blockquote>\n<ul>\n<li>sagte Tiziana mit Geste zum einen (Da rein) und anderen Ohr (Da raus)<\/li>\n<\/ul>\n<blockquote><p><strong>\u00ab Piangere \u00bb<\/strong><\/p><\/blockquote>\n<ul>\n<li>kann erstaunlicherweise sowohl &#8222;weinen&#8220; als auch &#8222;jemanden verlassen&#8220; bedeuten<\/li>\n<\/ul>\n<blockquote><p><strong>\u00ab Lui ha un braccino corto \u00bb<\/strong><\/p><\/blockquote>\n<ul>\n<li>Redensart um eine geizige Haltung auszudr\u00fccken &#8211; wie man im Deutschen zu einer gro\u00dfz\u00fcgigen Person sagen w\u00fcrde, dass jemand tief in die Tasche greift, sagt man im Italienischen zum Gegenteil, dass jemand einen zu kurzen Arm hat, um in die Tasche zu greifen<\/li>\n<\/ul>\n<blockquote><p><strong>\u00ab In bocca al lupo \u00bb<\/strong><\/p>\n<p><strong>\u00ab Crepi il lupo \u00bb<\/strong><\/p><\/blockquote>\n<ul>\n<li>bedeutet soviel wie &#8222;Hals und Beinbruch&#8220; &#8211; w\u00f6rtlich aber: &#8222;In den Mund des Wolfes&#8220;, worauf die begl\u00fcckw\u00fcnschte Person antwortet: &#8222;M\u00f6ge der Wolf abkratzen&#8220;<\/li>\n<\/ul>\n","protected":false},"excerpt":{"rendered":"<p>Hier meine Sammlung jedweder modi di dire,\u00a0die mir so \u00fcber den Weg laufen \u00ab Qua entrato &#8211; Qua uscito \u00bb sagte Tiziana mit Geste zum einen (Da rein) und anderen Ohr (Da raus) \u00ab Piangere \u00bb kann erstaunlicherweise sowohl &#8222;weinen&#8220; &hellip; <a href=\"https:\/\/kulturweit.blog\/karo24karo25\/beispiel-seite\/modi-di-dire\/\">Weiterlesen <span class=\"meta-nav\">&rarr;<\/span><\/a><\/p>\n","protected":false},"author":3294,"featured_media":0,"parent":2,"menu_order":1,"comment_status":"closed","ping_status":"closed","template":"showcase.php","meta":{"footnotes":""},"class_list":["post-115","page","type-page","status-publish","hentry"],"amp_enabled":true,"_links":{"self":[{"href":"https:\/\/kulturweit.blog\/karo24karo25\/wp-json\/wp\/v2\/pages\/115"}],"collection":[{"href":"https:\/\/kulturweit.blog\/karo24karo25\/wp-json\/wp\/v2\/pages"}],"about":[{"href":"https:\/\/kulturweit.blog\/karo24karo25\/wp-json\/wp\/v2\/types\/page"}],"author":[{"embeddable":true,"href":"https:\/\/kulturweit.blog\/karo24karo25\/wp-json\/wp\/v2\/users\/3294"}],"replies":[{"embeddable":true,"href":"https:\/\/kulturweit.blog\/karo24karo25\/wp-json\/wp\/v2\/comments?post=115"}],"version-history":[{"count":4,"href":"https:\/\/kulturweit.blog\/karo24karo25\/wp-json\/wp\/v2\/pages\/115\/revisions"}],"predecessor-version":[{"id":125,"href":"https:\/\/kulturweit.blog\/karo24karo25\/wp-json\/wp\/v2\/pages\/115\/revisions\/125"}],"up":[{"embeddable":true,"href":"https:\/\/kulturweit.blog\/karo24karo25\/wp-json\/wp\/v2\/pages\/2"}],"wp:attachment":[{"href":"https:\/\/kulturweit.blog\/karo24karo25\/wp-json\/wp\/v2\/media?parent=115"}],"curies":[{"name":"wp","href":"https:\/\/api.w.org\/{rel}","templated":true}]}}