{"id":88,"date":"2017-11-19T11:46:44","date_gmt":"2017-11-19T10:46:44","guid":{"rendered":"https:\/\/kulturweit.blog\/karilenke\/?page_id=88"},"modified":"2018-02-07T17:11:12","modified_gmt":"2018-02-07T16:11:12","slug":"kari-lenke-deutsche-freiwillige-in-hartian","status":"publish","type":"page","link":"https:\/\/kulturweit.blog\/karilenke\/kari-lenke-deutsche-freiwillige-in-hartian\/","title":{"rendered":"Das bin ich!"},"content":{"rendered":"<p>Hallo zusammen, ich bin Kari Lenke. Ich bin 19 Jahre alt (Jahrgang 1999) und komme aus Herscheid, einem Dorf im Sauerland in Nordrhein-Westfalen (Deutschland).<\/p>\n<p>Nachdem ich im Sommer 2017 mein Abitur bestanden habe, bin ich nun im September mit dem Freiwilligendienst kulturweit der Deutschen UNESCO-Kommission e.V. nach Hartian aufgebrochen und werde hier bis Februar 2018 bleiben.<br \/>\nDieses Programm sendet seine Bewerber*innen z.B. an Schulen, wie die Nationalit\u00e4tengrundschule Hartian, die DSD-Pr\u00fcfungen anbieten, also einen besonderen Stellenwert in der Vermittlung der deutschen Kultur im Ausland einnehmen. Kulturweit m\u00f6chte ein differenziertes Deutschlandbild in den Einsatzl\u00e4ndern entwickeln und somit zur interkulturellen Verst\u00e4ndigung, einer weltoffenen Haltung und einem friedlichen Zusammenleben beitragen. Genaueres k\u00f6nnt ihr unter<a href=\"https:\/\/www.kulturweit.de\/\"> https:\/\/www.kulturweit.de\/<\/a> erfahren.<\/p>\n<p>Zu meinen Aufgaben in Hartian z\u00e4hlt es, den Unterricht der Deutschlehrer*innen zu begleiten und mit den Kindern auf Deutsch zu sprechen und spielen, damit sie lernen, fl\u00fcssiger zu erz\u00e4hlen und Hemmungen gegen\u00fcber der Kommunikation in einer Fremdsprache abbauen k\u00f6nnen. Ich erz\u00e4hle von Deutschland, meinem Leben dort, dem Schulsystem etc. und bin f\u00fcr alle Fragen offen, die wir \u00fcber Deutschland und all seine Aspekte kl\u00e4ren k\u00f6nnen. Au\u00dferdem werde ich den Nationalit\u00e4tenkindergarten Hartian ein Mal pro Woche besuchen und in meiner Freizeit den Freundeskreis Schw\u00e4bischer Jugendlicher unterst\u00fctzen.<\/p>\n<p>Viele fragen mich, was meine Motivation war, nach Ungarn zu kommen. Dazu kann ich antworten, dass ich mir mein Einsatzland bei der Bewerbung nicht aussuchen konnten, mich aber sehr freue, mich hier engagieren zu d\u00fcrfen, da das Interesse an mir, der deutschen Sprache und der deutschen Kultur sehr gro\u00df sind und ich mich wohl f\u00fchle. Kulturweit w\u00e4hlt seine Bewerber*innen sorgsam nach ihrer Motivation und ihrer authentischen Bewerbung aus, es werden nur einige \u00fcbernommen und diese zu m\u00f6glichst gut passenden Einsatzstellen entsendet.<br \/>\nMeine Motivation, ins Ausland zu gehen, war es, einen Perspektivenwechsel zu bekommen und mich gleichzeitig sozial zu engagieren. Ich wollte aus den \u201ealten Gewohnheiten\u201c ausbrechen und viele neue Erfahrungen, verbunden mit einer neuen Sprache und Kultur, sammeln.<\/p>\n<p>Gerne k\u00f6nnt ihr mir offengebliebene Fragen hier stellen!<\/p>\n","protected":false},"excerpt":{"rendered":"<p>Hallo zusammen, ich bin Kari Lenke. Ich bin 19 Jahre alt (Jahrgang 1999) und komme aus Herscheid, einem Dorf im Sauerland in Nordrhein-Westfalen (Deutschland). Nachdem ich im Sommer 2017 mein Abitur bestanden habe, bin ich nun im September mit dem Freiwilligendienst kulturweit der Deutschen UNESCO-Kommission e.V. nach Hartian aufgebrochen und werde hier bis Februar 2018 [&hellip;]<\/p>\n","protected":false},"author":2265,"featured_media":89,"parent":0,"menu_order":0,"comment_status":"closed","ping_status":"closed","template":"","meta":{"footnotes":""},"class_list":["post-88","page","type-page","status-publish","has-post-thumbnail","hentry"],"amp_enabled":true,"_links":{"self":[{"href":"https:\/\/kulturweit.blog\/karilenke\/wp-json\/wp\/v2\/pages\/88"}],"collection":[{"href":"https:\/\/kulturweit.blog\/karilenke\/wp-json\/wp\/v2\/pages"}],"about":[{"href":"https:\/\/kulturweit.blog\/karilenke\/wp-json\/wp\/v2\/types\/page"}],"author":[{"embeddable":true,"href":"https:\/\/kulturweit.blog\/karilenke\/wp-json\/wp\/v2\/users\/2265"}],"replies":[{"embeddable":true,"href":"https:\/\/kulturweit.blog\/karilenke\/wp-json\/wp\/v2\/comments?post=88"}],"version-history":[{"count":4,"href":"https:\/\/kulturweit.blog\/karilenke\/wp-json\/wp\/v2\/pages\/88\/revisions"}],"predecessor-version":[{"id":163,"href":"https:\/\/kulturweit.blog\/karilenke\/wp-json\/wp\/v2\/pages\/88\/revisions\/163"}],"wp:featuredmedia":[{"embeddable":true,"href":"https:\/\/kulturweit.blog\/karilenke\/wp-json\/wp\/v2\/media\/89"}],"wp:attachment":[{"href":"https:\/\/kulturweit.blog\/karilenke\/wp-json\/wp\/v2\/media?parent=88"}],"curies":[{"name":"wp","href":"https:\/\/api.w.org\/{rel}","templated":true}]}}