{"id":257,"date":"2018-03-04T14:37:25","date_gmt":"2018-03-04T13:37:25","guid":{"rendered":"https:\/\/kulturweit.blog\/karilenke\/?page_id=257"},"modified":"2018-03-04T14:42:34","modified_gmt":"2018-03-04T13:42:34","slug":"ujhartyan-2","status":"publish","type":"page","link":"https:\/\/kulturweit.blog\/karilenke\/ujhartyan-2\/","title":{"rendered":"\u00dajharty\u00e1n"},"content":{"rendered":"<p><strong>Uj&#8230; &#8211; was?<\/strong><\/p>\n<p><a href=\"https:\/\/kulturweit.blog\/karilenke\/files\/2017\/11\/IMG_4095.jpg\"><img loading=\"lazy\" decoding=\"async\" class=\"alignleft size-medium wp-image-92\" src=\"https:\/\/kulturweit.blog\/karilenke\/files\/2017\/11\/IMG_4095-300x200.jpg\" alt=\"\" width=\"300\" height=\"200\" srcset=\"https:\/\/kulturweit.blog\/karilenke\/files\/2017\/11\/IMG_4095-300x200.jpg 300w, https:\/\/kulturweit.blog\/karilenke\/files\/2017\/11\/IMG_4095-150x100.jpg 150w, https:\/\/kulturweit.blog\/karilenke\/files\/2017\/11\/IMG_4095-768x512.jpg 768w, https:\/\/kulturweit.blog\/karilenke\/files\/2017\/11\/IMG_4095.jpg 1024w\" sizes=\"(max-width: 300px) 100vw, 300px\" \/><\/a>Oft werde ich gefragt, wo ich denn eigentlich so herzlich in Ungarn aufgenommen wurde. Der Einfachheit halber sage ich meist, dass ich ca. 40 km von Budapest entfernt wohne, was zun\u00e4chst aber nur die geografische Lage beschreibt. Nat\u00fcrlich ist das nicht falsch und wenn ich ehrlich bin, kannte auch ich vorher nicht viel mehr von Ungarn als Budapest und den Balaton (Plattensee) und da ist die Information, dass ich in der N\u00e4he der Hauptstsadt wohne, auch schon ein guter Hinweis. Um also meinen Wohnort mit dem kompliziert-erscheinenden Namen ein bisschen aufzuschl\u00fcsseln (wer wei\u00df, die oder der n\u00e4chste Freiwillige sucht vielleicht auch nach Informationen), versuche ich meine bisherigen Eindr\u00fccke und Informationen zusammenzufassen. Nat\u00fcrlich werden sich einige Daten nicht vermeiden lassen, vor allem aber besteht dieser Bericht aus meinen ganz pers\u00f6nlichen und gew\u00f6hnlichen Erfahrungen, die ich hier gemacht habe und was mir \u00fcber den Ort erz\u00e4hlt wurde.<br \/>\n\u00dajharty\u00e1n oder Hartian ist eine Stadt im Komitat Pest mit einer Fl\u00e4che von 22, 43 km\u00b2 und ca. 2700 Einwohnern. Moment, so klein und eine Stadt? Ja, denn im Jahr<a href=\"https:\/\/kulturweit.blog\/karilenke\/files\/2017\/11\/IMG_4338.jpg\"><img loading=\"lazy\" decoding=\"async\" class=\"alignright wp-image-105 size-medium\" src=\"https:\/\/kulturweit.blog\/karilenke\/files\/2017\/11\/IMG_4338-300x200.jpg\" alt=\"\" width=\"300\" height=\"200\" srcset=\"https:\/\/kulturweit.blog\/karilenke\/files\/2017\/11\/IMG_4338-300x200.jpg 300w, https:\/\/kulturweit.blog\/karilenke\/files\/2017\/11\/IMG_4338-150x100.jpg 150w, https:\/\/kulturweit.blog\/karilenke\/files\/2017\/11\/IMG_4338-768x512.jpg 768w, https:\/\/kulturweit.blog\/karilenke\/files\/2017\/11\/IMG_4338.jpg 1024w\" sizes=\"(max-width: 300px) 100vw, 300px\" \/><\/a><a href=\"https:\/\/kulturweit.blog\/karilenke\/files\/2017\/11\/IMG_4323.jpg\"><img loading=\"lazy\" decoding=\"async\" class=\"alignright wp-image-101 size-medium\" src=\"https:\/\/kulturweit.blog\/karilenke\/files\/2017\/11\/IMG_4323-300x450.jpg\" alt=\"\" width=\"300\" height=\"450\" srcset=\"https:\/\/kulturweit.blog\/karilenke\/files\/2017\/11\/IMG_4323-300x450.jpg 300w, https:\/\/kulturweit.blog\/karilenke\/files\/2017\/11\/IMG_4323-100x150.jpg 100w, https:\/\/kulturweit.blog\/karilenke\/files\/2017\/11\/IMG_4323.jpg 683w\" sizes=\"(max-width: 300px) 100vw, 300px\" \/><\/a> 2013 wurde ihr der Titel &#8222;Stadt&#8220; verliehen, da die Infrastruktur hier besonders gut ist. So gibt es Restaurants, ein Hotel, einen Kindergarten und eine Schule, einen eigenen Fernsehsender, Sportvereine, Denkm\u00e4ler, eine Bowlingbahn, zwei Superm\u00e4rkte, verschiedene kleine Gesch\u00e4fte (mein pers\u00f6nliches Lieblingsgesch\u00e4ft ist der Schreibwarenladen, in dem ich immer finde, was ich suche und dessen Besitzer deutsch spricht) ein Industriegebiet, gute Busverbindungen, einen Arzt und eine Apotheke, eine Kirche und einen Friedhof und sogar ein kleines Schwimmbad mit Wellnessbereich. Bestimmt habe ich noch einiges vergessen zu erw\u00e4hnen, was mir entweder entfallen ist oder ich es noch nicht kennengelernt habe, aber ich denke, diese Ansammlung von M\u00f6glichkeiten der Freizeitgestaltung und Indikatoren der Lebensqualit\u00e4t hier gibt einen guten \u00dcberblick, wie sich der kleine Ort entwickelt hat. (Bei Wikipedia l\u00e4sst sich \u00fcbrigens auch eine sch\u00f6ne Auflistung finden, wie diese Entwicklung \u00fcber die Jahre hinweg erfolgte.)<\/p>\n","protected":false},"excerpt":{"rendered":"<p>Uj&#8230; &#8211; was? Oft werde ich gefragt, wo ich denn eigentlich so herzlich in Ungarn aufgenommen wurde. Der Einfachheit halber sage ich meist, dass ich ca. 40 km von Budapest entfernt wohne, was zun\u00e4chst aber nur die geografische Lage beschreibt. Nat\u00fcrlich ist das nicht falsch und wenn ich ehrlich bin, kannte auch ich vorher nicht [&hellip;]<\/p>\n","protected":false},"author":2265,"featured_media":0,"parent":0,"menu_order":0,"comment_status":"closed","ping_status":"closed","template":"","meta":{"footnotes":""},"class_list":["post-257","page","type-page","status-publish","hentry"],"amp_enabled":true,"_links":{"self":[{"href":"https:\/\/kulturweit.blog\/karilenke\/wp-json\/wp\/v2\/pages\/257"}],"collection":[{"href":"https:\/\/kulturweit.blog\/karilenke\/wp-json\/wp\/v2\/pages"}],"about":[{"href":"https:\/\/kulturweit.blog\/karilenke\/wp-json\/wp\/v2\/types\/page"}],"author":[{"embeddable":true,"href":"https:\/\/kulturweit.blog\/karilenke\/wp-json\/wp\/v2\/users\/2265"}],"replies":[{"embeddable":true,"href":"https:\/\/kulturweit.blog\/karilenke\/wp-json\/wp\/v2\/comments?post=257"}],"version-history":[{"count":1,"href":"https:\/\/kulturweit.blog\/karilenke\/wp-json\/wp\/v2\/pages\/257\/revisions"}],"predecessor-version":[{"id":258,"href":"https:\/\/kulturweit.blog\/karilenke\/wp-json\/wp\/v2\/pages\/257\/revisions\/258"}],"wp:attachment":[{"href":"https:\/\/kulturweit.blog\/karilenke\/wp-json\/wp\/v2\/media?parent=257"}],"curies":[{"name":"wp","href":"https:\/\/api.w.org\/{rel}","templated":true}]}}