{"id":254,"date":"2018-03-04T14:27:08","date_gmt":"2018-03-04T13:27:08","guid":{"rendered":"https:\/\/kulturweit.blog\/karilenke\/?page_id=254"},"modified":"2018-03-04T14:40:49","modified_gmt":"2018-03-04T13:40:49","slug":"deutsche-minderheit","status":"publish","type":"page","link":"https:\/\/kulturweit.blog\/karilenke\/ujhartyan-2\/deutsche-minderheit\/","title":{"rendered":"Deutsche Minderheit"},"content":{"rendered":"<p><strong>Deutsche Minderheit<\/strong><\/p>\n<p>(ein Versuch der vereinfachten Erkl\u00e4rung, der keine Garantie auf Vollst\u00e4ndigkeit oder Korrektheit aller Erz\u00e4hlungen aufweist)<\/p>\n<p><a href=\"https:\/\/kulturweit.blog\/karilenke\/files\/2017\/11\/IMG_4328.jpg\"><img loading=\"lazy\" decoding=\"async\" class=\"alignleft size-medium wp-image-104\" src=\"https:\/\/kulturweit.blog\/karilenke\/files\/2017\/11\/IMG_4328-300x200.jpg\" alt=\"\" width=\"300\" height=\"200\" srcset=\"https:\/\/kulturweit.blog\/karilenke\/files\/2017\/11\/IMG_4328-300x200.jpg 300w, https:\/\/kulturweit.blog\/karilenke\/files\/2017\/11\/IMG_4328-150x100.jpg 150w, https:\/\/kulturweit.blog\/karilenke\/files\/2017\/11\/IMG_4328-768x512.jpg 768w, https:\/\/kulturweit.blog\/karilenke\/files\/2017\/11\/IMG_4328.jpg 1024w\" sizes=\"(max-width: 300px) 100vw, 300px\" \/><\/a>Hartian geh\u00f6rt zur Ungarndeutschen Minderheit, weshalb die Deutsche Selbstverwaltung, die auch vom deutschen Innenministerium gef\u00f6rdert wird, eine gro\u00dfe Rolle in der Politik Hartians spielt. Sie ist zum Beispiel Tr\u00e4ger der Grundschule und des Kindergartens, die also nicht staatlich sind, sondern besonders, auch von der Bundesrepublik Deutschland, gef\u00f6rdert werden. Folglich wird besonders in der Bildung ein Schwerpunkt auf die Entwicklung der deutschen Sprache und der ungarndeutschen bzw. schw\u00e4bischen Kultur gelegt. Zur Sensibilisierung f\u00fcr die Kultur finden viele Feste und Kulturprogramme f\u00fcr die Einwohner Hartians und interessierte G\u00e4ste von au\u00dferhalb statt, die mein Leben hier sehr abwechslungsreich machen. Diese sind ungarische, ungarndeutsche oder kirchliche Feiertage. Zus\u00e4tzlich dazu gibt es viele ungarndeutsche ortsans\u00e4ssige Vereine, die sich zum Beispiel auch in der Begegnungsst\u00e4tte Bagolyf\u00e9szek, meinem Zuhause auf Zeit, treffen und f\u00fcr Abwechslung (teils leider auch viel L\u00e4rm) an den Abenden und Wochenenden sorgen.<br \/>\nDiese Minderheit kam ungef\u00e4hr vor 300 Jahren nach Ungarn, dass sich damals noch nicht lange von der zerst\u00f6rerischen T\u00fcrkenherrschaft befreit hatte. Da besonders kleine Siedlungen unter dieser Herrschaft gelitten hatten, rief Graf Grassalkovich, der neue Herrscher der Region, Deutsche auf, nach Ungarn zu kommen. Diese waren bereit, ihre Heimat zu verlassen, da es f\u00fcr viele aufgrund des &#8222;deutschen Flickenteppichs&#8220;, der vielen Kriege und besonders der strikten Erbfolge wenig Hoffnung auf ein gutes Leben zu Hause gab. So nahmen sie den beschwerlichen Weg mit der Ulmer Schachtel auf der Donau auf sich und siedelten in der N\u00e4he der Donau in Ungarn an. Auch hier war das Leben zun\u00e4chst nicht einfach, da es landschaftliche, klimatische und kulturelle Unterschiede gab und die Reisenden oftmals noch sehr jung waren. Sie wurden aber dankend aufgenommen, da sie (auch damals schon) mit dem Klischee des Flei\u00df und Arbeitseifers behaftet waren. Trotz einiger Probleme aber lebten sie sich erfolgreich ein und blieben in z.B. \u00dajharty\u00e1n.<br \/>\nSchon im 19. Jahrhundert begann eine Magyarisierungspolitik, bei der die deutsche Sprache allm\u00e4hlich durch die ungarische ersetzt wurde, da das deutsche B\u00fcrgertum sich anpassen wollte.<br \/>\nNach dem zweiten Weltkrieg, zu Zeiten der Sowjetunion, kam es nicht selten dazu, dass die Ungarndeutschen in Arbeitslager verschleppt wurden. Auch weit dar\u00fcber hinaus bis in die 1970er-Jahre wurden sie h\u00e4ufig diskriminiert oder angefeindet. So kam es dazu, dass sie mehr und mehr ihre Kultur und vor allem die Sprache als Selbstschutz aufgaben. Da Deutsch auch in Schulen nicht unterrichtet wurden durfte, wuchs eine Generation auf, die kaum Deutsch spricht.<br \/>\nAls diese schwere Zeit \u00fcberwunden war allerdings, begann sich die Minderheit in Selbstverwaltungen zu organisieren und setzt sich seitdem f\u00fcr ihre Rechte und die Bewahrung sowie die aktive Gestaltung ihrer Kultur und Sprache ein.<\/p>\n","protected":false},"excerpt":{"rendered":"<p>Deutsche Minderheit (ein Versuch der vereinfachten Erkl\u00e4rung, der keine Garantie auf Vollst\u00e4ndigkeit oder Korrektheit aller Erz\u00e4hlungen aufweist) Hartian geh\u00f6rt zur Ungarndeutschen Minderheit, weshalb die Deutsche Selbstverwaltung, die auch vom deutschen Innenministerium gef\u00f6rdert wird, eine gro\u00dfe Rolle in der Politik Hartians spielt. Sie ist zum Beispiel Tr\u00e4ger der Grundschule und des Kindergartens, die also nicht staatlich [&hellip;]<\/p>\n","protected":false},"author":2265,"featured_media":0,"parent":257,"menu_order":0,"comment_status":"closed","ping_status":"closed","template":"","meta":{"footnotes":""},"class_list":["post-254","page","type-page","status-publish","hentry"],"amp_enabled":true,"_links":{"self":[{"href":"https:\/\/kulturweit.blog\/karilenke\/wp-json\/wp\/v2\/pages\/254"}],"collection":[{"href":"https:\/\/kulturweit.blog\/karilenke\/wp-json\/wp\/v2\/pages"}],"about":[{"href":"https:\/\/kulturweit.blog\/karilenke\/wp-json\/wp\/v2\/types\/page"}],"author":[{"embeddable":true,"href":"https:\/\/kulturweit.blog\/karilenke\/wp-json\/wp\/v2\/users\/2265"}],"replies":[{"embeddable":true,"href":"https:\/\/kulturweit.blog\/karilenke\/wp-json\/wp\/v2\/comments?post=254"}],"version-history":[{"count":1,"href":"https:\/\/kulturweit.blog\/karilenke\/wp-json\/wp\/v2\/pages\/254\/revisions"}],"predecessor-version":[{"id":255,"href":"https:\/\/kulturweit.blog\/karilenke\/wp-json\/wp\/v2\/pages\/254\/revisions\/255"}],"up":[{"embeddable":true,"href":"https:\/\/kulturweit.blog\/karilenke\/wp-json\/wp\/v2\/pages\/257"}],"wp:attachment":[{"href":"https:\/\/kulturweit.blog\/karilenke\/wp-json\/wp\/v2\/media?parent=254"}],"curies":[{"name":"wp","href":"https:\/\/api.w.org\/{rel}","templated":true}]}}