{"id":62,"date":"2012-09-01T16:58:02","date_gmt":"2012-09-01T13:58:02","guid":{"rendered":"https:\/\/kulturweit.blog\/kaninchendraht\/?page_id=62"},"modified":"2013-02-07T14:41:52","modified_gmt":"2013-02-07T12:41:52","slug":"about","status":"publish","type":"page","link":"https:\/\/kulturweit.blog\/kaninchendraht\/about\/","title":{"rendered":"About"},"content":{"rendered":"<p><strong>\u043f\u0440\u0438\u0432\u0435\u0442!<\/strong><\/p>\n<p><em>Willkommen bei meinem Russlandblog!<\/em><\/p>\n<p><a href=\"https:\/\/kulturweit.blog\/kaninchendraht\/files\/2012\/09\/der-tanzende-Wald-11.jpg\"><img loading=\"lazy\" decoding=\"async\" class=\"alignright size-medium wp-image-388\" alt=\"der tanzende Wald (11)\" src=\"https:\/\/kulturweit.blog\/kaninchendraht\/files\/2012\/09\/der-tanzende-Wald-11-300x225.jpg\" width=\"254\" height=\"190\" srcset=\"https:\/\/kulturweit.blog\/kaninchendraht\/files\/2012\/09\/der-tanzende-Wald-11-300x225.jpg 300w, https:\/\/kulturweit.blog\/kaninchendraht\/files\/2012\/09\/der-tanzende-Wald-11-160x120.jpg 160w, https:\/\/kulturweit.blog\/kaninchendraht\/files\/2012\/09\/der-tanzende-Wald-11.jpg 1024w\" sizes=\"(max-width: 254px) 100vw, 254px\" \/><\/a><\/p>\n<p>Zun\u00e4chst einmal ein paar Infos \u00fcber mich:<br \/>\nIch bin Maren, 18 Jahre alt und habe mich f\u00fcr einen Freiwilligendienst entschieden, weil ich einfach keine Ahnung habe, was ich studier-technisch unternehmen will &#8211; daher sollte es f\u00fcr mich erst einmal ins Ausland gehen.<br \/>\nWohin? Keine Pr\u00e4ferenzen. Dachte ich.<br \/>\nIm Vorstellungsgespr\u00e4ch wurde ich dann auch direkt nach Russland gefragt. &#8222;Klar, warum nicht? Mein Freund war schon einmal dort und erz\u00e4hlte mir sehr begeistert von der Gastfreundlichkeit der Menschen dort &#8211; also, klar Russland ist auch okay.&#8220;<br \/>\nAls ich dann nach viel hin und her das Platzierungsangebot f\u00fcr Kaliningrad angenommen hatte, kamen aber gleich die ersten Zweifel&#8230;<br \/>\nRussland&#8230;das ist so&#8230;Putin&#8230;und kalt&#8230;und alle gucken dort b\u00f6se.<br \/>\nDie Reaktionen, wenn ich von meinem bevorstehenden Freiwilligendienst berichtete, munterten da auch nicht wirklich auf:<br \/>\n<img decoding=\"async\" alt=\"\" src=\"image\/png;base64,iVBORw0KGgoAAAANSUhEUgAAAUkAAAAWCAIAAADCR\/lpAAAHAUlEQVR4nO1a3VMTVxT3H\/IpD33rTNu3zvSh05k+rFM7dqzYmY6jjtZR6lqlHzpGB6NA\/WTRivgBQhCwhq81IARGgiQCKZAFzVcDBPIFJiG7fSDZvV+72Q0gTnp\/w0PuzbnnnHvO\/d1zdsMOiYKCohSxY7sdoKCgkKKhce\/grVHrsaGGfYN39zjq9440HfL0VC4IA2J2rTidlNsUFNsMn6vN1X7a03Mu6L6\/NNcTCwws++xhj3Wm3+Js\/mlmgMu8ixehlnKbgmI74XO1T\/ZW+l0P4sG+dPSVuDIprU6Jq55M3J0MO+an2ia6zwvDDalkxKjmD5LbAscwnPA+F1IYBTHUBeLPs6Z1kISM5u595nrLbEX8r0esbMD9MLU0Eg2+CAu2ePiFtOJKLQ2HhWcLcz3ZhDsyaxtpLg96+PSqsepdiNtyOkwsX1CZwDEmBToWqOvZILcVt\/N+6JnBAcgoHgkcAy5AhrA7+sKBbBgeChwjGwc\/o5ZkAwLHkOmzmTDMbcDFYu4FTHJT+KZTiSHfiMlSSZyrs3rs6W+JEC+uOAfbzfcqv3d2V0krTv\/k43uVe603DktJZzb5aqLHPGazxOZn9e5LkiRddVv97GpJ8mzx7N4Mbudt54OqZwZTBmyBZ2W+6OM2vBywpuU3aWiQ2xsJvAEY5ifPQsHEXCyNum2Q27Zr+9+O\/pVe6pOSjkdVZSd27WyvOyIlHZMD10\/s2nn+wCdSckhKOOanmvvuHZ2fGzPktRFuCxzDcByr2VZB+WM4AY4L8Bnpz6ChwDEMxwNFTyEV0QEBF1WQ98PYDIGyMml0cVudYoq36zbhbodhWWjICUa4jX6P2spJcvlplpcjn0+WxreIRTwXcn6JdgkfCymE9gCvV7RgAkgeSOUml3FtJeRzRfaHY00mE8sb5Pajs18uzbaKsedS3N5x+7D50Ke9j05Kib6ZlzfNBz+9dvorKW6X4vbU4nPbzf2B6WFse1owyG0TUB3IlU5pu5Sji3NbWc5znIAO8TKmnDzcAe1mD+eYnhkiY4HbqiC3VZsduMKClxa0YXBYqOLJWtGkkGyBDTvPmpB4an+LWsx9i+VaxW5eP\/l5QeV0AUcDU8VwAlEAUQsEmWFkl6HCQ1JCPldkf6BLg5gscuLu\/PJ53NcsxbrEWJfHUW1vOeUduS7FuxeFh\/bmU8NP\/xCjnVKsS4x1t9d85\/M48LBpwHDdFuRJlS4WfbwswG1JwoeocjQTkAzIInQheDz1z8C7hiXzxREBth4+IooM5CFyWtX2r5PbpIKH21JLIloMC6Ub+RbcnR67Ko0AZg7ZO6AqJ0MSIOoVOIblBW6d3PlVGkrI50rdH2XSALdr2S+iQr243L4abMosWKVoB\/gnRtoS\/gfickc20mq9sufN5BCmQAubzm2sMySvUvihtATyEEgH1BIVvCbIzJGhrxlHdo0LF1G35SFkkBhZfKi7boMvBdRsbQW3EaoUtEuMu+rFDQLjNlEAxrpzOVZDA7ibQJQQz5WGP0gotD4ruF3BhNw1a4uNXse5kLsqFbq\/ttgoRpqyi43pfx9EvXVjtp+zi42JubqWqrK3\/4xgCrSwJdyG2K1VV9EbPDeUj4gJzIB6+lW5jZOz4AxhM4ps0c\/bYAwJdWazuA33h0Rb76duFyhuurmt8daNUHJVwLMMxwOlgOV5FujTVZQY9UfZmQFuP64+7u6uWA1w0\/1neu\/uHbYe9I+al4Wr4QmLq\/O4rXb3aMfRtfm73sGzT2vLg7MT2htFsEXcBlgL0FcuKwLH5hbzrInlkeG6ch6\/KFTDDVwjKmW4CIA02eh7cvjWIz5Vgip0HFjcGMBoDVtbwG3sEi5kV+3dJckcKJr7rQF2lSCAB4dhIIVM\/rxpKSGfK1V\/cLs64Br4u+nyD2H3xZT\/ujB4pqtu952Kz\/48+tGtkx8\/qfn6deexlP9GJnCttXrf0LP6WCRsSLmR37cNcRs4ZHIjw3LA7Qm25MhQuU3XGx+W1ajbwHJZMD+7gZ4c3f5Gf9+Gl2NP6fIk0vsxxt6TA14TnnVykpvFbXxvhN4VtpuPJ\/kuJJsDLIHXhCKDCZCiA50LQjRISsjnSsUf3JSOxKXfrT5rsAy2HI9MnEv7LKtzlri3MjpdGZu5lJy1pHyXU77K0Y5jbbUV8wEhm80SNqeOD\/L\/0igo\/jeIRsK9j69arx5wth+JjP+a8ZnF0IVswJyYOTtlL2+pKXtSWxF6M7WWSRvVTLlNQbHNWAi9fdlr7bjze+OVHxsu7qk3f1N\/4duHl8pab5Xbn9z2C561TKYItZTbFBTbj\/hy5M30+PjL\/lcD3aP9ttEXne7h595xZ2Q+KIpicToptykoShOU2xQUpQnKbQqK0gTlNgVFaYJym4KiNPEfjUhHJOjzyakAAAAASUVORK5CYII=\" \/><\/p>\n<p><em>&gt;&gt;Waaaas? Nicht dein Ernst! Doch nicht Russland? Was willst du denn da?&lt;&lt;<\/em><\/p>\n<p><em>&#8222;Hast du das jetzt entschieden? Wenn nicht, dann mach das nicht! Du kannst so viel sinnvolleres machen! Und vorallem nicht Russland!&#8220;<\/em><\/p>\n<p>&#8230;und wer nach Kaliningrad gehen will, sollte auch nicht allzu viel Hoffnung in den Reisef\u00fchrer setzen &#8211; der motiviert n\u00e4mlich tendenziell auch eher weniger.<\/p>\n<p>Nun gut, w\u00e4hrend ich das hier schreibe, bin ich schon den vierten Tag in Kaliningrad und m\u00f6chte auch mal endlich, mit den &#8222;richtigen&#8220; Berichten beginnen.<\/p>\n<p><strong>Daher noch kurz zum Blogtitel<\/strong>.<br \/>\nNach all den negativen Reaktionen fand sich doch eine nette Person, die mir unbedingt dazu riet, das Angebot anzunehmen. Einmalige Chance &#8211; und ganz ehrlich, wenn es bl\u00f6d wird &#8211; es sind nur 6 Monate. Er schrieb immer von Kaninchendraht, Kaliningrad k\u00f6nne sich doch eh keiner merken. Und weil ich mir nicht sicher bin, ob ich ohne diese motivierenden Nachrichten hier w\u00e4re, hei\u00dft mein Blog Kaninchendraht &#8211; und so h\u00f6rt sich das gro\u00dfe, b\u00f6se Russland auch gleich viel freundlicher an.<br \/>\nIst es (bisher) auch. \ud83d\ude42<\/p>\n<p><a href=\"https:\/\/kulturweit.blog\/kaninchendraht\/files\/2012\/07\/2_Ommnomm-on-tour.jpg\"><img loading=\"lazy\" decoding=\"async\" alt=\"\" src=\"https:\/\/kulturweit.blog\/kaninchendraht\/files\/2012\/07\/2_Ommnomm-on-tour-179x300.jpg\" width=\"179\" height=\"300\" \/><\/a><\/p>\n","protected":false},"excerpt":{"rendered":"<p>\u043f\u0440\u0438\u0432\u0435\u0442! Willkommen bei meinem Russlandblog! Zun\u00e4chst einmal ein paar Infos \u00fcber mich: Ich bin Maren, 18 Jahre alt und habe mich f\u00fcr einen Freiwilligendienst entschieden, weil ich einfach keine Ahnung habe, was ich studier-technisch unternehmen will &#8211; daher sollte es f\u00fcr mich erst einmal ins Ausland gehen. Wohin? Keine Pr\u00e4ferenzen. Dachte ich. Im Vorstellungsgespr\u00e4ch wurde &hellip; <span class=\"more-link\"><a href=\"https:\/\/kulturweit.blog\/kaninchendraht\/about\/\">Mehr lesen &raquo;<\/a><\/span><\/p>\n","protected":false},"author":908,"featured_media":66,"parent":0,"menu_order":0,"comment_status":"open","ping_status":"open","template":"","meta":{"footnotes":""},"class_list":["post-62","page","type-page","status-publish","has-post-thumbnail","hentry"],"amp_enabled":true,"_links":{"self":[{"href":"https:\/\/kulturweit.blog\/kaninchendraht\/wp-json\/wp\/v2\/pages\/62"}],"collection":[{"href":"https:\/\/kulturweit.blog\/kaninchendraht\/wp-json\/wp\/v2\/pages"}],"about":[{"href":"https:\/\/kulturweit.blog\/kaninchendraht\/wp-json\/wp\/v2\/types\/page"}],"author":[{"embeddable":true,"href":"https:\/\/kulturweit.blog\/kaninchendraht\/wp-json\/wp\/v2\/users\/908"}],"replies":[{"embeddable":true,"href":"https:\/\/kulturweit.blog\/kaninchendraht\/wp-json\/wp\/v2\/comments?post=62"}],"version-history":[{"count":0,"href":"https:\/\/kulturweit.blog\/kaninchendraht\/wp-json\/wp\/v2\/pages\/62\/revisions"}],"wp:featuredmedia":[{"embeddable":true,"href":"https:\/\/kulturweit.blog\/kaninchendraht\/wp-json\/wp\/v2\/media\/66"}],"wp:attachment":[{"href":"https:\/\/kulturweit.blog\/kaninchendraht\/wp-json\/wp\/v2\/media?parent=62"}],"curies":[{"name":"wp","href":"https:\/\/api.w.org\/{rel}","templated":true}]}}