{"id":258,"date":"2011-11-16T23:14:16","date_gmt":"2011-11-16T15:14:16","guid":{"rendered":"https:\/\/kulturweit.blog\/johannasmongolei\/?page_id=258"},"modified":"2012-01-20T18:01:38","modified_gmt":"2012-01-20T10:01:38","slug":"uber-mich","status":"publish","type":"page","link":"https:\/\/kulturweit.blog\/johannasmongolei\/uber-mich\/","title":{"rendered":"\u00dcber mich"},"content":{"rendered":"<p>In dem Beitrag &#8222;<a title=\"Hallo Welt!\" href=\"https:\/\/kulturweit.blog\/johannasmongolei\/2011\/06\/08\/hallo-welt\/\" target=\"_blank\">Hallo Welt<\/a>!&#8220; habe ich schon einmal meine Beweggr\u00fcnde f\u00fcr mein FSJ mit &gt;&gt;kulturweit&lt;&lt; dargelegt. Nun hat eine elfte Klasse im Rahmen ihres Deutschunterrichts mit mir ein Interview gef\u00fchrt:<\/p>\n<ol>\n<li>Woher kommen Sie?<\/li>\n<\/ol>\n<p><em>Ich komme aus dem Norden Deutschlands. Mein Dorf hei\u00dft Neukirchen.<\/em><\/p>\n<ol start=\"2\">\n<li>Wie alt sind Sie?<\/li>\n<\/ol>\n<p><em>Ich bin 19 Jahre alt.<\/em><\/p>\n<ol start=\"3\">\n<li>Was sind Ihre Hobbys?<\/li>\n<\/ol>\n<p><em>Meine Hobbys sind Lesen, Badminton spielen und Freunde treffen.<\/em><\/p>\n<ol start=\"4\">\n<li>Warum sind Sie in die Mongolei gekommen?<\/li>\n<\/ol>\n<p><em>Ich bin hierher gekommen, weil ich hier mein FSJ mache und mich die Mongolei interessiert. <\/em><\/p>\n<ol start=\"5\">\n<li>Gef\u00e4llt Ihnen das mongolische Klima?<\/li>\n<\/ol>\n<p><em>Ja, noch ist es nicht so kalt. Aber ich habe Angst, im Winter sehr zu frieren.<\/em><\/p>\n<ol start=\"6\">\n<li>Wissen Sie etwas \u00fcber die mongolische Kultur?<\/li>\n<\/ol>\n<p><em>Ich habe einiges \u00fcber die Musik, z.B. die Pferdekopfgeige, und nat\u00fcrlich \u00fcber das Essen, so z.B. Buuz, erfahren. Au\u00dferdem habe ich Nudeln gemacht.<\/em><\/p>\n<ol start=\"7\">\n<li>Wohnen Sie allein und wie?<\/li>\n<\/ol>\n<p><em>Ich wohne nicht allein, sondern bei einer mongolischen Familie. Ich habe dort ein Zimmer gemietet.<\/em><\/p>\n<ol start=\"8\">\n<li>Was kaufen Sie ein?<\/li>\n<\/ol>\n<p><em>Ich kaufe z.B. oft Brot, \u00c4pfel, Milch und Joghurt ein.<\/em><\/p>\n<ol start=\"9\">\n<li>Ist die Mongolei anders als Deutschland?<\/li>\n<\/ol>\n<p><em>Die Mongolei ist ganz anders, z.B. der Stra\u00dfenverkehr und Fu\u00dfg\u00e4nger. In Deutschland kann man ohne Angst \u00fcber die Stra\u00dfe laufen, aber in der Mongolei ist das gef\u00e4hrlich.<\/em><\/p>\n<ol start=\"10\">\n<li>Warum machen Sie das FSJ?<\/li>\n<\/ol>\n<p><em>Nachdem ich meinen Schulabschluss gemacht habe, wollte ich etwas ganz anderes machen und nicht gleich studieren. Das FSJ bringt mich mit vielen Leuten in Kontakt, dabei kann ich neues ausprobieren.<\/em><\/p>\n<ol start=\"11\">\n<li>Worauf freuen Sie sich?<\/li>\n<\/ol>\n<p><em>Ich freue mich darauf, viele Leute kennen zu lernen und beim Deutschlernen zu helfen.<\/em><\/p>\n<ol start=\"12\">\n<li>Wo machen Sie das FSJ?<\/li>\n<\/ol>\n<p><em>Ich mache mein FSJ an der Schule 18 in Ulan Bator.<\/em><\/p>\n<ol start=\"13\">\n<li>Was machen Sie im FSJ?<\/li>\n<\/ol>\n<p><em>Ich helfe beim Deutschunterricht und m\u00f6chte ein Beispiel sein, wie ihr euch eine Deutsche vorstellen k\u00f6nnt.<\/em><\/p>\n<ol start=\"14\">\n<li>Wof\u00fcr engagieren Sie sich?<\/li>\n<\/ol>\n<p><em>Ich engagiere mich daf\u00fcr, dass die Sch\u00fcler Deutsch richtig aussprechen und weniger Probleme beim Lernen haben.<\/em><\/p>\n<ol start=\"15\">\n<li>Wor\u00fcber diskutieren Sie?<\/li>\n<\/ol>\n<p><em>Ich diskutiere mit Frau Hahn, Frau Tuul und den Studentinnen \u00fcber die Sch\u00fcler.<\/em><\/p>\n<ol start=\"16\">\n<li>Wof\u00fcr interessieren Sie sich?<\/li>\n<\/ol>\n<p><em>Ich interessiere mich f\u00fcr Sprachen, Unterrichten und deshalb passt das FSJ gut in mein Leben.<\/em><\/p>\n<ol start=\"17\">\n<li>Wobei helfen Sie?<\/li>\n<\/ol>\n<p><em>Ich helfe beim Deutsch lernen, bei der Aussprache und bei der Unterrichtsvorbereitung.<\/em><\/p>\n<ol start=\"18\">\n<li>Um wen k\u00fcmmern Sie sich?<\/li>\n<\/ol>\n<p><em>Ich k\u00fcmmere mich vor allem um die j\u00fcngeren Sch\u00fcler, die Deutsch-AG der Klasse 8 und um die Nachhilfe der Klasse 9.<\/em><\/p>\n<ol start=\"19\">\n<li>Wie viel Gehalt bekommen Sie?<\/li>\n<\/ol>\n<p><em>Ich bekomme kein Gehalt, sondern ein Taschengeld. Pro Monat sind das 150 Euro.<\/em><\/p>\n<ol start=\"20\">\n<li>Sind Sie zufrieden mit dem FSJ?<\/li>\n<\/ol>\n<p><em>Ich bin zufrieden mit meinem FSJ. Es macht mir sehr viel Spa\u00df.<\/em><\/p>\n<ol start=\"21\">\n<li>Wovon tr\u00e4umen Sie?<\/li>\n<\/ol>\n<p><em>Ich tr\u00e4ume im Moment von Ferien und von einer Reise aufs Land.<\/em><\/p>\n<p>Auch das Deutsche Radio UB hat Sebastian und mich interviewt. H\u00f6rt selbst:<\/p>\n<p><iframe loading=\"lazy\" title=\"Interview Deutsches Radio Ulaanbaatar\" width=\"650\" height=\"488\" src=\"https:\/\/www.youtube.com\/embed\/B2GlrLpiBK0?feature=oembed\" frameborder=\"0\" allow=\"accelerometer; autoplay; clipboard-write; encrypted-media; gyroscope; picture-in-picture; web-share\" referrerpolicy=\"strict-origin-when-cross-origin\" allowfullscreen><\/iframe><\/p>\n","protected":false},"excerpt":{"rendered":"<p>In dem Beitrag &#8222;Hallo Welt!&#8220; habe ich schon einmal meine Beweggr\u00fcnde f\u00fcr mein FSJ mit&hellip;<\/p>\n","protected":false},"author":631,"featured_media":0,"parent":0,"menu_order":9,"comment_status":"open","ping_status":"open","template":"","meta":{"footnotes":""},"class_list":["post-258","page","type-page","status-publish","hentry"],"amp_enabled":true,"_links":{"self":[{"href":"https:\/\/kulturweit.blog\/johannasmongolei\/wp-json\/wp\/v2\/pages\/258"}],"collection":[{"href":"https:\/\/kulturweit.blog\/johannasmongolei\/wp-json\/wp\/v2\/pages"}],"about":[{"href":"https:\/\/kulturweit.blog\/johannasmongolei\/wp-json\/wp\/v2\/types\/page"}],"author":[{"embeddable":true,"href":"https:\/\/kulturweit.blog\/johannasmongolei\/wp-json\/wp\/v2\/users\/631"}],"replies":[{"embeddable":true,"href":"https:\/\/kulturweit.blog\/johannasmongolei\/wp-json\/wp\/v2\/comments?post=258"}],"version-history":[{"count":1,"href":"https:\/\/kulturweit.blog\/johannasmongolei\/wp-json\/wp\/v2\/pages\/258\/revisions"}],"predecessor-version":[{"id":272,"href":"https:\/\/kulturweit.blog\/johannasmongolei\/wp-json\/wp\/v2\/pages\/258\/revisions\/272"}],"wp:attachment":[{"href":"https:\/\/kulturweit.blog\/johannasmongolei\/wp-json\/wp\/v2\/media?parent=258"}],"curies":[{"name":"wp","href":"https:\/\/api.w.org\/{rel}","templated":true}]}}