{"id":27,"date":"2015-08-16T00:28:38","date_gmt":"2015-08-15T22:28:38","guid":{"rendered":"https:\/\/kulturweit.blog\/jessysblog\/?page_id=27"},"modified":"2015-08-24T16:32:59","modified_gmt":"2015-08-24T14:32:59","slug":"sweet-about-me","status":"publish","type":"page","link":"https:\/\/kulturweit.blog\/jessysblog\/sweet-about-me\/","title":{"rendered":"Sweet about me"},"content":{"rendered":"<p><em>&#8230;there&#8217;s nothing sweet about me &#8211; wohoo-<\/em><\/p>\n<p><a href=\"https:\/\/kulturweit.blog\/jessysblog\/files\/2015\/08\/Jessica_MG_9093-e1439717959219.jpg\"><img loading=\"lazy\" decoding=\"async\" class=\"alignnone wp-image-31\" src=\"https:\/\/kulturweit.blog\/jessysblog\/files\/2015\/08\/Jessica_MG_9093-e1439717959219-300x343.jpg\" alt=\"Jessica_MG_9093\" width=\"229\" height=\"262\" srcset=\"https:\/\/kulturweit.blog\/jessysblog\/files\/2015\/08\/Jessica_MG_9093-e1439717959219-300x343.jpg 300w, https:\/\/kulturweit.blog\/jessysblog\/files\/2015\/08\/Jessica_MG_9093-e1439717959219.jpg 663w\" sizes=\"(max-width: 229px) 100vw, 229px\" \/><\/a><\/p>\n<p>Hallo ihr, konnte mal wieder nicht einschlafen und hab gedacht ich schreib hier mal ein bisschen was \u00fcber mich.<\/p>\n<p>Ich hei\u00dfe Jessica, ich bin 18 Jahre alt und komme aus Brackenheim ( Kleinstadt nahe Stuttgart).<\/p>\n<p>Nachdem ich mein Abi in der Tasche hab, ziehe ich aus, um die Welt kennen zu lernen. Erster Stopp: die Mongolei. Ein Land, mit dem ich vorher gar nicht gerechnet hab. Das f\u00fcr mich bis zum 8. April ein unbeschriebenes Blatt gewesen ist. Im Kopf der meisten Anderen ebenfalls. Und deshalb umso interessanter f\u00fcr mich- ein Land mit viele Facetten, in welches ich sicherlich sonst nie gekommen w\u00e4re. Nun ist es also bald so weit, der Tag X r\u00fcckt n\u00e4her. Und ich blicke ihm mit gemischten Gef\u00fchlen entgegen.<\/p>\n<p>Einerseits Zweifel, wie (denk ich mal) die meisten anderen Freiwilligen auch. Ich, ganz allein gestellt in einem fremden Land ? Ohne meine Freunde? Soll im Untericht f\u00fcr Deutsch mithelfen -wo ich doch gerade selbst erst aus der Schule drau\u00dfen bin ? Ohne gro\u00df Mongolisch\u00a0 zu sprechen ? Ich muss komplett verr\u00fcckt sein..<\/p>\n<p>..aber da ich ja wei\u00df, dass ich das bin, kanns ja nur klappen. Denn: die Verr\u00fcckten werden \u00fcberleben, Normal ist langweilig, und Das Genie beherrscht das Chaos. Also los.<\/p>\n<p>Auf was ich mich freue: endlich weg von zuhause, selbstst\u00e4ndig werden. Hoffentlich viele tolle Menschen kennenlernen und Erfahrungen sammeln. Eine neue Kultur hautnah erleben. Rundreisen in der Mongolei. Die tolle Natur erfahren. Leben in Ulaanbaatar. Der erste Kamelritt. Und nat\u00fcrlich vieles mehr, allem voran das Vorbereitungsseminar am Werbellinsee, mit dem am 1. September das ganze Abenteuer beginnt.<\/p>\n<p>Um das alles mit euch, in erster Linie nat\u00fcrlich mit meinen Lieben daheim, zu teilen, hab ich diesen Blog hier angelegt. Kleine Warnung vorweg: ich werde nichts besch\u00f6nigen oder verharmlosen, sondern alles so berichten wie ich es erfahren habe. Also v\u00f6llig subjektiv und ohne Anspruch auf Allgemeing\u00fcltigkeit. Und nat\u00fcrlich nicht immer v\u00f6llig ernst gemeint \ud83d\ude09<\/p>\n<p><em>Leuten, die der Sprache der Ironie nicht gewachsen sind, wird vom Konsum dieses Blogs abgeraten! \ud83d\ude00<\/em><\/p>\n","protected":false},"excerpt":{"rendered":"<p>&#8230;there&#8217;s nothing sweet about me &#8211; wohoo- Hallo ihr, konnte mal wieder nicht einschlafen und&hellip;<\/p>\n","protected":false},"author":1668,"featured_media":0,"parent":0,"menu_order":0,"comment_status":"open","ping_status":"open","template":"","meta":{"footnotes":""},"class_list":["post-27","page","type-page","status-publish","hentry"],"amp_enabled":true,"_links":{"self":[{"href":"https:\/\/kulturweit.blog\/jessysblog\/wp-json\/wp\/v2\/pages\/27"}],"collection":[{"href":"https:\/\/kulturweit.blog\/jessysblog\/wp-json\/wp\/v2\/pages"}],"about":[{"href":"https:\/\/kulturweit.blog\/jessysblog\/wp-json\/wp\/v2\/types\/page"}],"author":[{"embeddable":true,"href":"https:\/\/kulturweit.blog\/jessysblog\/wp-json\/wp\/v2\/users\/1668"}],"replies":[{"embeddable":true,"href":"https:\/\/kulturweit.blog\/jessysblog\/wp-json\/wp\/v2\/comments?post=27"}],"version-history":[{"count":3,"href":"https:\/\/kulturweit.blog\/jessysblog\/wp-json\/wp\/v2\/pages\/27\/revisions"}],"predecessor-version":[{"id":34,"href":"https:\/\/kulturweit.blog\/jessysblog\/wp-json\/wp\/v2\/pages\/27\/revisions\/34"}],"wp:attachment":[{"href":"https:\/\/kulturweit.blog\/jessysblog\/wp-json\/wp\/v2\/media?parent=27"}],"curies":[{"name":"wp","href":"https:\/\/api.w.org\/{rel}","templated":true}]}}