{"id":60,"date":"2015-09-11T13:01:12","date_gmt":"2015-09-11T11:01:12","guid":{"rendered":"https:\/\/kulturweit.blog\/janenuruguay\/?page_id=60"},"modified":"2015-12-30T00:37:28","modified_gmt":"2015-12-30T03:37:28","slug":"impressum","status":"publish","type":"page","link":"https:\/\/kulturweit.blog\/janenuruguay\/impressum\/","title":{"rendered":"Single-Story-Hinweis"},"content":{"rendered":"<h1 style=\"text-align: justify\">Hinweis zur Single-Story-Thematik<\/h1>\n<p style=\"text-align: justify\">Dieser Blog ist ein sehr pers\u00f6nlicher Blog, der \u00fcber meine individuellen und subjektiven Erfahrungen w\u00e4hrend meines FSJs in Uruguay berichtet. Niemals kann er f\u00fcr sich in Anspruch nehmen, zu beschreiben, wie Uruguay und seine Bewohner im Allgemeinen beschaffen sein m\u00f6gen. Auch wenn ich mich beim Schreiben der einzelnen Beitr\u00e4ge bem\u00fche, m\u00f6glichst nahe am Einzelfall zu bleiben, kann es sein, dass Bewertungen generalisierend, pauschalisierend und kategorisierend sind. Niemals jedoch kann man das Land Uruguay oder seine Bewohner nur auf die Inhalte meiner Berichte reduzieren, die immer nur f\u00fcr meine ganz individuellen Erfahrungen aussagekr\u00e4ftig sind.<br \/>\nF\u00fcr weitere Informationen siehe auch das <a href=\"https:\/\/www.youtube.com\/watch?v=ODzwb90b5qE\">Video &#8222;The Danger of A Single Story&#8220; auf Youtube<\/a>.<\/p>\n<p style=\"text-align: justify\">Dar\u00fcber hinaus stellt dieser Blog lediglich meine ganz pers\u00f6nliche Meinung da, nicht jedoch die Meinung von &#8222;kulturweit&#8220;, des kulturweit-Blog-Teams, meiner Einsatzstelle oder meiner Einsatzorganisation.<\/p>\n","protected":false},"excerpt":{"rendered":"<p>Hinweis zur Single-Story-Thematik Dieser Blog ist ein sehr pers\u00f6nlicher Blog, der \u00fcber meine individuellen und subjektiven Erfahrungen w\u00e4hrend meines FSJs in Uruguay berichtet. Niemals kann er f\u00fcr sich in Anspruch nehmen, zu beschreiben, wie Uruguay und seine Bewohner im Allgemeinen beschaffen sein m\u00f6gen. Auch wenn ich mich beim Schreiben der einzelnen Beitr\u00e4ge bem\u00fche, m\u00f6glichst nahe&#8230;<\/p>\n","protected":false},"author":1653,"featured_media":0,"parent":0,"menu_order":0,"comment_status":"closed","ping_status":"closed","template":"","meta":{"footnotes":""},"class_list":["post-60","page","type-page","status-publish","hentry"],"_links":{"self":[{"href":"https:\/\/kulturweit.blog\/janenuruguay\/wp-json\/wp\/v2\/pages\/60"}],"collection":[{"href":"https:\/\/kulturweit.blog\/janenuruguay\/wp-json\/wp\/v2\/pages"}],"about":[{"href":"https:\/\/kulturweit.blog\/janenuruguay\/wp-json\/wp\/v2\/types\/page"}],"author":[{"embeddable":true,"href":"https:\/\/kulturweit.blog\/janenuruguay\/wp-json\/wp\/v2\/users\/1653"}],"replies":[{"embeddable":true,"href":"https:\/\/kulturweit.blog\/janenuruguay\/wp-json\/wp\/v2\/comments?post=60"}],"version-history":[{"count":4,"href":"https:\/\/kulturweit.blog\/janenuruguay\/wp-json\/wp\/v2\/pages\/60\/revisions"}],"predecessor-version":[{"id":401,"href":"https:\/\/kulturweit.blog\/janenuruguay\/wp-json\/wp\/v2\/pages\/60\/revisions\/401"}],"wp:attachment":[{"href":"https:\/\/kulturweit.blog\/janenuruguay\/wp-json\/wp\/v2\/media?parent=60"}],"curies":[{"name":"wp","href":"https:\/\/api.w.org\/{rel}","templated":true}]}}