{"id":556,"date":"2020-01-26T21:37:21","date_gmt":"2020-01-26T20:37:21","guid":{"rendered":"https:\/\/kulturweit.blog\/janaintirana\/?page_id=556"},"modified":"2020-01-26T21:37:41","modified_gmt":"2020-01-26T20:37:41","slug":"restaurants-in-tirana","status":"publish","type":"page","link":"https:\/\/kulturweit.blog\/janaintirana\/tiranaguide\/restaurants-in-tirana\/","title":{"rendered":"Restaurants"},"content":{"rendered":"<p>Wenn man in Tirana ist, sollte man mindestens einmal Byrek (30 &#8211; 40 Lek, 25 &#8211; 30ct) gegessen haben, die findet man an jeder Ecke. Au\u00dferdem gibt es Kaffees, also Espressos auch \u00fcberall. Die sollten um die 50 Lek kosten (40ct) und Caf\u00e9s findet man noch \u00f6fter als Byrekl\u00e4den.<\/p>\n<p>Auch ein Eis f\u00fcr 50 Lek (40ct) ist lecker und f\u00fcr den Preis absolut super. Eisl\u00e4den gibts in der Innenstadt relativ viel.<\/p>\n\n\t\t<style type=\"text\/css\">\n\t\t\t#gallery-1 {\n\t\t\t\tmargin: auto;\n\t\t\t}\n\t\t\t#gallery-1 .gallery-item {\n\t\t\t\tfloat: left;\n\t\t\t\tmargin-top: 10px;\n\t\t\t\ttext-align: center;\n\t\t\t\twidth: 33%;\n\t\t\t}\n\t\t\t#gallery-1 img {\n\t\t\t\tborder: 2px solid #cfcfcf;\n\t\t\t}\n\t\t\t#gallery-1 .gallery-caption {\n\t\t\t\tmargin-left: 0;\n\t\t\t}\n\t\t\t\/* see gallery_shortcode() in wp-includes\/media.php *\/\n\t\t<\/style>\n\t\t<div id='gallery-1' class='gallery galleryid-556 gallery-columns-3 gallery-size-thumbnail'><dl class='gallery-item'>\n\t\t\t<dt class='gallery-icon portrait'>\n\t\t\t\t<a href='https:\/\/kulturweit.blog\/janaintirana\/tiranaguide\/unadjustednonraw_thumb_3930\/'><img loading=\"lazy\" decoding=\"async\" width=\"150\" height=\"150\" src=\"https:\/\/kulturweit.blog\/janaintirana\/files\/2019\/11\/UNADJUSTEDNONRAW_thumb_3930-e1582140578117-150x150.jpg\" class=\"attachment-thumbnail size-thumbnail\" alt=\"\" srcset=\"https:\/\/kulturweit.blog\/janaintirana\/files\/2019\/11\/UNADJUSTEDNONRAW_thumb_3930-e1582140578117-150x150.jpg 150w, https:\/\/kulturweit.blog\/janaintirana\/files\/2019\/11\/UNADJUSTEDNONRAW_thumb_3930-e1582140578117-300x300.jpg 300w\" sizes=\"(max-width: 150px) 100vw, 150px\" \/><\/a>\n\t\t\t<\/dt><\/dl><dl class='gallery-item'>\n\t\t\t<dt class='gallery-icon portrait'>\n\t\t\t\t<a href='https:\/\/kulturweit.blog\/janaintirana\/tiranaguide\/unadjustednonraw_thumb_3921\/'><img loading=\"lazy\" decoding=\"async\" width=\"150\" height=\"150\" src=\"https:\/\/kulturweit.blog\/janaintirana\/files\/2019\/11\/UNADJUSTEDNONRAW_thumb_3921-150x150.jpg\" class=\"attachment-thumbnail size-thumbnail\" alt=\"\" srcset=\"https:\/\/kulturweit.blog\/janaintirana\/files\/2019\/11\/UNADJUSTEDNONRAW_thumb_3921-150x150.jpg 150w, https:\/\/kulturweit.blog\/janaintirana\/files\/2019\/11\/UNADJUSTEDNONRAW_thumb_3921-300x300.jpg 300w\" sizes=\"(max-width: 150px) 100vw, 150px\" \/><\/a>\n\t\t\t<\/dt><\/dl>\n\t\t\t<br style='clear: both' \/>\n\t\t<\/div>\n\n<p>&nbsp;<\/p>\n<p>Generell gilt: Essen gehen ist verdammt billig in Albanien, etwas teurer wird es im Blloku, aber auch dort sind die meisten Preise mehr als human.<\/p>\n<h4>Albanisch<\/h4>\n<h5>Zgara &#8211; albanischer Grill<\/h5>\n<p>Zgaras oder einen albanischen Grill findet man oft. Es gibt viele in der Region um den Pazari i ri (eher touristsicher) oder in der Rruga Kavalj\u00ebs (bessere). Man bestellt viele kleine Teller, stellt alles in die Mitte und dann wird geteilt. Oft sind sie auch f\u00fcr Vegetarier geeignet, da die meisten Grills auch Grillk\u00e4se anbieten. Veganer finden Salate und Grillgem\u00fcse.<\/p>\n<div id=\"attachment_408\" style=\"width: 310px\" class=\"wp-caption alignnone\"><a href=\"https:\/\/kulturweit.blog\/janaintirana\/files\/2019\/11\/UNADJUSTEDNONRAW_thumb_38df.jpg\"><img loading=\"lazy\" decoding=\"async\" aria-describedby=\"caption-attachment-408\" class=\"size-medium wp-image-408\" src=\"https:\/\/kulturweit.blog\/janaintirana\/files\/2019\/11\/UNADJUSTEDNONRAW_thumb_38df-300x400.jpg\" alt=\"\" width=\"300\" height=\"400\" srcset=\"https:\/\/kulturweit.blog\/janaintirana\/files\/2019\/11\/UNADJUSTEDNONRAW_thumb_38df-300x400.jpg 300w, https:\/\/kulturweit.blog\/janaintirana\/files\/2019\/11\/UNADJUSTEDNONRAW_thumb_38df.jpg 768w\" sizes=\"(max-width: 300px) 100vw, 300px\" \/><\/a><p id=\"caption-attachment-408\" class=\"wp-caption-text\">Ferg\u00ebs (Gem\u00fcse, Zwiebeln, Knoblauch und Schafsk\u00e4se) im Tek Zgara<\/p><\/div>\n<h5>Mullixhiu<\/h5>\n<p>Neue albanische K\u00fcche. F\u00fcr albanische Verh\u00e4ltnisse sind die Preise teuer, f\u00fcr deutsche Verh\u00e4ltnisse immernoch spottbillig. Ich habe 10 Euro gezahlt f\u00fcr eine Haupt- und Nachspeise und Wasser, dazu gab es kostenlos aufs Haus: einen Willkommensdrink, eine Vorspeise und eine weitere Nachspeise.<\/p>\n<p>Nicht besonders viele Optionen f\u00fcr Vegetarier &#8211; eigentlich nur Nudeln. Ich w\u00fcrde die Nudeln mit Beeren nicht empfehlen, auch wenn sie lecker waren, konnte ich nach der H\u00e4lfte des Tellers einfach nicht mehr weiter essen. Besonders gut dagegen fand ich die kostenlose Kartoffelsuppe mit Brot als Vorspeise und meinen zweiten Nachtisch: qum\u00ebshor, eine Art Milchkuchen.<\/p>\n\n\t\t<style type=\"text\/css\">\n\t\t\t#gallery-2 {\n\t\t\t\tmargin: auto;\n\t\t\t}\n\t\t\t#gallery-2 .gallery-item {\n\t\t\t\tfloat: left;\n\t\t\t\tmargin-top: 10px;\n\t\t\t\ttext-align: center;\n\t\t\t\twidth: 33%;\n\t\t\t}\n\t\t\t#gallery-2 img {\n\t\t\t\tborder: 2px solid #cfcfcf;\n\t\t\t}\n\t\t\t#gallery-2 .gallery-caption {\n\t\t\t\tmargin-left: 0;\n\t\t\t}\n\t\t\t\/* see gallery_shortcode() in wp-includes\/media.php *\/\n\t\t<\/style>\n\t\t<div id='gallery-2' class='gallery galleryid-556 gallery-columns-3 gallery-size-thumbnail'><dl class='gallery-item'>\n\t\t\t<dt class='gallery-icon landscape'>\n\t\t\t\t<a href='https:\/\/kulturweit.blog\/janaintirana\/tiranaguide\/unadjustednonraw_thumb_3d5e\/'><img loading=\"lazy\" decoding=\"async\" width=\"150\" height=\"150\" src=\"https:\/\/kulturweit.blog\/janaintirana\/files\/2019\/11\/UNADJUSTEDNONRAW_thumb_3d5e-150x150.jpg\" class=\"attachment-thumbnail size-thumbnail\" alt=\"\" srcset=\"https:\/\/kulturweit.blog\/janaintirana\/files\/2019\/11\/UNADJUSTEDNONRAW_thumb_3d5e-150x150.jpg 150w, https:\/\/kulturweit.blog\/janaintirana\/files\/2019\/11\/UNADJUSTEDNONRAW_thumb_3d5e-300x300.jpg 300w\" sizes=\"(max-width: 150px) 100vw, 150px\" \/><\/a>\n\t\t\t<\/dt><\/dl><dl class='gallery-item'>\n\t\t\t<dt class='gallery-icon portrait'>\n\t\t\t\t<a href='https:\/\/kulturweit.blog\/janaintirana\/tiranaguide\/unadjustednonraw_thumb_3d5c\/'><img loading=\"lazy\" decoding=\"async\" width=\"150\" height=\"150\" src=\"https:\/\/kulturweit.blog\/janaintirana\/files\/2019\/11\/UNADJUSTEDNONRAW_thumb_3d5c-150x150.jpg\" class=\"attachment-thumbnail size-thumbnail\" alt=\"\" srcset=\"https:\/\/kulturweit.blog\/janaintirana\/files\/2019\/11\/UNADJUSTEDNONRAW_thumb_3d5c-150x150.jpg 150w, https:\/\/kulturweit.blog\/janaintirana\/files\/2019\/11\/UNADJUSTEDNONRAW_thumb_3d5c-300x300.jpg 300w\" sizes=\"(max-width: 150px) 100vw, 150px\" \/><\/a>\n\t\t\t<\/dt><\/dl><dl class='gallery-item'>\n\t\t\t<dt class='gallery-icon landscape'>\n\t\t\t\t<a href='https:\/\/kulturweit.blog\/janaintirana\/tiranaguide\/hibfztq5qyg7vcxgtoboa_thumb_3d5f\/'><img loading=\"lazy\" decoding=\"async\" width=\"150\" height=\"150\" src=\"https:\/\/kulturweit.blog\/janaintirana\/files\/2019\/11\/HiBfZTQ5QyG7VcxgtOBoA_thumb_3d5f-150x150.jpg\" class=\"attachment-thumbnail size-thumbnail\" alt=\"\" srcset=\"https:\/\/kulturweit.blog\/janaintirana\/files\/2019\/11\/HiBfZTQ5QyG7VcxgtOBoA_thumb_3d5f-150x150.jpg 150w, https:\/\/kulturweit.blog\/janaintirana\/files\/2019\/11\/HiBfZTQ5QyG7VcxgtOBoA_thumb_3d5f-300x300.jpg 300w\" sizes=\"(max-width: 150px) 100vw, 150px\" \/><\/a>\n\t\t\t<\/dt><\/dl><br style=\"clear: both\" \/>\n\t\t<\/div>\n\n<h4>Sushi: Salt<\/h4>\n<p>Das teuerste Restaurant was ich Tirana kenne serviert super leckeres Sushi und Salate. Stylisch eingerichtet. Preis f\u00fcr ein Essen mit Wasser etwa 2000 Lek (16 Euro).<\/p>\n<h4>Meeresfr\u00fcchte<\/h4>\n<p>Findet man beim Pazari i ri.<\/p>\n<p><a href=\"https:\/\/kulturweit.blog\/janaintirana\/files\/2019\/11\/UNADJUSTEDNONRAW_thumb_3be1.jpg\"><img loading=\"lazy\" decoding=\"async\" class=\"alignnone size-medium wp-image-417\" src=\"https:\/\/kulturweit.blog\/janaintirana\/files\/2019\/11\/UNADJUSTEDNONRAW_thumb_3be1-300x150.jpg\" alt=\"\" width=\"300\" height=\"150\" srcset=\"https:\/\/kulturweit.blog\/janaintirana\/files\/2019\/11\/UNADJUSTEDNONRAW_thumb_3be1-300x150.jpg 300w, https:\/\/kulturweit.blog\/janaintirana\/files\/2019\/11\/UNADJUSTEDNONRAW_thumb_3be1-768x384.jpg 768w, https:\/\/kulturweit.blog\/janaintirana\/files\/2019\/11\/UNADJUSTEDNONRAW_thumb_3be1.jpg 1024w\" sizes=\"(max-width: 300px) 100vw, 300px\" \/><\/a><\/p>\n<h4>Italienisch<\/h4>\n<h5>Pizzarte<\/h5>\n<p><a href=\"https:\/\/kulturweit.blog\/janaintirana\/files\/2019\/11\/UNADJUSTEDNONRAW_thumb_3d14.jpg\"><img loading=\"lazy\" decoding=\"async\" class=\"alignnone size-medium wp-image-407\" src=\"https:\/\/kulturweit.blog\/janaintirana\/files\/2019\/11\/UNADJUSTEDNONRAW_thumb_3d14-300x225.jpg\" alt=\"\" width=\"300\" height=\"225\" srcset=\"https:\/\/kulturweit.blog\/janaintirana\/files\/2019\/11\/UNADJUSTEDNONRAW_thumb_3d14-300x225.jpg 300w, https:\/\/kulturweit.blog\/janaintirana\/files\/2019\/11\/UNADJUSTEDNONRAW_thumb_3d14-768x576.jpg 768w, https:\/\/kulturweit.blog\/janaintirana\/files\/2019\/11\/UNADJUSTEDNONRAW_thumb_3d14.jpg 1024w, https:\/\/kulturweit.blog\/janaintirana\/files\/2019\/11\/UNADJUSTEDNONRAW_thumb_3d14-160x120.jpg 160w\" sizes=\"(max-width: 300px) 100vw, 300px\" \/><\/a><\/p>\n<p>Das Restaurant wurde mir von einer Vorg\u00e4ngerin empfohlen und die Pizza dort ist echt gut. Eignet sich auch gut zum teilen<\/p>\n<h5>Pastaria<\/h5>\n<p>Eine Kette mit meheren Niederlassungen in Tirana. Preise sind g\u00fcnstig und die Nudeln sind lecker. Eine rieseige Auswahl an verschiedenen So\u00dfen.<\/p>\n<h4>B\u00e4ckereien<\/h4>\n<h5>Byreks<\/h5>\n<p>Die besten Byreks muss es bei der Byrekb\u00e4ckerei in der Rruga Bardhok Biba geben. Ein Byrek mit K\u00e4se, Spinat oder Tomate kostet 30 Lek. Die mit Fleisch sind teuer. Dazu trinkt man Kos oder Dhall\u00eb.<\/p>\n<h5>Deutsche B\u00e4ckerei<\/h5>\n<p>Ja, auch die gibt es in Tirana. Bei Backmann findet man deutsches Vollkornbrot.<\/p>\n<h4>S\u00fc\u00dfes<\/h4>\n<h5 class=\"GLOBAL__gm2-headline-5 section-hero-header-title-title\">Cioccolatitaliani Blloku<\/h5>\n<p>Nicht reinsetzen! Wenn man sein Eis mitnimmt, dann f\u00fcllen sie einem vorher in die Waffel fl\u00fcssige Schokolade. Das ist dann zwar nicht ganz so billig wie das 50-Lek-Eis, daf\u00fcr um Welten leckerer. Eine riesige Kugel mit Schokof\u00fcllung kostet 300 Lek (2,40 Euro).<\/p>\n\n\t\t<style type=\"text\/css\">\n\t\t\t#gallery-3 {\n\t\t\t\tmargin: auto;\n\t\t\t}\n\t\t\t#gallery-3 .gallery-item {\n\t\t\t\tfloat: left;\n\t\t\t\tmargin-top: 10px;\n\t\t\t\ttext-align: center;\n\t\t\t\twidth: 33%;\n\t\t\t}\n\t\t\t#gallery-3 img {\n\t\t\t\tborder: 2px solid #cfcfcf;\n\t\t\t}\n\t\t\t#gallery-3 .gallery-caption {\n\t\t\t\tmargin-left: 0;\n\t\t\t}\n\t\t\t\/* see gallery_shortcode() in wp-includes\/media.php *\/\n\t\t<\/style>\n\t\t<div id='gallery-3' class='gallery galleryid-556 gallery-columns-3 gallery-size-thumbnail'><dl class='gallery-item'>\n\t\t\t<dt class='gallery-icon portrait'>\n\t\t\t\t<a href='https:\/\/kulturweit.blog\/janaintirana\/tiranaguide\/unadjustednonraw_thumb_3be0\/'><img loading=\"lazy\" decoding=\"async\" width=\"150\" height=\"150\" src=\"https:\/\/kulturweit.blog\/janaintirana\/files\/2019\/11\/UNADJUSTEDNONRAW_thumb_3be0-150x150.jpg\" class=\"attachment-thumbnail size-thumbnail\" alt=\"\" aria-describedby=\"gallery-3-420\" srcset=\"https:\/\/kulturweit.blog\/janaintirana\/files\/2019\/11\/UNADJUSTEDNONRAW_thumb_3be0-150x150.jpg 150w, https:\/\/kulturweit.blog\/janaintirana\/files\/2019\/11\/UNADJUSTEDNONRAW_thumb_3be0-300x300.jpg 300w\" sizes=\"(max-width: 150px) 100vw, 150px\" \/><\/a>\n\t\t\t<\/dt>\n\t\t\t\t<dd class='wp-caption-text gallery-caption' id='gallery-3-420'>\n\t\t\t\tFehler beim ersten Mal: Wenn man sich hinsetzt, bekommt man das Eis nur so in der Sch\u00fcssel.\n\t\t\t\t<\/dd><\/dl>\n\t\t\t<br style='clear: both' \/>\n\t\t<\/div>\n\n<h5>Mon Amour<\/h5>\n<p>Eine Konditorei mit moderaten Preisen in der N\u00e4he meiner Schule. Einfach nur lecker!<\/p>\n<h5>Mulliri Vjeter<\/h5>\n<p>Das albanische Starbucks findet man an fast jeder Ecke. Dort kann man f\u00fcr relativ wenig Geld Kuchen und Muffins kaufen oder einen \u00c7aj Mali (einen typisch albanischen Bergtee) trinken. Kostenloses Wlan und Steckdosen und ein unn\u00f6tig kompliziertes Bestellsystem runden die Starbuckserfahrung ab.<\/p>\n<h5>Milky<\/h5>\n<p>Eine Kette bietet verschiedene herzhafte und s\u00fc\u00dfe Crepevariationen an.<\/p>\n<h5>D&#8217;Angelo<\/h5>\n<p>\u00c4hnlich wie Milky, aber etwas billiger und bietet s\u00fcdhaft s\u00fc\u00dfe Nachspeisen an. Empfehlung: ein japanisches Souffle.<\/p>\n<h4>Fr\u00fchst\u00fccken<\/h4>\n<h5>Teduktu<\/h5>\n<p>Meiner Erfahrung nach der einzige Ort, in dem man in Tirana fr\u00fchst\u00fccken kann. Mittelklassig und super lecker.<\/p>\n<h4>Abends Feiern und was trinken<\/h4>\n<p>Macht man am Besten im Blloku &#8211; dort ist Freitag- und Samstagabend richtig viel los und man findet eigentlich an jeder Ecke was, zum Beispiel die Radio Bar. Die Bar ist innendrin mit alten Radioger\u00e4ten eingerichtet. Alternativ gibt es noch das Hemmingway. Die relativ kleine Bar ist etwas ab vom Schuss, ist aber auch super. Sonst kann ich noch das Kombinat mit einer riesigen Auswahl an Rakis hinter der Pyramide empfehlen.<\/p>\n<p>Ah und auch unbedingt probieren, wenn man in Albanien ist: Rakja, eine Art Obstler. Relativ stark, wird aber trotzdem nicht aus shotgl\u00e4sern getrunken und wird nicht geshotet. Am traditionellsten ist in Albanien Traubenraki. Man kann aber aus fast allem einen Raki machen.<\/p>\n","protected":false},"excerpt":{"rendered":"<p>Wenn man in Tirana ist, sollte man mindestens einmal Byrek (30 &#8211; 40 Lek, 25 &#8211; 30ct) gegessen haben, die findet man an jeder Ecke. Au\u00dferdem gibt es Kaffees, also Espressos auch \u00fcberall. Die sollten um die 50 Lek kosten (40ct) und Caf\u00e9s findet man noch \u00f6fter als Byrekl\u00e4den. Auch ein Eis f\u00fcr 50 Lek &hellip; <span class=\"more-link\"><a href=\"https:\/\/kulturweit.blog\/janaintirana\/tiranaguide\/restaurants-in-tirana\/\">Mehr lesen &raquo;<\/a><\/span><\/p>\n","protected":false},"author":2757,"featured_media":0,"parent":397,"menu_order":0,"comment_status":"closed","ping_status":"closed","template":"","meta":{"footnotes":""},"class_list":["post-556","page","type-page","status-publish","hentry"],"_links":{"self":[{"href":"https:\/\/kulturweit.blog\/janaintirana\/wp-json\/wp\/v2\/pages\/556"}],"collection":[{"href":"https:\/\/kulturweit.blog\/janaintirana\/wp-json\/wp\/v2\/pages"}],"about":[{"href":"https:\/\/kulturweit.blog\/janaintirana\/wp-json\/wp\/v2\/types\/page"}],"author":[{"embeddable":true,"href":"https:\/\/kulturweit.blog\/janaintirana\/wp-json\/wp\/v2\/users\/2757"}],"replies":[{"embeddable":true,"href":"https:\/\/kulturweit.blog\/janaintirana\/wp-json\/wp\/v2\/comments?post=556"}],"version-history":[{"count":2,"href":"https:\/\/kulturweit.blog\/janaintirana\/wp-json\/wp\/v2\/pages\/556\/revisions"}],"predecessor-version":[{"id":558,"href":"https:\/\/kulturweit.blog\/janaintirana\/wp-json\/wp\/v2\/pages\/556\/revisions\/558"}],"up":[{"embeddable":true,"href":"https:\/\/kulturweit.blog\/janaintirana\/wp-json\/wp\/v2\/pages\/397"}],"wp:attachment":[{"href":"https:\/\/kulturweit.blog\/janaintirana\/wp-json\/wp\/v2\/media?parent=556"}],"curies":[{"name":"wp","href":"https:\/\/api.w.org\/{rel}","templated":true}]}}