{"id":507,"date":"2020-01-26T21:15:34","date_gmt":"2020-01-26T20:15:34","guid":{"rendered":"https:\/\/kulturweit.blog\/janaintirana\/?page_id=507"},"modified":"2020-02-28T20:02:14","modified_gmt":"2020-02-28T19:02:14","slug":"busse","status":"publish","type":"page","link":"https:\/\/kulturweit.blog\/janaintirana\/busse\/","title":{"rendered":"Busse"},"content":{"rendered":"<p>Dies ist einfach eine Ansammlung von Internetseiten und Tools, die ich benutze um mich in Albanien zurecht zu finden. Es hat vier Monate und viele Nerven gebraucht, diesen Allmanach zusammen zu stellen. Trotzdem, ist er nicht perfekt, da sich Angabe super schnell \u00e4ndern.<\/p>\n<h3>Recherche<\/h3>\n<ul>\n<li>Internet\n<ul>\n<li><strong>Gjirafa.com<\/strong> ist eine albanische Webseite und die einzige, die ein paar Verbindungen innerhalb von Albanien und dem Kosovo haben. Trotzdem stimmen die Angaben nicht immer und sind eher als grobe Idee gedacht, wann was fahren k\u00f6nnte.<\/li>\n<li><strong>Balkanviator.com<\/strong> funktioniert in Albanien nur m\u00e4\u00dfig. Ich w\u00fcrde auf andere Seiten zur\u00fcck greifen.<\/li>\n<li><strong>Bustickets4.me<\/strong> funktioniert bei internationalen Reisen auf dem Balkan ganz gut. Aber auch hier gibt es F\u00e4lle, wo Busse dann doch nicht gefahren sind<\/li>\n<li>einfach mal die Verbindung, die man gerne fahren m\u00f6chte in Google reinschmei\u00dfen und schauen was Foren, wie <strong>TripAdvisor <\/strong>sagen<\/li>\n<li>Au\u00dferdem lohnt es sich auch bei Hostels nachzufragen oder online nachzuschauen. In Tirana findet man die Informationen dazu hier.<\/li>\n<\/ul>\n<\/li>\n<li>Am allerbesten ist es eigentlich zu den Busstationen hinzugehen und nachzufragen, wann die einzelnen Busunternehmen wohin fahren. Oft findet man auch hilfreiche Albaner, die einem den Weg zeigen.<\/li>\n<li>Man kann auch so einfach zur richtigen Bushaltestelle hingehen und sagen, wo man hinm\u00f6chte, auch wenn die Busfahrer selber nicht direkt dorthin fahren, bringen sie einen meistens zu den richtigen Busfahrern. Au\u00dferdem kann man notfalls auch versuchen zu trampen. Hierbei muss man allerdings oft Geld zahlen, manchmal sogar mehr als im Bus. Auch Busse halten an um Tramper (gegen Geld) mitzunehmen.<\/li>\n<\/ul>\n<h3>Die Bushaltestellen<\/h3>\n<p>Ja, das ist so ein Ding. Tirana hat drei Busstationen, aber manche Busse fahren auch einfach von irgendwelchen Stra\u00dfen ab. Hier einmal zusammengefasst, was ich wei\u00df:<\/p>\n<ul>\n<li>Die<strong> internationale Busstation<\/strong> befindet sich in der N\u00e4he vom Ring Center (also wenn man von dem gro\u00dfen Kreisel aus kommt, dahinter) und kann man vom Skenderbeg auch fu\u00dfl\u00e4ufig erreichen. Sie besteht aus einem Parkplatz ges\u00e4umt mit verschiedenen Reiseagenturen, dort kann man nachfragen wann und ob sie irgendwo hinfahren. Eine gesammelte Anlaufstelle f\u00fcr alle Agenturen gibt es Stand Anfang 2020 noch nicht.\n<ul>\n<li>Bei Reisen nach Mazedonien und Montenegro muss gegebenfalls f\u00fcr das Gep\u00e4ck eine extra Geb\u00fchr von ein bis zwei Euro gezahlt werden.<\/li>\n<li>M\u00f6gliche Reiseziele\n<ul>\n<li><strong>Montenegro<\/strong>: Podgorica, Kotor, Budva<\/li>\n<li><strong>Mazedonien<\/strong>: Skopje (&#8222;Shkup&#8220;) \u00fcber Struga (von dort weiter nach Ohrid), Skopje Airport oder \u00fcber Prishtina (nicht l\u00e4nger, auch wenn es auf der Karte wie ein riesiger Umweg aussieht, daf\u00fcr ist die Strecke nicht so sch\u00f6n).<\/li>\n<li><strong>Kosovo<\/strong>: Prishtina (Prizren, Gjakova, Mitrovica, Peja mit Umsteigen), es gibt auch Busse von Metropol Tirana hinter dem International Hotel in der N\u00e4he vom Skanderbeg<\/li>\n<li><strong>Bulgarien<\/strong>: Sofia, keine t\u00e4glichen durchg\u00e4ngigen Busse, Drita Travels f\u00e4hrt t\u00e4glich mit einem Umstieg in Skopje<\/li>\n<li><strong>Griechenland<\/strong>: Thessaloniki (&#8222;Salonik&#8220;), Athen (&#8222;Athine&#8220;)<\/li>\n<li><strong>T\u00fcrkei<\/strong>: Istanbul (&#8222;Stamboll&#8220;)<\/li>\n<li>und fast jede mittelgro\u00dfe Stadt in <strong>Deutschland<\/strong> (z.B. M\u00fcnchen, Berlin, Hannover, Ingoldstadt), <strong>\u00d6sterreich<\/strong> (z.B. Wien, Salzburg), sowie St\u00e4dte in <strong>Belgien<\/strong> und <strong>Frankreich<\/strong><\/li>\n<li>! Es gibt keine durchg\u00e4ngige Verbindung nach <strong>Serbien<\/strong>, wenn man nach Serbien reisen m\u00f6chte sollte man erstmal kl\u00e4ren, ob man durch den Kosovo reisen kann, ansonsten \u00fcber Skopje oder Podgorica fahren<\/li>\n<li><strong>Bosnien<\/strong>: keine durchg\u00e4ngigen Busse, Fahrt innerhalb von einem Tag m\u00f6glich: fr\u00fch morgens nach Podgorica und von dort weiter nach Mostar oder Sarajevo<\/li>\n<\/ul>\n<\/li>\n<\/ul>\n<\/li>\n<li>Fr\u00fcher gab es eine <strong>Busstation f\u00fcr den Norden<\/strong> <strong>und<\/strong> eine f\u00fcr den <strong>S\u00fcdwesten<\/strong>. Beide wurden Anfang 2020 zusammengelegt, ob das nur tempor\u00e4r ist oder l\u00e4nger so bleibt, wei\u00df ich nicht. Unten stehen deshalb nochmal die Informationen zu den alten Busstationen.<br \/>\nDie neue Station befindet sich weiter au\u00dferhalb. Man erreicht sie mit den Bussen Richtung Kamez oder Institut. Zur Not kann man auch nochmal nachfragen: &#8222;Terminali?&#8220;. Beim Ankommen muss man einfach nur den M\u00e4nnern folgen, die laut &#8222;Qend\u00ebr (Tschender)&#8220; durch die Gegend schreien, sie weisen einem den Weg zu den Bussen Richtung Zentrum. Die Busse fahren von 6:00-23:00, kosten 40Lek, die man im Bus bezahlen muss und ich w\u00fcrde von dem Skanderbeg aus mit 20-30 Minuten Fahrt zu der Busstation rechnen, aber keine Garantie.<br \/>\nEs gibt Busse in den Norden nach: Shkodra (mind. 1mal pro Stunde), Kruja und F.Kruja (Kruja ist oben auf dem Berg mit Bazar und Burg und so, F.Kruje ist eine Stadt mit super vielen M\u00f6belgesch\u00e4ften am Fu\u00df des Berges), Peshkopi, Bajram Curri (Umstieg nach Valbona), Kuk\u00ebs.<br \/>\nBusse in den S\u00fcdwesten: Berat, Sarand\u00eb (\u00fcber Durr\u00ebs, Fier, Vlora danach entweder \u00fcber Gjirokast\u00ebr oder \u00fcber Himar\u00eb, Dh\u00ebrmi), Gjirokast\u00ebr, Durr\u00ebs (manchmal stehen die Busse auch vor der Busstation wieder etwas in Richtung Zentrum, etwa alle 20 Minuten einer), Perm\u00ebt.<br \/>\nVor den Busstationen stehen folgende zwei Tafeln. Ich wei\u00df allerdings nicht, ob diese stimmen:<br \/>\n\n\t\t<style type=\"text\/css\">\n\t\t\t#gallery-1 {\n\t\t\t\tmargin: auto;\n\t\t\t}\n\t\t\t#gallery-1 .gallery-item {\n\t\t\t\tfloat: left;\n\t\t\t\tmargin-top: 10px;\n\t\t\t\ttext-align: center;\n\t\t\t\twidth: 33%;\n\t\t\t}\n\t\t\t#gallery-1 img {\n\t\t\t\tborder: 2px solid #cfcfcf;\n\t\t\t}\n\t\t\t#gallery-1 .gallery-caption {\n\t\t\t\tmargin-left: 0;\n\t\t\t}\n\t\t\t\/* see gallery_shortcode() in wp-includes\/media.php *\/\n\t\t<\/style>\n\t\t<div id='gallery-1' class='gallery galleryid-507 gallery-columns-3 gallery-size-thumbnail'><dl class='gallery-item'>\n\t\t\t<dt class='gallery-icon portrait'>\n\t\t\t\t<a href='https:\/\/kulturweit.blog\/janaintirana\/busse\/unadjustednonraw_thumb_440d\/'><img loading=\"lazy\" decoding=\"async\" width=\"150\" height=\"150\" src=\"https:\/\/kulturweit.blog\/janaintirana\/files\/2020\/02\/UNADJUSTEDNONRAW_thumb_440d-150x150.jpg\" class=\"attachment-thumbnail size-thumbnail\" alt=\"\" srcset=\"https:\/\/kulturweit.blog\/janaintirana\/files\/2020\/02\/UNADJUSTEDNONRAW_thumb_440d-150x150.jpg 150w, https:\/\/kulturweit.blog\/janaintirana\/files\/2020\/02\/UNADJUSTEDNONRAW_thumb_440d-300x300.jpg 300w\" sizes=\"(max-width: 150px) 100vw, 150px\" \/><\/a>\n\t\t\t<\/dt><\/dl><dl class='gallery-item'>\n\t\t\t<dt class='gallery-icon portrait'>\n\t\t\t\t<a href='https:\/\/kulturweit.blog\/janaintirana\/busse\/unadjustednonraw_thumb_4406\/'><img loading=\"lazy\" decoding=\"async\" width=\"150\" height=\"150\" src=\"https:\/\/kulturweit.blog\/janaintirana\/files\/2020\/02\/UNADJUSTEDNONRAW_thumb_4406-150x150.jpg\" class=\"attachment-thumbnail size-thumbnail\" alt=\"\" srcset=\"https:\/\/kulturweit.blog\/janaintirana\/files\/2020\/02\/UNADJUSTEDNONRAW_thumb_4406-150x150.jpg 150w, https:\/\/kulturweit.blog\/janaintirana\/files\/2020\/02\/UNADJUSTEDNONRAW_thumb_4406-300x300.jpg 300w\" sizes=\"(max-width: 150px) 100vw, 150px\" \/><\/a>\n\t\t\t<\/dt><\/dl>\n\t\t\t<br style='clear: both' \/>\n\t\t<\/div>\n<\/li>\n<li>Die <strong>Busstation<\/strong> Richtung <strong>S\u00fcdosten<\/strong> ist im Studentenviertel in N\u00e4he des Parks und gut zu Fu\u00df aus dem Zentrum raus zu erreichen. Hier gibt es Busse Richtung: Elbasan, Kor\u00e7a, Pogradec<\/li>\n<\/ul>\n<h4>Busstationen, die es 2019 noch gab, 2020 aber nicht mehr<\/h4>\n<ul>\n<li>Die <strong>Busstation f\u00fcr den Norden<\/strong> ist in unmittelbarer N\u00e4he zu der internationalen Busstation. Sie ist auf der gegen\u00fcberliegenden Seite vom Ring Center. Hier wird es dann schon etwas abenteuerlicher \u2013 es gibt keine Reiseagenturen. Die Busstation ist eigentlich nur, wie die anderen Busstationen auch ein Parkplatz. Man geht hin und sucht sich den Bus, der vorne in der Frontscheibe die Station geschrieben hat, wo man gerne hinm\u00f6chte oder wo ein Busfahrer vor steht, der die Station durch die Gegend br\u00fcllt, wo man gerne hinm\u00f6chte.<\/li>\n<li>Die<strong> Busstation f\u00fcr den S\u00fcdwesten<\/strong> und Durr\u00ebs ist wenn man die Stra\u00dfe zur internationalen Busstation und Busstation f\u00fcr den Norden geht, einen Kreisverkehr weiter drau\u00dfen, auf der linken Seite. Man kann zu Fu\u00df vom Zentrum aus hin, ist aber etwa 1,5mal bis doppelt so weit wie zu den anderen beiden Busstationen. Alternativ kann man einen Bus Richtung Institut oder Kamez nehmen.<\/li>\n<\/ul>\n","protected":false},"excerpt":{"rendered":"<p>Dies ist einfach eine Ansammlung von Internetseiten und Tools, die ich benutze um mich in Albanien zurecht zu finden. Es hat vier Monate und viele Nerven gebraucht, diesen Allmanach zusammen zu stellen. Trotzdem, ist er nicht perfekt, da sich Angabe super schnell \u00e4ndern. Recherche Internet Gjirafa.com ist eine albanische Webseite und die einzige, die ein &hellip; <span class=\"more-link\"><a href=\"https:\/\/kulturweit.blog\/janaintirana\/busse\/\">Mehr lesen &raquo;<\/a><\/span><\/p>\n","protected":false},"author":2757,"featured_media":0,"parent":0,"menu_order":0,"comment_status":"closed","ping_status":"closed","template":"","meta":{"footnotes":""},"class_list":["post-507","page","type-page","status-publish","hentry"],"_links":{"self":[{"href":"https:\/\/kulturweit.blog\/janaintirana\/wp-json\/wp\/v2\/pages\/507"}],"collection":[{"href":"https:\/\/kulturweit.blog\/janaintirana\/wp-json\/wp\/v2\/pages"}],"about":[{"href":"https:\/\/kulturweit.blog\/janaintirana\/wp-json\/wp\/v2\/types\/page"}],"author":[{"embeddable":true,"href":"https:\/\/kulturweit.blog\/janaintirana\/wp-json\/wp\/v2\/users\/2757"}],"replies":[{"embeddable":true,"href":"https:\/\/kulturweit.blog\/janaintirana\/wp-json\/wp\/v2\/comments?post=507"}],"version-history":[{"count":4,"href":"https:\/\/kulturweit.blog\/janaintirana\/wp-json\/wp\/v2\/pages\/507\/revisions"}],"predecessor-version":[{"id":621,"href":"https:\/\/kulturweit.blog\/janaintirana\/wp-json\/wp\/v2\/pages\/507\/revisions\/621"}],"wp:attachment":[{"href":"https:\/\/kulturweit.blog\/janaintirana\/wp-json\/wp\/v2\/media?parent=507"}],"curies":[{"name":"wp","href":"https:\/\/api.w.org\/{rel}","templated":true}]}}