{"id":397,"date":"2019-11-14T20:29:59","date_gmt":"2019-11-14T19:29:59","guid":{"rendered":"https:\/\/kulturweit.blog\/janaintirana\/?page_id=397"},"modified":"2020-01-26T21:41:42","modified_gmt":"2020-01-26T20:41:42","slug":"tiranaguide","status":"publish","type":"page","link":"https:\/\/kulturweit.blog\/janaintirana\/tiranaguide\/","title":{"rendered":"Tiranaguide"},"content":{"rendered":"<h2><a href=\"https:\/\/kulturweit.blog\/janaintirana\/files\/2019\/11\/UNADJUSTEDNONRAW_thumb_389d.jpg\"><img loading=\"lazy\" decoding=\"async\" class=\"wp-image-422 alignleft\" src=\"https:\/\/kulturweit.blog\/janaintirana\/files\/2019\/11\/UNADJUSTEDNONRAW_thumb_389d-150x150.jpg\" alt=\"\" width=\"200\" height=\"267\" srcset=\"https:\/\/kulturweit.blog\/janaintirana\/files\/2019\/11\/UNADJUSTEDNONRAW_thumb_389d-300x400.jpg 300w, https:\/\/kulturweit.blog\/janaintirana\/files\/2019\/11\/UNADJUSTEDNONRAW_thumb_389d.jpg 768w\" sizes=\"(max-width: 200px) 100vw, 200px\" \/><\/a>Mir\u00ebsevini n\u00eb Tiran\u00eb!<\/h2>\n<p>Herzlich Willkommen in Tirana!<\/p>\n<p>Hier mal ein paar Sachen, die ich in Tirana gut finde. Ein gro\u00dfer Teil besch\u00e4ftigt sich mit Essen, aber es gibt auch ein paar Sachen zu Aktivit\u00e4ten und Sehensw\u00fcrdigkeiten.<\/p>\n<p>Enjoy!<\/p>\n<p>&nbsp;<\/p>\n<h3>What to do?<\/h3>\n<h4>Bunk Art 2<\/h4>\n<div id=\"attachment_398\" style=\"width: 160px\" class=\"wp-caption alignleft\"><a href=\"https:\/\/kulturweit.blog\/janaintirana\/files\/2019\/11\/UNADJUSTEDNONRAW_thumb_39fd.jpg\"><img loading=\"lazy\" decoding=\"async\" aria-describedby=\"caption-attachment-398\" class=\"wp-image-398 size-thumbnail\" src=\"https:\/\/kulturweit.blog\/janaintirana\/files\/2019\/11\/UNADJUSTEDNONRAW_thumb_39fd-150x150.jpg\" alt=\"\" width=\"150\" height=\"150\" srcset=\"https:\/\/kulturweit.blog\/janaintirana\/files\/2019\/11\/UNADJUSTEDNONRAW_thumb_39fd-150x150.jpg 150w, https:\/\/kulturweit.blog\/janaintirana\/files\/2019\/11\/UNADJUSTEDNONRAW_thumb_39fd-300x300.jpg 300w\" sizes=\"(max-width: 150px) 100vw, 150px\" \/><\/a><p id=\"caption-attachment-398\" class=\"wp-caption-text\">Bunk Art 2<\/p><\/div>\n<p>Ein Museum \u00fcber die Polizei, vor allem w\u00e4hrend dem Kommunismus, in Albanien. Nichts f\u00fcr schwache Nerven. Es wird auch ausf\u00fchrlich beschrieben, wie Leute gefoltert und verh\u00f6rt wurden. Nichts desto trotz interessant und eine gutes Museum, wenn man mehr \u00fcber den Kommunismus in Albanien lernen m\u00f6chte.<\/p>\n<p>Bunk Art 2 befindet sich im Stadtzentrum, in der N\u00e4he vom Skanderbegplatz, Toptani und dem Energieministerium.<\/p>\n<p>Eintritt: 500 Lek (4 Euro)<\/p>\n<p>&nbsp;<\/p>\n<h4>Bunk Art 1<\/h4>\n<div id=\"attachment_153\" style=\"width: 160px\" class=\"wp-caption alignleft\"><a href=\"https:\/\/kulturweit.blog\/janaintirana\/files\/2019\/10\/UNADJUSTEDNONRAW_thumb_3956.jpg\"><img loading=\"lazy\" decoding=\"async\" aria-describedby=\"caption-attachment-153\" class=\"wp-image-153 size-thumbnail\" src=\"https:\/\/kulturweit.blog\/janaintirana\/files\/2019\/10\/UNADJUSTEDNONRAW_thumb_3956-150x150.jpg\" alt=\"\" width=\"150\" height=\"150\" srcset=\"https:\/\/kulturweit.blog\/janaintirana\/files\/2019\/10\/UNADJUSTEDNONRAW_thumb_3956-150x150.jpg 150w, https:\/\/kulturweit.blog\/janaintirana\/files\/2019\/10\/UNADJUSTEDNONRAW_thumb_3956-300x300.jpg 300w\" sizes=\"(max-width: 150px) 100vw, 150px\" \/><\/a><p id=\"caption-attachment-153\" class=\"wp-caption-text\">Bunk Art 1<\/p><\/div>\n<p>Bunk Art 1 befindet sich etwas au\u00dferhalb im gr\u00f6\u00dften Bunker Albaniens. Gebaut um Henver Hoxha und seine Regierung auch vor einem nuklearen Krieg zu sch\u00fctzen geht dieser Bunker mehere hunderte Meter tief in den Daijti, den Hausbergs Tiranas rein.<\/p>\n<p>Die Ausstellung sind gr\u00f6\u00dftenteils alte Artefakte. Die Ausstellung empfand ich als etwas lang und z\u00e4h, da es m\u00fchsam war sich durch sehr lange Texte \u00fcber albanische Geschichte zu qu\u00e4len. Vor allem, da ich oftmals nicht mehr wusste, wer welche Person war. Ich pers\u00f6nlich mochte Bunk Art 2 mehr, allerdings ist das Geschmackssache.<\/p>\n<p>Eintritt: 500 Lek (4 Euro)<\/p>\n<p>How to get there: In den Porcelain Bus am Qender einsteigen. Der Qender, beziehungsweise die Bushaltestelle, ist in der N\u00e4he vom Skanderbeg, wenn man diesen Richtung Uhrturm verl\u00e4sst. Die Porcelainbusse sind blau. Im Bus gibt es Schaffner, die f\u00fcr 40 Lek Bustickets verkaufen. Sobald diese merken, dass man Ausl\u00e4nder ist, schicken sie einen an den passenden Stationen f\u00fcr die Talstation vom Daijti oder Bunk Art 1 raus (Beide sind in der N\u00e4he, es lohnt sich beides miteinander zu verbinden). Trotzdem schadet es nicht auf Google Maps mit zu verfolgen wo der Bus langf\u00e4hrt.<\/p>\n<p>&nbsp;<\/p>\n<h4>Cable Car Dajiti<\/h4>\n<div id=\"attachment_399\" style=\"width: 160px\" class=\"wp-caption alignleft\"><a href=\"https:\/\/kulturweit.blog\/janaintirana\/files\/2019\/11\/UNADJUSTEDNONRAW_thumb_394b.jpg\"><img loading=\"lazy\" decoding=\"async\" aria-describedby=\"caption-attachment-399\" class=\"wp-image-399 size-thumbnail\" src=\"https:\/\/kulturweit.blog\/janaintirana\/files\/2019\/11\/UNADJUSTEDNONRAW_thumb_394b-150x150.jpg\" alt=\"\" width=\"150\" height=\"150\" srcset=\"https:\/\/kulturweit.blog\/janaintirana\/files\/2019\/11\/UNADJUSTEDNONRAW_thumb_394b-150x150.jpg 150w, https:\/\/kulturweit.blog\/janaintirana\/files\/2019\/11\/UNADJUSTEDNONRAW_thumb_394b-300x300.jpg 300w\" sizes=\"(max-width: 150px) 100vw, 150px\" \/><\/a><p id=\"caption-attachment-399\" class=\"wp-caption-text\">Daijti<\/p><\/div>\n<p>Wenn man schon bei Bunk Art 1 ist, dann liegt die Talstation des Daijti ganz in der N\u00e4he. Die etwa 15-min\u00fctige Fahrt hoch und die Aussicht oben lohnen sich auf jeden Fall. Oben kann man, wenn man m\u00f6chte noch weiter wandern auf den Gipfel (Dauer etwa 3 Stunden).<\/p>\n<p>Preis f\u00fcr Hin- und R\u00fcckfahrt: 800 Lek (6,70 Euro)<\/p>\n<p>&nbsp;<\/p>\n<p>&nbsp;<\/p>\n<h4>Free Walking Tour<\/h4>\n<p>Ich habe eine Free Walking Tour gemacht und ich fand sie sehr gut. Innnerhalb von zwei Stunden werden einem fast alle wichtigen Pl\u00e4tze innerhalb der Stadt auf humorvolle Art vorgestellt.<\/p>\n<p>Zweimal t\u00e4glich um 10:00 und 18:00, Treffpunkt an der Oper am Skanderbeg.<\/p>\n<p>Preis: So viel wie man bereit ist zu zahlen.<\/p>\n<h4>Auf die Pyramide klettern<\/h4>\n<p>Ja, man kann auf die Pyramide klettern. Ist offiziell zwar nicht erlaubt, aber auch das anwesende Sicherheitspersonal st\u00f6rt sich nicht dran. \u00dcber die hintersten Rampen kommt man am einfachsten hoch. Das schwierigste ist der Abstieg danach. Angeblich soll es helfen, wenn man seine Schuhe auszieht um barfu\u00df mehr Gripp zu haben.<\/p>\n<h3>What to see?<\/h3>\n<p>Random Sachen, die in der Innenstadt rumstehen:<\/p>\n\n\t\t<style type=\"text\/css\">\n\t\t\t#gallery-1 {\n\t\t\t\tmargin: auto;\n\t\t\t}\n\t\t\t#gallery-1 .gallery-item {\n\t\t\t\tfloat: left;\n\t\t\t\tmargin-top: 10px;\n\t\t\t\ttext-align: center;\n\t\t\t\twidth: 33%;\n\t\t\t}\n\t\t\t#gallery-1 img {\n\t\t\t\tborder: 2px solid #cfcfcf;\n\t\t\t}\n\t\t\t#gallery-1 .gallery-caption {\n\t\t\t\tmargin-left: 0;\n\t\t\t}\n\t\t\t\/* see gallery_shortcode() in wp-includes\/media.php *\/\n\t\t<\/style>\n\t\t<div id='gallery-1' class='gallery galleryid-397 gallery-columns-3 gallery-size-thumbnail'><dl class='gallery-item'>\n\t\t\t<dt class='gallery-icon landscape'>\n\t\t\t\t<a href='https:\/\/kulturweit.blog\/janaintirana\/tiranaguide\/qjddga3xtasr345zbzx2pg_thumb_38a2\/'><img loading=\"lazy\" decoding=\"async\" width=\"150\" height=\"150\" src=\"https:\/\/kulturweit.blog\/janaintirana\/files\/2019\/11\/QjDDga3xTASr345zbzX2pg_thumb_38a2-150x150.jpg\" class=\"attachment-thumbnail size-thumbnail\" alt=\"\" aria-describedby=\"gallery-1-401\" srcset=\"https:\/\/kulturweit.blog\/janaintirana\/files\/2019\/11\/QjDDga3xTASr345zbzX2pg_thumb_38a2-150x150.jpg 150w, https:\/\/kulturweit.blog\/janaintirana\/files\/2019\/11\/QjDDga3xTASr345zbzX2pg_thumb_38a2-300x300.jpg 300w\" sizes=\"(max-width: 150px) 100vw, 150px\" \/><\/a>\n\t\t\t<\/dt>\n\t\t\t\t<dd class='wp-caption-text gallery-caption' id='gallery-1-401'>\n\t\t\t\tMoschee am Skanderbegplatz\n\t\t\t\t<\/dd><\/dl><dl class='gallery-item'>\n\t\t\t<dt class='gallery-icon landscape'>\n\t\t\t\t<a href='https:\/\/kulturweit.blog\/janaintirana\/tiranaguide\/unadjustednonraw_thumb_38c4\/'><img loading=\"lazy\" decoding=\"async\" width=\"150\" height=\"150\" src=\"https:\/\/kulturweit.blog\/janaintirana\/files\/2019\/11\/UNADJUSTEDNONRAW_thumb_38c4-150x150.jpg\" class=\"attachment-thumbnail size-thumbnail\" alt=\"\" aria-describedby=\"gallery-1-402\" srcset=\"https:\/\/kulturweit.blog\/janaintirana\/files\/2019\/11\/UNADJUSTEDNONRAW_thumb_38c4-150x150.jpg 150w, https:\/\/kulturweit.blog\/janaintirana\/files\/2019\/11\/UNADJUSTEDNONRAW_thumb_38c4-300x300.jpg 300w\" sizes=\"(max-width: 150px) 100vw, 150px\" \/><\/a>\n\t\t\t<\/dt>\n\t\t\t\t<dd class='wp-caption-text gallery-caption' id='gallery-1-402'>\n\t\t\t\tangemaltes Energieministerium\n\t\t\t\t<\/dd><\/dl><dl class='gallery-item'>\n\t\t\t<dt class='gallery-icon landscape'>\n\t\t\t\t<a href='https:\/\/kulturweit.blog\/janaintirana\/tiranaguide\/unadjustednonraw_thumb_38b9\/'><img loading=\"lazy\" decoding=\"async\" width=\"150\" height=\"150\" src=\"https:\/\/kulturweit.blog\/janaintirana\/files\/2019\/11\/UNADJUSTEDNONRAW_thumb_38b9-150x150.jpg\" class=\"attachment-thumbnail size-thumbnail\" alt=\"\" aria-describedby=\"gallery-1-403\" srcset=\"https:\/\/kulturweit.blog\/janaintirana\/files\/2019\/11\/UNADJUSTEDNONRAW_thumb_38b9-150x150.jpg 150w, https:\/\/kulturweit.blog\/janaintirana\/files\/2019\/11\/UNADJUSTEDNONRAW_thumb_38b9-300x300.jpg 300w\" sizes=\"(max-width: 150px) 100vw, 150px\" \/><\/a>\n\t\t\t<\/dt>\n\t\t\t\t<dd class='wp-caption-text gallery-caption' id='gallery-1-403'>\n\t\t\t\tSkanderbegplatz mit Nationalmuseum\n\t\t\t\t<\/dd><\/dl><br style=\"clear: both\" \/><dl class='gallery-item'>\n\t\t\t<dt class='gallery-icon landscape'>\n\t\t\t\t<a href='https:\/\/kulturweit.blog\/janaintirana\/tiranaguide\/unadjustednonraw_thumb_38bb\/'><img loading=\"lazy\" decoding=\"async\" width=\"150\" height=\"150\" src=\"https:\/\/kulturweit.blog\/janaintirana\/files\/2019\/11\/UNADJUSTEDNONRAW_thumb_38bb-150x150.jpg\" class=\"attachment-thumbnail size-thumbnail\" alt=\"\" aria-describedby=\"gallery-1-404\" srcset=\"https:\/\/kulturweit.blog\/janaintirana\/files\/2019\/11\/UNADJUSTEDNONRAW_thumb_38bb-150x150.jpg 150w, https:\/\/kulturweit.blog\/janaintirana\/files\/2019\/11\/UNADJUSTEDNONRAW_thumb_38bb-300x300.jpg 300w\" sizes=\"(max-width: 150px) 100vw, 150px\" \/><\/a>\n\t\t\t<\/dt>\n\t\t\t\t<dd class='wp-caption-text gallery-caption' id='gallery-1-404'>\n\t\t\t\tPazari i ri, der neue Basar\n\t\t\t\t<\/dd><\/dl><dl class='gallery-item'>\n\t\t\t<dt class='gallery-icon landscape'>\n\t\t\t\t<a href='https:\/\/kulturweit.blog\/janaintirana\/tiranaguide\/unadjustednonraw_thumb_38a1\/'><img loading=\"lazy\" decoding=\"async\" width=\"150\" height=\"150\" src=\"https:\/\/kulturweit.blog\/janaintirana\/files\/2019\/11\/UNADJUSTEDNONRAW_thumb_38a1-150x150.jpg\" class=\"attachment-thumbnail size-thumbnail\" alt=\"\" aria-describedby=\"gallery-1-405\" srcset=\"https:\/\/kulturweit.blog\/janaintirana\/files\/2019\/11\/UNADJUSTEDNONRAW_thumb_38a1-150x150.jpg 150w, https:\/\/kulturweit.blog\/janaintirana\/files\/2019\/11\/UNADJUSTEDNONRAW_thumb_38a1-300x300.jpg 300w\" sizes=\"(max-width: 150px) 100vw, 150px\" \/><\/a>\n\t\t\t<\/dt>\n\t\t\t\t<dd class='wp-caption-text gallery-caption' id='gallery-1-405'>\n\t\t\t\tbeleuchtete Wasserspiele am Taiwan\n\t\t\t\t<\/dd><\/dl><dl class='gallery-item'>\n\t\t\t<dt class='gallery-icon portrait'>\n\t\t\t\t<a href='https:\/\/kulturweit.blog\/janaintirana\/tiranaguide\/unadjustednonraw_thumb_389b\/'><img loading=\"lazy\" decoding=\"async\" width=\"150\" height=\"150\" src=\"https:\/\/kulturweit.blog\/janaintirana\/files\/2019\/11\/UNADJUSTEDNONRAW_thumb_389b-150x150.jpg\" class=\"attachment-thumbnail size-thumbnail\" alt=\"\" aria-describedby=\"gallery-1-406\" srcset=\"https:\/\/kulturweit.blog\/janaintirana\/files\/2019\/11\/UNADJUSTEDNONRAW_thumb_389b-150x150.jpg 150w, https:\/\/kulturweit.blog\/janaintirana\/files\/2019\/11\/UNADJUSTEDNONRAW_thumb_389b-300x300.jpg 300w\" sizes=\"(max-width: 150px) 100vw, 150px\" \/><\/a>\n\t\t\t<\/dt>\n\t\t\t\t<dd class='wp-caption-text gallery-caption' id='gallery-1-406'>\n\t\t\t\tSkanderbegstatur auf dem Skanderbegplatz\n\t\t\t\t<\/dd><\/dl><br style=\"clear: both\" \/>\n\t\t<\/div>\n\n<p>Der Park ist auch sch\u00f6n, aber etwas au\u00dferhalb. Den w\u00fcrde ich nur machen, wenn man entweder zu Mullixhiu essen geht oder mehr Zeit hat.<\/p>\n<p>Insgesamt lohnt es sich einfach durch die Stadt zu laufen. Es gibt wenige wirklich fotogene Ecken. Bei Tirana geht es nicht um das hektische Abhaken von Sehensw\u00fcrdigkeiten, denn da hat Tirana eigentlich nicht viel zu bieten. Stattdessen macht die Atmosph\u00e4re und der Flair diese Stadt aus. Diesen bekommt man am besten \u00fcber einen Spaziergang, einen Kaffee im Cafe oder Samstag- und Freitagabend im Blloku mit. Einfach treiben und verzaubern lassen.<\/p>\n<h3>Where to eat?<\/h3>\n<p>Eine Liste von Restaurants findet man <a href=\"https:\/\/kulturweit.blog\/janaintirana\/tiranaguide\/restaurants-in-tirana\/\">hier<\/a>.<\/p>\n<p>&nbsp;<\/p>\n<h3>How to get around?<\/h3>\n<p>Ist so kompliziert, dass ich daf\u00fcr einen eigenen Artikel <a href=\"https:\/\/kulturweit.blog\/janaintirana\/busse\/\">hier<\/a> geschrieben habe.<\/p>\n","protected":false},"excerpt":{"rendered":"<p>Mir\u00ebsevini n\u00eb Tiran\u00eb! Herzlich Willkommen in Tirana! Hier mal ein paar Sachen, die ich in Tirana gut finde. Ein gro\u00dfer Teil besch\u00e4ftigt sich mit Essen, aber es gibt auch ein paar Sachen zu Aktivit\u00e4ten und Sehensw\u00fcrdigkeiten. Enjoy! &nbsp; What to do? Bunk Art 2 Ein Museum \u00fcber die Polizei, vor allem w\u00e4hrend dem Kommunismus, in &hellip; <span class=\"more-link\"><a href=\"https:\/\/kulturweit.blog\/janaintirana\/tiranaguide\/\">Mehr lesen &raquo;<\/a><\/span><\/p>\n","protected":false},"author":2757,"featured_media":422,"parent":0,"menu_order":0,"comment_status":"closed","ping_status":"closed","template":"","meta":{"footnotes":""},"class_list":["post-397","page","type-page","status-publish","has-post-thumbnail","hentry"],"_links":{"self":[{"href":"https:\/\/kulturweit.blog\/janaintirana\/wp-json\/wp\/v2\/pages\/397"}],"collection":[{"href":"https:\/\/kulturweit.blog\/janaintirana\/wp-json\/wp\/v2\/pages"}],"about":[{"href":"https:\/\/kulturweit.blog\/janaintirana\/wp-json\/wp\/v2\/types\/page"}],"author":[{"embeddable":true,"href":"https:\/\/kulturweit.blog\/janaintirana\/wp-json\/wp\/v2\/users\/2757"}],"replies":[{"embeddable":true,"href":"https:\/\/kulturweit.blog\/janaintirana\/wp-json\/wp\/v2\/comments?post=397"}],"version-history":[{"count":3,"href":"https:\/\/kulturweit.blog\/janaintirana\/wp-json\/wp\/v2\/pages\/397\/revisions"}],"predecessor-version":[{"id":560,"href":"https:\/\/kulturweit.blog\/janaintirana\/wp-json\/wp\/v2\/pages\/397\/revisions\/560"}],"wp:featuredmedia":[{"embeddable":true,"href":"https:\/\/kulturweit.blog\/janaintirana\/wp-json\/wp\/v2\/media\/422"}],"wp:attachment":[{"href":"https:\/\/kulturweit.blog\/janaintirana\/wp-json\/wp\/v2\/media?parent=397"}],"curies":[{"name":"wp","href":"https:\/\/api.w.org\/{rel}","templated":true}]}}