{"id":108,"date":"2019-09-23T03:21:17","date_gmt":"2019-09-23T01:21:17","guid":{"rendered":"https:\/\/kulturweit.blog\/janaintirana\/?page_id=108"},"modified":"2020-01-28T23:37:01","modified_gmt":"2020-01-28T22:37:01","slug":"ueber-mich","status":"publish","type":"page","link":"https:\/\/kulturweit.blog\/janaintirana\/ueber-mich\/","title":{"rendered":"\u00dcber mich"},"content":{"rendered":"<p><a href=\"https:\/\/kulturweit.blog\/janaintirana\/files\/2019\/09\/UNADJUSTEDNONRAW_thumb_601.jpg\"><img loading=\"lazy\" decoding=\"async\" class=\"alignnone size-medium wp-image-144\" src=\"https:\/\/kulturweit.blog\/janaintirana\/files\/2019\/09\/UNADJUSTEDNONRAW_thumb_601-300x225.jpg\" alt=\"Hi ich bin Jana\" width=\"300\" height=\"225\" srcset=\"https:\/\/kulturweit.blog\/janaintirana\/files\/2019\/09\/UNADJUSTEDNONRAW_thumb_601-300x225.jpg 300w, https:\/\/kulturweit.blog\/janaintirana\/files\/2019\/09\/UNADJUSTEDNONRAW_thumb_601-768x576.jpg 768w, https:\/\/kulturweit.blog\/janaintirana\/files\/2019\/09\/UNADJUSTEDNONRAW_thumb_601.jpg 1024w, https:\/\/kulturweit.blog\/janaintirana\/files\/2019\/09\/UNADJUSTEDNONRAW_thumb_601-160x120.jpg 160w\" sizes=\"(max-width: 300px) 100vw, 300px\" \/><\/a><\/p>\n<p>18 Jahre alt und bis vor ein paar Wochen habe ich noch zu Hause bei Mama und Papa im beschaulichen Saarland gewohnt. Doch jetzt bin ich mit kulturweit und der Partnerorganisation PAD \/ ZfA f\u00fcr sechs Monate in Tirana, der Hauptstadt Albaniens und versuche hier zu \u00fcberleben.<\/p>\n<p>Bis auf einen Feueralarm, den ich aus Versehen durch einen verbrannten Toast ausgel\u00f6st habe und zweimal das st\u00e4rkste Erdbeben seit 30 Jahren in Albanien, l\u00e4uft das bisher eigentlich ganz gut.<\/p>\n<p>Ich freue mich, dass du da bist und wenn du gerne mehr \u00fcber meinen Versuch eines Lebens in Albanien erfahren m\u00f6chtest, dann bleib doch auch. Und wenn nicht, dann auch gerne, jeder ist willkommen.<\/p>\n","protected":false},"excerpt":{"rendered":"<p>18 Jahre alt und bis vor ein paar Wochen habe ich noch zu Hause bei Mama und Papa im beschaulichen Saarland gewohnt. Doch jetzt bin ich mit kulturweit und der Partnerorganisation PAD \/ ZfA f\u00fcr sechs Monate in Tirana, der Hauptstadt Albaniens und versuche hier zu \u00fcberleben. Bis auf einen Feueralarm, den ich aus Versehen &hellip; <span class=\"more-link\"><a href=\"https:\/\/kulturweit.blog\/janaintirana\/ueber-mich\/\">Mehr lesen &raquo;<\/a><\/span><\/p>\n","protected":false},"author":2757,"featured_media":0,"parent":0,"menu_order":0,"comment_status":"closed","ping_status":"closed","template":"","meta":{"footnotes":""},"class_list":["post-108","page","type-page","status-publish","hentry"],"_links":{"self":[{"href":"https:\/\/kulturweit.blog\/janaintirana\/wp-json\/wp\/v2\/pages\/108"}],"collection":[{"href":"https:\/\/kulturweit.blog\/janaintirana\/wp-json\/wp\/v2\/pages"}],"about":[{"href":"https:\/\/kulturweit.blog\/janaintirana\/wp-json\/wp\/v2\/types\/page"}],"author":[{"embeddable":true,"href":"https:\/\/kulturweit.blog\/janaintirana\/wp-json\/wp\/v2\/users\/2757"}],"replies":[{"embeddable":true,"href":"https:\/\/kulturweit.blog\/janaintirana\/wp-json\/wp\/v2\/comments?post=108"}],"version-history":[{"count":3,"href":"https:\/\/kulturweit.blog\/janaintirana\/wp-json\/wp\/v2\/pages\/108\/revisions"}],"predecessor-version":[{"id":568,"href":"https:\/\/kulturweit.blog\/janaintirana\/wp-json\/wp\/v2\/pages\/108\/revisions\/568"}],"wp:attachment":[{"href":"https:\/\/kulturweit.blog\/janaintirana\/wp-json\/wp\/v2\/media?parent=108"}],"curies":[{"name":"wp","href":"https:\/\/api.w.org\/{rel}","templated":true}]}}