{"id":14,"date":"2016-06-23T16:49:49","date_gmt":"2016-06-23T21:49:49","guid":{"rendered":"https:\/\/kulturweit.blog\/imhohennorden\/?page_id=14"},"modified":"2016-07-26T21:12:22","modified_gmt":"2016-07-27T02:12:22","slug":"single-story-hinweis","status":"publish","type":"page","link":"https:\/\/kulturweit.blog\/imhohennorden\/single-story-hinweis\/","title":{"rendered":"Single-Story-Hinweis"},"content":{"rendered":"<div class=\"post-entry-content\">\n<h1>Hinweis zur Single-Story-Thematik<\/h1>\n<p>Dieser Blog ist ein sehr pers\u00f6nlicher Blog, der \u00fcber meine individuellen und subjektiven Erfahrungen Reise nach Bolivien und Per\u00fa berichtet. Niemals kann er f\u00fcr sich in Anspruch nehmen, zu beschreiben, wie diese beiden L\u00e4nder und\u00a0ihre Bewohner im Allgemeinen beschaffen sein m\u00f6gen. Auch wenn ich mich beim Schreiben der einzelnen Beitr\u00e4ge bem\u00fche, m\u00f6glichst nahe am Einzelfall zu bleiben, kann es sein, dass Bewertungen generalisierend, pauschalisierend und kategorisierend sind. Niemals jedoch kann man\u00a0die beiden L\u00e4nder\u00a0oder\u00a0ihre Bewohner nur auf die Inhalte meiner Berichte reduzieren, die immer nur f\u00fcr meine ganz individuellen Erfahrungen aussagekr\u00e4ftig sind.<br \/>\nF\u00fcr weitere Informationen siehe auch das <a href=\"https:\/\/www.youtube.com\/watch?v=ODzwb90b5qE\">Video \u201eThe Danger of A Single Story\u201c auf Youtube<\/a>.<\/p>\n<p>Dar\u00fcber hinaus stellt dieser Blog lediglich meine ganz pers\u00f6nliche Meinung da, nicht jedoch die Meinung von \u201ekulturweit\u201c, des kulturweit-Blog-Teams, meiner Einsatzstelle oder meiner Einsatzorganisation.<\/p>\n<p>Zu meinem FSJ in Uruguay, w\u00e4hrend dessen Winterferien ich &#8222;in den hohen Norden&#8220; gereist bin, beachten Sie bitte auch\u00a0meinen Schwesterblog <a href=\"http:\/\/www.kulturweit.blog\/janenuruguay\">Janenuruguay<\/a>.<\/p>\n<\/div>\n","protected":false},"excerpt":{"rendered":"<p>Hinweis zur Single-Story-Thematik Dieser Blog ist ein sehr pers\u00f6nlicher Blog, der \u00fcber meine individuellen und subjektiven Erfahrungen Reise nach Bolivien und Per\u00fa berichtet. Niemals kann er f\u00fcr sich in Anspruch nehmen, zu beschreiben, wie diese beiden L\u00e4nder und\u00a0ihre Bewohner im Allgemeinen beschaffen sein m\u00f6gen. Auch wenn ich mich beim Schreiben der einzelnen Beitr\u00e4ge bem\u00fche, m\u00f6glichst&#8230;<\/p>\n","protected":false},"author":1653,"featured_media":0,"parent":0,"menu_order":0,"comment_status":"closed","ping_status":"closed","template":"","meta":{"footnotes":""},"class_list":["post-14","page","type-page","status-publish","hentry"],"_links":{"self":[{"href":"https:\/\/kulturweit.blog\/imhohennorden\/wp-json\/wp\/v2\/pages\/14"}],"collection":[{"href":"https:\/\/kulturweit.blog\/imhohennorden\/wp-json\/wp\/v2\/pages"}],"about":[{"href":"https:\/\/kulturweit.blog\/imhohennorden\/wp-json\/wp\/v2\/types\/page"}],"author":[{"embeddable":true,"href":"https:\/\/kulturweit.blog\/imhohennorden\/wp-json\/wp\/v2\/users\/1653"}],"replies":[{"embeddable":true,"href":"https:\/\/kulturweit.blog\/imhohennorden\/wp-json\/wp\/v2\/comments?post=14"}],"version-history":[{"count":3,"href":"https:\/\/kulturweit.blog\/imhohennorden\/wp-json\/wp\/v2\/pages\/14\/revisions"}],"predecessor-version":[{"id":52,"href":"https:\/\/kulturweit.blog\/imhohennorden\/wp-json\/wp\/v2\/pages\/14\/revisions\/52"}],"wp:attachment":[{"href":"https:\/\/kulturweit.blog\/imhohennorden\/wp-json\/wp\/v2\/media?parent=14"}],"curies":[{"name":"wp","href":"https:\/\/api.w.org\/{rel}","templated":true}]}}