{"id":12,"date":"2016-06-23T16:47:54","date_gmt":"2016-06-23T21:47:54","guid":{"rendered":"https:\/\/kulturweit.blog\/imhohennorden\/?page_id=12"},"modified":"2020-07-25T10:50:02","modified_gmt":"2020-07-25T15:50:02","slug":"rechtliches","status":"publish","type":"page","link":"https:\/\/kulturweit.blog\/imhohennorden\/rechtliches\/","title":{"rendered":"Impressum"},"content":{"rendered":"<p>Dieser Blog ist der Schwesterblog von <a href=\"http:\/\/www.kulturweit.blog\/janenuruguay\">janenuruguay<\/a>. F\u00fcr <a href=\"https:\/\/kulturweit.blog\/janenuruguay\/impressum-2\/\">Impressum<\/a> und <a href=\"https:\/\/kulturweit.blog\/janenuruguay\/datenschutzerklaerung\/\">Datenschutzerkl\u00e4rung<\/a> sehen Sie bitte dort.<\/p>\n<p>\u00dcber Kommentare, Fragen, Anregungen, Kritik und Sonstiges freue ich mich sehr. Sie erreichen mich unter:<\/p>\n<p><a href=\"mailto:janenuruguay@gmx.de\">janenuruguay@gmx.de<\/a><\/p>\n","protected":false},"excerpt":{"rendered":"<p>Dieser Blog ist der Schwesterblog von janenuruguay. F\u00fcr Impressum und Datenschutzerkl\u00e4rung sehen Sie bitte dort. \u00dcber Kommentare, Fragen, Anregungen, Kritik und Sonstiges freue ich mich sehr. Sie erreichen mich unter: janenuruguay@gmx.de<\/p>\n","protected":false},"author":1653,"featured_media":0,"parent":0,"menu_order":0,"comment_status":"closed","ping_status":"closed","template":"","meta":{"footnotes":""},"class_list":["post-12","page","type-page","status-publish","hentry"],"_links":{"self":[{"href":"https:\/\/kulturweit.blog\/imhohennorden\/wp-json\/wp\/v2\/pages\/12"}],"collection":[{"href":"https:\/\/kulturweit.blog\/imhohennorden\/wp-json\/wp\/v2\/pages"}],"about":[{"href":"https:\/\/kulturweit.blog\/imhohennorden\/wp-json\/wp\/v2\/types\/page"}],"author":[{"embeddable":true,"href":"https:\/\/kulturweit.blog\/imhohennorden\/wp-json\/wp\/v2\/users\/1653"}],"replies":[{"embeddable":true,"href":"https:\/\/kulturweit.blog\/imhohennorden\/wp-json\/wp\/v2\/comments?post=12"}],"version-history":[{"count":3,"href":"https:\/\/kulturweit.blog\/imhohennorden\/wp-json\/wp\/v2\/pages\/12\/revisions"}],"predecessor-version":[{"id":459,"href":"https:\/\/kulturweit.blog\/imhohennorden\/wp-json\/wp\/v2\/pages\/12\/revisions\/459"}],"wp:attachment":[{"href":"https:\/\/kulturweit.blog\/imhohennorden\/wp-json\/wp\/v2\/media?parent=12"}],"curies":[{"name":"wp","href":"https:\/\/api.w.org\/{rel}","templated":true}]}}