{"id":346,"date":"2012-09-12T11:28:57","date_gmt":"2012-09-12T09:28:57","guid":{"rendered":"https:\/\/kulturweit.blog\/heroicapuebla\/?page_id=346"},"modified":"2016-01-25T05:10:38","modified_gmt":"2016-01-25T04:10:38","slug":"simon-in-puebla","status":"publish","type":"page","link":"https:\/\/kulturweit.blog\/heroicapuebla\/","title":{"rendered":"Simon in Puebla."},"content":{"rendered":"<p>Herzlich willkommen! Ich bin Simon und das ist mein \u00bbkulturweit\u00ab-Blog.<\/p>\n<p>ich war ab Ende Februar 2012 sechs Monate in Mexiko, die meiste Zeit in Puebla. Dort arbeitete ich als Zusatzkraft im Fachbereich Deutsch an einer Partnerschule des Goethe-Instituts von Mexiko-Stadt. Die Arbeit mit den Jugendlichen hat mir unglaublich viel Spa\u00df gemacht, insbesondere die kreative Projektarbeit. Wir konnten gemeinsam Einiges auf die Beine stellen!<\/p>\n<p>In meinen Beitr\u00e4gen steht der schulische Alltag jedoch kaum im Vordergrund. Viel mehr erz\u00e4hlen sie von den Erlebnissen au\u00dferhalb: \u00dcber Puebla und Umgebung, Wohnungssuche, Begegnungen mit wirklich tollen Menschen und nicht zuletzt abenteuerlichen Reisen.<\/p>\n<p>Ich genoss das bunte Treiben am Z\u00f3calo von Puebla und die Atmosph\u00e4re am Palacio de Bellas im Zentrum von Mexiko-Stadt. Ich war am Golf von Mexiko, an der mexikanischen Pazifikk\u00fcste und an der <em>Riviera Maya. <\/em>Ich trampte von Puebla bis an die mexikanisch-guatemaltekische Grenze und sah die sch\u00f6nsten Orte, die man sich nur vorstellen kann: Ruinen pr\u00e4chtiger St\u00e4dte fr\u00fcherer Hochkulturen, wilde Ca\u00f1ons, Wasserf\u00e4lle, deren Wasser nicht h\u00e4tte blauer sein k\u00f6nnen und das kleine St\u00e4dtchen San Cristobal de las Casas, eingebettet zwischen den saftig-gr\u00fcnen H\u00fcgeln von Chiapas.<\/p>\n<p>Vieles was ich erlebte, begeisterte und faszinierte mich&#8230; Manches machte mich traurig&#8230; Ich sah viele Menschen, die bei den Pr\u00e4sidentschaftswahlen in Mexiko-Stadt ausgegrenzt wurden. Ich sah die Armut auf den Stra\u00dfen und brutale Versuche, sie aus dem sichtbaren Bereich zu entfernen.<\/p>\n<p>Aber am wichtigsten: ich habe teure Freunde gewonnen, mit denen ich all diese Momente teilen konnte&#8230;<\/p>\n<p>Viel Spa\u00df beim Lesen!<\/p>\n<p>P.S.: Da es sich um ein \u00f6ffentliches Blog handelt, habe ich die Namen der in den Beitr\u00e4gen genannten Personen abge\u00e4ndert und Gesichter auf Fotos unkenntlich gemacht.<\/p>\n","protected":false},"excerpt":{"rendered":"<p>Herzlich willkommen! Ich bin Simon und das ist mein \u00bbkulturweit\u00ab-Blog. ich war ab Ende Februar 2012 sechs Monate in Mexiko, die meiste Zeit in Puebla. Dort arbeitete ich als Zusatzkraft im Fachbereich Deutsch an einer Partnerschule des Goethe-Instituts von Mexiko-Stadt. Die Arbeit mit den Jugendlichen hat mir unglaublich viel Spa\u00df gemacht, insbesondere die kreative Projektarbeit. &hellip; <a href=\"https:\/\/kulturweit.blog\/heroicapuebla\/\" class=\"more-link\"><span class=\"screen-reader-text\">Simon in Puebla.<\/span> weiterlesen<\/a><\/p>\n","protected":false},"author":765,"featured_media":367,"parent":0,"menu_order":0,"comment_status":"closed","ping_status":"closed","template":"","meta":{"footnotes":""},"class_list":["post-346","page","type-page","status-publish","has-post-thumbnail","hentry"],"amp_enabled":false,"_links":{"self":[{"href":"https:\/\/kulturweit.blog\/heroicapuebla\/wp-json\/wp\/v2\/pages\/346"}],"collection":[{"href":"https:\/\/kulturweit.blog\/heroicapuebla\/wp-json\/wp\/v2\/pages"}],"about":[{"href":"https:\/\/kulturweit.blog\/heroicapuebla\/wp-json\/wp\/v2\/types\/page"}],"author":[{"embeddable":true,"href":"https:\/\/kulturweit.blog\/heroicapuebla\/wp-json\/wp\/v2\/users\/765"}],"replies":[{"embeddable":true,"href":"https:\/\/kulturweit.blog\/heroicapuebla\/wp-json\/wp\/v2\/comments?post=346"}],"version-history":[{"count":3,"href":"https:\/\/kulturweit.blog\/heroicapuebla\/wp-json\/wp\/v2\/pages\/346\/revisions"}],"predecessor-version":[{"id":821,"href":"https:\/\/kulturweit.blog\/heroicapuebla\/wp-json\/wp\/v2\/pages\/346\/revisions\/821"}],"wp:featuredmedia":[{"embeddable":true,"href":"https:\/\/kulturweit.blog\/heroicapuebla\/wp-json\/wp\/v2\/media\/367"}],"wp:attachment":[{"href":"https:\/\/kulturweit.blog\/heroicapuebla\/wp-json\/wp\/v2\/media?parent=346"}],"curies":[{"name":"wp","href":"https:\/\/api.w.org\/{rel}","templated":true}]}}