{"id":97,"date":"2012-02-25T17:35:52","date_gmt":"2012-02-25T16:35:52","guid":{"rendered":"https:\/\/kulturweit.blog\/hannavj\/?page_id=97"},"modified":"2012-07-05T05:45:12","modified_gmt":"2012-07-05T01:45:12","slug":"%d1%80%d1%83%d1%81%d1%81%d0%ba%d0%b8%d0%b9-%d1%8f%d0%b7%d1%8b%d0%ba","status":"publish","type":"page","link":"https:\/\/kulturweit.blog\/hannavj\/%d1%80%d1%83%d1%81%d1%81%d0%ba%d0%b8%d0%b9-%d1%8f%d0%b7%d1%8b%d0%ba\/","title":{"rendered":"\u044f\u0437\u044b\u043a &#8211; Sprache"},"content":{"rendered":"<p>&#8222;Jasik, Sprache, l\u00e4nguitsch&#8220;&#8230; Zwar war das Sinnen \u00fcber Sprache (im Besonderen nat\u00fcrlich \u00fcber die deutsche Sprache) Teil meines Abitur, aber so oft und so intensiv wie hier habe ich noch nicht \u00fcber SPRACHE nachgedacht. Weil es also in diesem Men\u00fc nicht nur um die <strong>russische<\/strong> Sprache geht, sondern auch um die Sprache als <strong>&#8222;Ph\u00e4nomen&#8220;<\/strong>, ist der Titel so vielsprachig eloquent&#8230;<\/p>\n<p>De facto (man achte auf die entstehende Sprachenvielfalt!!!) habe ich schon zwei\/drei Gedanken im Kopf, die hier niedergeschrieben werden sollen. Auch um meine Sprachlosigkeit zu kurieren&#8230;<\/p>\n<p>Falls (oder auch wenn) es so etwas gibt, werde ich hier auch von meinen Fortschritten im Russischen berichten &#8211; oder von interessanten sprachlichen Begebenheiten unterwegs.<\/p>\n<p>ACHTUNG: Wer mich hier besuchen will, sollte die kyrillischen Buchstaben lesen k\u00f6nnen!<\/p>\n<p>Alle anderen sind auch herzlich willkommen! Allerdings ist es nicht schwer,<a title=\"Russisches Alphabet\" href=\"http:\/\/www.gymherm.de\/web\/08_fachbereiche\/russisch\/images\/alphabet.jpg\" target=\"_blank\"> hier<\/a> eine M\u00f6glichkeit.<\/p>\n<p>Wer an den Grungz\u00fcgen der russischen Sprache interessiert ist, schaue doch <a title=\"Russisch lernen\" href=\"http:\/\/www.russian-online.net\/de_start\/lektionen\/index_lektionen.php\" target=\"_blank\">hier<\/a> vorbei!<\/p>\n","protected":false},"excerpt":{"rendered":"<p>&#8222;Jasik, Sprache, l\u00e4nguitsch&#8220;&#8230; Zwar war das Sinnen \u00fcber Sprache (im Besonderen nat\u00fcrlich \u00fcber die deutsche Sprache) Teil meines Abitur, aber so oft und so intensiv wie hier habe ich noch nicht \u00fcber SPRACHE nachgedacht. Weil es also in diesem Men\u00fc &hellip; <a href=\"https:\/\/kulturweit.blog\/hannavj\/%d1%80%d1%83%d1%81%d1%81%d0%ba%d0%b8%d0%b9-%d1%8f%d0%b7%d1%8b%d0%ba\/\">Weiterlesen <span class=\"meta-nav\">&rarr;<\/span><\/a><\/p>\n","protected":false},"author":684,"featured_media":0,"parent":0,"menu_order":0,"comment_status":"open","ping_status":"open","template":"","meta":{"footnotes":""},"class_list":["post-97","page","type-page","status-publish","hentry"],"amp_enabled":true,"_links":{"self":[{"href":"https:\/\/kulturweit.blog\/hannavj\/wp-json\/wp\/v2\/pages\/97"}],"collection":[{"href":"https:\/\/kulturweit.blog\/hannavj\/wp-json\/wp\/v2\/pages"}],"about":[{"href":"https:\/\/kulturweit.blog\/hannavj\/wp-json\/wp\/v2\/types\/page"}],"author":[{"embeddable":true,"href":"https:\/\/kulturweit.blog\/hannavj\/wp-json\/wp\/v2\/users\/684"}],"replies":[{"embeddable":true,"href":"https:\/\/kulturweit.blog\/hannavj\/wp-json\/wp\/v2\/comments?post=97"}],"version-history":[{"count":1,"href":"https:\/\/kulturweit.blog\/hannavj\/wp-json\/wp\/v2\/pages\/97\/revisions"}],"predecessor-version":[{"id":99,"href":"https:\/\/kulturweit.blog\/hannavj\/wp-json\/wp\/v2\/pages\/97\/revisions\/99"}],"wp:attachment":[{"href":"https:\/\/kulturweit.blog\/hannavj\/wp-json\/wp\/v2\/media?parent=97"}],"curies":[{"name":"wp","href":"https:\/\/api.w.org\/{rel}","templated":true}]}}