{"id":583,"date":"2012-05-07T22:22:27","date_gmt":"2012-05-07T18:22:27","guid":{"rendered":"https:\/\/kulturweit.blog\/hannavj\/?page_id=583"},"modified":"2012-07-14T02:40:58","modified_gmt":"2012-07-13T22:40:58","slug":"bilder","status":"publish","type":"page","link":"https:\/\/kulturweit.blog\/hannavj\/bilder\/","title":{"rendered":"Bilder"},"content":{"rendered":"<p>Ein lange gehegter Plan. Bilder zu verschiedenen Themen. Man schaut aufmerksamer, anders. Man experimentiert und ist am Ende froh \u00fcber die Augen, die alles in einzigartiger Weise sehen und sammeln k\u00f6nnen.<\/p>\n<p>Ich versuche, verschiedene Themen zusammen zufassen. Die Chronologie geh\u00f6rt in die Artikel. Vielleicht gibt es Dopplungen&#8230;<\/p>\n<ul>\n<li><a href=\"https:\/\/kulturweit.blog\/hannavj\/2012\/05\/07\/%D1%86%D0%B2%D0%B5%D1%82%D1%8B\/\" target=\"_blank\">Blumenhinweise<\/a><\/li>\n<li><a href=\"https:\/\/kulturweit.blog\/hannavj\/2012\/05\/08\/auf-der-strase\/\" target=\"_blank\">Auf der Stra\u00dfe<\/a><\/li>\n<\/ul>\n","protected":false},"excerpt":{"rendered":"<p>Ein lange gehegter Plan. Bilder zu verschiedenen Themen. Man schaut aufmerksamer, anders. Man experimentiert und ist am Ende froh \u00fcber die Augen, die alles in einzigartiger Weise sehen und sammeln k\u00f6nnen. Ich versuche, verschiedene Themen zusammen zufassen. Die Chronologie geh\u00f6rt &hellip; <a href=\"https:\/\/kulturweit.blog\/hannavj\/bilder\/\">Weiterlesen <span class=\"meta-nav\">&rarr;<\/span><\/a><\/p>\n","protected":false},"author":684,"featured_media":0,"parent":0,"menu_order":0,"comment_status":"open","ping_status":"open","template":"","meta":{"footnotes":""},"class_list":["post-583","page","type-page","status-publish","hentry"],"amp_enabled":true,"_links":{"self":[{"href":"https:\/\/kulturweit.blog\/hannavj\/wp-json\/wp\/v2\/pages\/583"}],"collection":[{"href":"https:\/\/kulturweit.blog\/hannavj\/wp-json\/wp\/v2\/pages"}],"about":[{"href":"https:\/\/kulturweit.blog\/hannavj\/wp-json\/wp\/v2\/types\/page"}],"author":[{"embeddable":true,"href":"https:\/\/kulturweit.blog\/hannavj\/wp-json\/wp\/v2\/users\/684"}],"replies":[{"embeddable":true,"href":"https:\/\/kulturweit.blog\/hannavj\/wp-json\/wp\/v2\/comments?post=583"}],"version-history":[{"count":0,"href":"https:\/\/kulturweit.blog\/hannavj\/wp-json\/wp\/v2\/pages\/583\/revisions"}],"wp:attachment":[{"href":"https:\/\/kulturweit.blog\/hannavj\/wp-json\/wp\/v2\/media?parent=583"}],"curies":[{"name":"wp","href":"https:\/\/api.w.org\/{rel}","templated":true}]}}