{"id":416,"date":"2012-04-18T17:21:58","date_gmt":"2012-04-18T13:21:58","guid":{"rendered":"https:\/\/kulturweit.blog\/hannavj\/?page_id=416"},"modified":"2012-04-18T17:21:58","modified_gmt":"2012-04-18T13:21:58","slug":"3-kapitel","status":"publish","type":"page","link":"https:\/\/kulturweit.blog\/hannavj\/3-kapitel\/","title":{"rendered":"3. Kapitel"},"content":{"rendered":"<p>Auch dieses Mal ist mein Umzug der Grund f\u00fcr das Aufschlagen eines neuen Kapitels.<\/p>\n<p>Jetzt habe ich eine eigenes Zimmer und bin selber f\u00fcr mich verantwortlich. Das ist nicht nur hier in St. Petersburg etwas ganz Neues, sondern das erste Mal in meinem Leben. Vorhin auf dem Weg <em>nach Hause<\/em> habe ich \u00fcberlegt, ob ich mir das ganze Unternehmen St. Petersburg wohl vor einem Jahr zugetraut h\u00e4tte. Ich kann diese Frage nicht beantworten, weil mir diese Zukunftsgestaltung nicht in den Sinn gekommen w\u00e4re. Aber schlie\u00dflich habe ich hier nach immerhin sechs Wochen, aber ohne nennenswerte Sprachkenntnisse ohne zu z\u00f6gern &#8222;den Schritt in die Selbstst\u00e4ndigkeit gewagt&#8220;. Und ich habe mich in keinem Moment gef\u00fcrchtet oder es bereut, weil ich nicht wei\u00df, was wirklich passieren wird. Jetzt nach drei N\u00e4chten ist es vielleicht noch wie ein Ausflug &#8211; wie wird es in einem Monat sein?<\/p>\n<p>Ich freue mich jetzt auf alles, was kommt &#8211; vor allem auf den Fr\u00fchling! Was in der n\u00e4chsten Zeit bis zu den Sommerferien passiert, k\u00f6nnt Ihr hier nun lesen und anschauen.<\/p>\n<p>&nbsp;<\/p>\n","protected":false},"excerpt":{"rendered":"<p>Auch dieses Mal ist mein Umzug der Grund f\u00fcr das Aufschlagen eines neuen Kapitels. Jetzt habe ich eine eigenes Zimmer und bin selber f\u00fcr mich verantwortlich. Das ist nicht nur hier in St. Petersburg etwas ganz Neues, sondern das erste &hellip; <a href=\"https:\/\/kulturweit.blog\/hannavj\/3-kapitel\/\">Weiterlesen <span class=\"meta-nav\">&rarr;<\/span><\/a><\/p>\n","protected":false},"author":684,"featured_media":0,"parent":0,"menu_order":0,"comment_status":"open","ping_status":"open","template":"","meta":{"footnotes":""},"class_list":["post-416","page","type-page","status-publish","hentry"],"amp_enabled":true,"_links":{"self":[{"href":"https:\/\/kulturweit.blog\/hannavj\/wp-json\/wp\/v2\/pages\/416"}],"collection":[{"href":"https:\/\/kulturweit.blog\/hannavj\/wp-json\/wp\/v2\/pages"}],"about":[{"href":"https:\/\/kulturweit.blog\/hannavj\/wp-json\/wp\/v2\/types\/page"}],"author":[{"embeddable":true,"href":"https:\/\/kulturweit.blog\/hannavj\/wp-json\/wp\/v2\/users\/684"}],"replies":[{"embeddable":true,"href":"https:\/\/kulturweit.blog\/hannavj\/wp-json\/wp\/v2\/comments?post=416"}],"version-history":[{"count":0,"href":"https:\/\/kulturweit.blog\/hannavj\/wp-json\/wp\/v2\/pages\/416\/revisions"}],"wp:attachment":[{"href":"https:\/\/kulturweit.blog\/hannavj\/wp-json\/wp\/v2\/media?parent=416"}],"curies":[{"name":"wp","href":"https:\/\/api.w.org\/{rel}","templated":true}]}}