{"id":195,"date":"2012-03-18T19:25:16","date_gmt":"2012-03-18T16:25:16","guid":{"rendered":"https:\/\/kulturweit.blog\/hannavj\/?page_id=195"},"modified":"2012-03-18T19:25:16","modified_gmt":"2012-03-18T16:25:16","slug":"2-kapitel","status":"publish","type":"page","link":"https:\/\/kulturweit.blog\/hannavj\/2-kapitel\/","title":{"rendered":"2. Kapitel"},"content":{"rendered":"<p>Der &#8222;Prolog&#8220; ist in Hannover, der trauen Heimat entstanden.<\/p>\n<p>Als ich dann hier in Russland angekommen war, nannte ich meinen Men\u00fcpunkt &#8222;1. Kapitel&#8220;. Die folgerichtig gestellte Frage, wann das &#8222;2- Kapitel&#8220; beg\u00e4nne, konnte ich nicht beantworten.<\/p>\n<p>Aber ich habe die L\u00f6sung gefunden! Gestern, am 17. M\u00e4rz, bin ich umgezogen. Zeit also f\u00fcr einen neuen Men\u00fcpunkt!<\/p>\n","protected":false},"excerpt":{"rendered":"<p>Der &#8222;Prolog&#8220; ist in Hannover, der trauen Heimat entstanden. Als ich dann hier in Russland angekommen war, nannte ich meinen Men\u00fcpunkt &#8222;1. Kapitel&#8220;. Die folgerichtig gestellte Frage, wann das &#8222;2- Kapitel&#8220; beg\u00e4nne, konnte ich nicht beantworten. Aber ich habe die &hellip; <a href=\"https:\/\/kulturweit.blog\/hannavj\/2-kapitel\/\">Weiterlesen <span class=\"meta-nav\">&rarr;<\/span><\/a><\/p>\n","protected":false},"author":684,"featured_media":0,"parent":0,"menu_order":0,"comment_status":"open","ping_status":"open","template":"","meta":{"footnotes":""},"class_list":["post-195","page","type-page","status-publish","hentry"],"amp_enabled":true,"_links":{"self":[{"href":"https:\/\/kulturweit.blog\/hannavj\/wp-json\/wp\/v2\/pages\/195"}],"collection":[{"href":"https:\/\/kulturweit.blog\/hannavj\/wp-json\/wp\/v2\/pages"}],"about":[{"href":"https:\/\/kulturweit.blog\/hannavj\/wp-json\/wp\/v2\/types\/page"}],"author":[{"embeddable":true,"href":"https:\/\/kulturweit.blog\/hannavj\/wp-json\/wp\/v2\/users\/684"}],"replies":[{"embeddable":true,"href":"https:\/\/kulturweit.blog\/hannavj\/wp-json\/wp\/v2\/comments?post=195"}],"version-history":[{"count":0,"href":"https:\/\/kulturweit.blog\/hannavj\/wp-json\/wp\/v2\/pages\/195\/revisions"}],"wp:attachment":[{"href":"https:\/\/kulturweit.blog\/hannavj\/wp-json\/wp\/v2\/media?parent=195"}],"curies":[{"name":"wp","href":"https:\/\/api.w.org\/{rel}","templated":true}]}}