{"id":180,"date":"2012-03-12T15:46:20","date_gmt":"2012-03-12T12:46:20","guid":{"rendered":"https:\/\/kulturweit.blog\/hannavj\/?page_id=180"},"modified":"2012-03-18T19:44:55","modified_gmt":"2012-03-18T16:44:55","slug":"%d1%84%d0%be%d0%bd%d0%b0%d1%80%d0%b8%d0%ba%d0%b8","status":"publish","type":"page","link":"https:\/\/kulturweit.blog\/hannavj\/%d1%84%d0%be%d0%bd%d0%b0%d1%80%d0%b8%d0%ba%d0%b8\/","title":{"rendered":"\u0424\u043e\u043d\u0430\u0440\u0438\u043a\u0438"},"content":{"rendered":"<p><img loading=\"lazy\" decoding=\"async\" class=\"alignnone size-full wp-image-179\" src=\"https:\/\/kulturweit.blog\/hannavj\/files\/2012\/03\/img_9964.jpg\" alt=\"\" width=\"198\" height=\"132\" \/><img loading=\"lazy\" decoding=\"async\" class=\"size-full wp-image-177 aligncenter\" src=\"https:\/\/kulturweit.blog\/hannavj\/files\/2012\/03\/img_9961.jpg\" alt=\"\" width=\"198\" height=\"132\" \/><a href=\"https:\/\/kulturweit.blog\/hannavj\/files\/2012\/03\/img_9963.jpg\"><img loading=\"lazy\" decoding=\"async\" class=\"alignright size-full wp-image-178\" src=\"https:\/\/kulturweit.blog\/hannavj\/files\/2012\/03\/img_9963.jpg\" alt=\"\" width=\"198\" height=\"132\" \/><\/a>Einige Impressionen (auch Fotos genannt) vom <a title=\"Informationen zum 8. M\u00e4rz\" href=\"https:\/\/kulturweit.blog\/hannavj\/der-8-marz\/\" target=\"_blank\">8. M\u00e4rz<\/a>&#8230; Zusammen mit W\u00fcnschen haben wir die \u0424\u043e\u043d\u0430\u0440\u0438\u043a\u0438 (<em>fanariki=<\/em>Laterne, ich wei\u00df keinen ad\u00e4quaten deutschen Ausdruck f\u00fcr diese Objekte&#8230;)<\/p>\n<p>Der Wind und die K\u00e4lte, die unsere H\u00e4nde ergriff, machten das Anz\u00fcnden des kleinen &#8222;Parafinmotors&#8220; zu einer Herausforderung, aber ein geliehenes Feuerzeug leistet gute Dienste. So haben wir unsere private Feier des 8. M\u00e4rzes begangen und waren nicht bei der gro\u00dfen Laternenaktion, da der Weg in die Stadt durch die K\u00e4lte und den Rushhourverkehr gef\u00fchrt h\u00e4tte.<\/p>\n<p>Es war ein sch\u00f6ner Abend mit Aussicht auf einen freien Freitag&#8230; Und wer isst nicht gerne um 00:30 Uhr Eis und trinkt hei\u00dfen Tee dazu?<\/p>\n","protected":false},"excerpt":{"rendered":"<p>Einige Impressionen (auch Fotos genannt) vom 8. M\u00e4rz&#8230; Zusammen mit W\u00fcnschen haben wir die \u0424\u043e\u043d\u0430\u0440\u0438\u043a\u0438 (fanariki=Laterne, ich wei\u00df keinen ad\u00e4quaten deutschen Ausdruck f\u00fcr diese Objekte&#8230;) Der Wind und die K\u00e4lte, die unsere H\u00e4nde ergriff, machten das Anz\u00fcnden des kleinen &#8222;Parafinmotors&#8220; &hellip; <a href=\"https:\/\/kulturweit.blog\/hannavj\/%d1%84%d0%be%d0%bd%d0%b0%d1%80%d0%b8%d0%ba%d0%b8\/\">Weiterlesen <span class=\"meta-nav\">&rarr;<\/span><\/a><\/p>\n","protected":false},"author":684,"featured_media":179,"parent":0,"menu_order":0,"comment_status":"open","ping_status":"open","template":"","meta":{"footnotes":""},"class_list":["post-180","page","type-page","status-publish","has-post-thumbnail","hentry"],"amp_enabled":true,"_links":{"self":[{"href":"https:\/\/kulturweit.blog\/hannavj\/wp-json\/wp\/v2\/pages\/180"}],"collection":[{"href":"https:\/\/kulturweit.blog\/hannavj\/wp-json\/wp\/v2\/pages"}],"about":[{"href":"https:\/\/kulturweit.blog\/hannavj\/wp-json\/wp\/v2\/types\/page"}],"author":[{"embeddable":true,"href":"https:\/\/kulturweit.blog\/hannavj\/wp-json\/wp\/v2\/users\/684"}],"replies":[{"embeddable":true,"href":"https:\/\/kulturweit.blog\/hannavj\/wp-json\/wp\/v2\/comments?post=180"}],"version-history":[{"count":0,"href":"https:\/\/kulturweit.blog\/hannavj\/wp-json\/wp\/v2\/pages\/180\/revisions"}],"wp:featuredmedia":[{"embeddable":true,"href":"https:\/\/kulturweit.blog\/hannavj\/wp-json\/wp\/v2\/media\/179"}],"wp:attachment":[{"href":"https:\/\/kulturweit.blog\/hannavj\/wp-json\/wp\/v2\/media?parent=180"}],"curies":[{"name":"wp","href":"https:\/\/api.w.org\/{rel}","templated":true}]}}