{"id":275,"date":"2014-05-29T18:11:50","date_gmt":"2014-05-29T16:11:50","guid":{"rendered":"https:\/\/kulturweit.blog\/hannahmexicana\/?page_id=275"},"modified":"2015-03-26T22:15:03","modified_gmt":"2015-03-26T21:15:03","slug":"kreatives","status":"publish","type":"page","link":"https:\/\/kulturweit.blog\/hannahmexicana\/kreatives\/","title":{"rendered":"Kreatives"},"content":{"rendered":"<p>Meine brandneue Seite f\u00fcr Poesie, Zeichnungen, Fotos,&#8230;<\/p>\n<p>Alles Inspirierende, das mir hier \u00fcber den Weg und ins Ged\u00e4chtnis l\u00e4uft, versuche ich auf dieser Seite f\u00fcr euch festzuhalten.<\/p>\n<p>Legen wir doch direkt mal los:<\/p>\n<p>&nbsp;<\/p>\n<div id=\"attachment_309\" style=\"width: 695px\" class=\"wp-caption aligncenter\"><a href=\"https:\/\/kulturweit.blog\/hannahmexicana\/files\/2014\/05\/dead.jpg\"><img loading=\"lazy\" decoding=\"async\" aria-describedby=\"caption-attachment-309\" class=\"size-full wp-image-309\" src=\"https:\/\/kulturweit.blog\/hannahmexicana\/files\/2014\/05\/dead.jpg\" alt=\"Morbides Mexiko Kaum ein Land hat so eine spezielle, bunte und lebendige Beziehung zum Tod. Schaurig sch\u00f6n l\u00e4chelt uns diese Mariachi Dame an, sodass wir uns denken, ach ihr scheint es auch im Tod gut zu gehen! Und so soll es bei den verstobenen Verwandten n\u00e4mlich auch sein! Am d\u00eda de los muertos, dem Tag der Toten errichtet man daher f\u00fcr die Verstorbenen Altare, die man mit bunten Blumen schm\u00fcckt und alle Sachen bereitstellt, die dem Toten im Leben gefallen haben. Das kann eine Flasche Tequila, ein Musikinstrument, ein Foto oder eine Zigarre sein. Jedenfalls wird sich hier ehrlich und authentisch an den Toten erinnert und man m\u00f6chte ihm eine Freude machen, wenn sein Geist uns Anfang November besucht.  \" width=\"685\" height=\"1024\" srcset=\"https:\/\/kulturweit.blog\/hannahmexicana\/files\/2014\/05\/dead.jpg 685w, https:\/\/kulturweit.blog\/hannahmexicana\/files\/2014\/05\/dead-300x448.jpg 300w\" sizes=\"(max-width: 685px) 100vw, 685px\" \/><\/a><p id=\"caption-attachment-309\" class=\"wp-caption-text\">Morbides Mexiko<br \/>Kaum ein Land hat so eine spezielle, bunte und lebendige Beziehung zum Tod. Schaurig sch\u00f6n l\u00e4chelt uns diese Mariachi Dame an, sodass wir uns denken, ach ihr scheint es auch im Tod gut zu gehen! Und so soll es bei den verstobenen Verwandten n\u00e4mlich auch sein! Am d\u00eda de los muertos, dem Tag der Toten errichtet man daher f\u00fcr die Verstorbenen Altare, die man mit bunten Blumen schm\u00fcckt und alle Sachen bereitstellt, die dem Toten im Leben gefallen haben. Das kann eine Flasche Tequila, ein Musikinstrument, ein Foto oder eine Zigarre sein. Jedenfalls wird sich hier ehrlich und authentisch an den Toten erinnert und man m\u00f6chte ihm eine Freude machen, wenn sein Geist uns Anfang November besucht. \u00a0Die weibliche \u00a0Totendarstellung ist die Katrina. Passend zu ihr und ihrer Darstellung fallen mir folgende Zitate ein: \u00a0 \u00a0 \u00a0 \u00a0 \u00a0 \u00a0 \u00a0 \u00a0 \u00a0 \u00a0 \u00a0 \u00a0 \u00a0 \u00a0 \u00a0 \u00a0 \u00a0 \u00a0 \u00a0 \u00a0 \u00a0 \u00a0 \u00a0 \u00a0 \u00a0 \u00a0 \u00a0 \u00a0 \u00a0 \u00a0 \u00a0 \u00a0 \u00a0 \u00a0 \u00a0 \u00a0 \u00a0 \u00a0 \u00a0 \u00a0 \u00a0 \u00a0 \u00a0 \u00a0 \u00a0 \u00a0 \u00a0 \u00a0 \u00a0Sch\u00f6nheit ist verg\u00e4nglich. \u00a0Der Tod hingegen allgegenw\u00e4rtig. \u00a0 \u00a0 \u00a0 \u00a0 \u00a0 \u00a0 \u00a0 \u00a0Alter sch\u00fctzt vor Liebe nicht, aber Liebe vor dem Altern.<\/p><\/div>\n<p>&nbsp;<\/p>\n<p>&nbsp;<\/p>\n<div id=\"attachment_276\" style=\"width: 970px\" class=\"wp-caption aligncenter\"><a href=\"https:\/\/kulturweit.blog\/hannahmexicana\/files\/2014\/05\/Wehrbellinsee.jpg\"><img loading=\"lazy\" decoding=\"async\" aria-describedby=\"caption-attachment-276\" class=\"size-full wp-image-276\" src=\"https:\/\/kulturweit.blog\/hannahmexicana\/files\/2014\/05\/Wehrbellinsee.jpg\" alt=\"einer meiner intensivsten und kreativsten Momenten hatte ich hier: Am Wehrbellinsee beim kulturweit-Vorbereitungsseminar. In nur 11 Tagen wird man hier so aufgeladen mit Ideen, Anregungen und dem Gef\u00fchl, die Welt ver\u00e4ndern zu k\u00f6nnen! Und das nicht alleine, sondern mit all den jungen, interessanten, aufgeregten Menschen, die vor ihrer gro\u00dfen Reise stehen.\" width=\"960\" height=\"720\" srcset=\"https:\/\/kulturweit.blog\/hannahmexicana\/files\/2014\/05\/Wehrbellinsee.jpg 960w, https:\/\/kulturweit.blog\/hannahmexicana\/files\/2014\/05\/Wehrbellinsee-300x225.jpg 300w\" sizes=\"(max-width: 960px) 100vw, 960px\" \/><\/a><p id=\"caption-attachment-276\" class=\"wp-caption-text\">einer meiner intensivsten und kreativsten Momenten hatte ich hier: Am Wehrbellinsee beim kulturweit-Vorbereitungsseminar. In nur 11 Tagen wird man hier so aufgeladen mit Ideen, Anregungen und dem Gef\u00fchl, die Welt ver\u00e4ndern zu k\u00f6nnen! Und das nicht alleine, sondern mit all den jungen, interessanten, aufgeregten Menschen, die vor ihrer gro\u00dfen Reise stehen.<\/p><\/div>\n<p>&nbsp;<\/p>\n<div id=\"attachment_277\" style=\"width: 740px\" class=\"wp-caption aligncenter\"><a href=\"https:\/\/kulturweit.blog\/hannahmexicana\/files\/2014\/05\/img104.jpg\"><img loading=\"lazy\" decoding=\"async\" aria-describedby=\"caption-attachment-277\" class=\"size-full wp-image-277\" src=\"https:\/\/kulturweit.blog\/hannahmexicana\/files\/2014\/05\/img104.jpg\" alt=\"Ein Popartbild von der positivsten Person, die ich kenne, und das, obwohl sie so viel (Schreckliches) durchlebt und mitgemacht hat. Ein Mensch gepr\u00e4gt von Erinnerungen und einzigartigen Geschichten, der nie verzagt und in jeder Situation einen flotten Spruch auf den Lippen hat! Danke Oma.\" width=\"730\" height=\"1024\" srcset=\"https:\/\/kulturweit.blog\/hannahmexicana\/files\/2014\/05\/img104.jpg 730w, https:\/\/kulturweit.blog\/hannahmexicana\/files\/2014\/05\/img104-300x420.jpg 300w\" sizes=\"(max-width: 730px) 100vw, 730px\" \/><\/a><p id=\"caption-attachment-277\" class=\"wp-caption-text\">Ein Popart-Portr\u00e4t von der positivsten Person, die ich kenne, und das, obwohl sie so viel (Schreckliches) durchlebt und mitgemacht hat. Ein Mensch gepr\u00e4gt von Erinnerungen und einzigartigen Geschichten, der nie verzagt und in jeder Situation einen flotten Spruch auf den Lippen hat! Danke Oma.<\/p><\/div>\n<p><img decoding=\"async\" src=\"https:\/\/kulturweit.blog\/hannahmexicana\/files\/2015\/03\/LENTOS5.jpg\" alt=\"Mode und Verg\u00e4nglichkeit\" \/><\/p>\n<p>\u201clento\u201d hei\u00dft langsam oder lahm auf Spanisch, und LENTOS ist auch der Name des Museums f\u00fcr Moderne Kunst in Linz, der drittgr\u00f6\u00dften Stadt \u00d6sterreichs (Danke, Wikipedia). Am 13.03.2015 hat dort eine neue Austellung names LOVE &amp; LOSS er\u00f6ffnet. Diese zeigt auf eindrucksvolle Weise die Verg\u00e4nglichkeit von Mode in unserer schnelllebigen, \u201ckarrieregeilen\u201d Welt. Und ich war dabei. Ausgestellt wurden unter Anderem Kleider von Alexander McQueen, wobei Kleider vielleicht der falsche Begriff ist, da McQueen vermutlich daf\u00fcr bekannt ist, dass seine Sch\u00f6pfungen nicht besonders tragbar sind\u2026bzw. waren. Dies ist jedoch keineswegs negativ gemeint. Denn dann handelt es sich eben nicht um ein \u201cKleid von der Stange\u201d sondern um ein Austellungswerk, das sind nicht im \u00a0Kleiderschrank befinden sollte, sondern so wie ein Gem\u00e4lde an der Wand, in einem Museum anzutreffen sein sollte. \u2013 Ich verstehe mich sowieso nicht so gut auf Mode im Begriff von Fashiontrends f\u00fcr eine Saison, sondern bin \u00fcberzeugt, dass Kleidertausch und Langlebigkeit von Kleidung der Trend f\u00fcr die Zukunft sein sollte. \u00a0 Und obwohl das hier mit Sicherheit kein Fashion-Blog ist, da ich leider nicht up to date genug bin und das Thema lieber Leuten \u00fcberlasse, die in den Front Rows der Fashion Week sitzen, zur\u00fcck zu Alexander McQueen: An seinen Kleidern hat mich die ausgezeichnete Kunstf\u00e4higkeit und Morbidit\u00e4t (\u00a0http:\/\/www.duden.de\/rechtschreibung\/Morbiditaet \u00a0) fasziniert und ich war sogar in der Lage dadurch eine Verbindung zu der mexikanischen \u00a0Kultur aufzustllen. Mein Fazit: McQueen ist der verk\u00f6rpert in seinen Werken den Geist des d\u00eda de los muertos und schafft sich selbst damit einen au\u00dfergew\u00f6hnlichen Totenkult, mit dem er sich selbst unsterblich werden l\u00e4sst. Das Titelbild der Sonderausstellung zeigt Kate Moss, allerdings nicht perfekt gestylt und abgelichtet in dem Trend der letzten \u00a0Saison, nein es zeigt Kate als \u00a0Mensch und nicht als Model, so abgefuckt wie eine zerschlissene Jeans. \u2013 Daher bringt dieses Bild die Ausstellung perfekt auf den (toten) Punkt! Was haltet ihr von der Austellung? War vielleicht schon jemand von euch da? Falls nicht, lasst euch von den Fotos inspirieren Mich w\u00fcrde interessieren, was allgemein eure Meinung zu Mode als Kunst ist und wie ihr zu der Schnelllebigkeit von Trends steht. Bleibt ihr EUREM Style treu? Zeitlos schick oder immer up to date? Wer von euch nimmt an Kleidertauschevents teil ?<\/p>\n<p>Lese mehr des Artikels &#8220;LENTOS \u2013 gar nicht lahm!&#8221; beim \u00bbkulturweit\u00ab Blog: <a href=\"https:\/\/kulturweit.blog\/hannahmexicana\/?p=323\">https:\/\/kulturweit.blog\/hannahmexicana\/?p=323<\/a><\/p>\n<p>&nbsp;<\/p>\n","protected":false},"excerpt":{"rendered":"<p>Meine brandneue Seite f\u00fcr Poesie, Zeichnungen, Fotos,&#8230; Alles Inspirierende, das mir hier \u00fcber den Weg&hellip;<\/p>\n","protected":false},"author":1220,"featured_media":276,"parent":0,"menu_order":0,"comment_status":"open","ping_status":"open","template":"","meta":{"footnotes":""},"class_list":["post-275","page","type-page","status-publish","has-post-thumbnail","hentry"],"_links":{"self":[{"href":"https:\/\/kulturweit.blog\/hannahmexicana\/wp-json\/wp\/v2\/pages\/275"}],"collection":[{"href":"https:\/\/kulturweit.blog\/hannahmexicana\/wp-json\/wp\/v2\/pages"}],"about":[{"href":"https:\/\/kulturweit.blog\/hannahmexicana\/wp-json\/wp\/v2\/types\/page"}],"author":[{"embeddable":true,"href":"https:\/\/kulturweit.blog\/hannahmexicana\/wp-json\/wp\/v2\/users\/1220"}],"replies":[{"embeddable":true,"href":"https:\/\/kulturweit.blog\/hannahmexicana\/wp-json\/wp\/v2\/comments?post=275"}],"version-history":[{"count":1,"href":"https:\/\/kulturweit.blog\/hannahmexicana\/wp-json\/wp\/v2\/pages\/275\/revisions"}],"predecessor-version":[{"id":310,"href":"https:\/\/kulturweit.blog\/hannahmexicana\/wp-json\/wp\/v2\/pages\/275\/revisions\/310"}],"wp:featuredmedia":[{"embeddable":true,"href":"https:\/\/kulturweit.blog\/hannahmexicana\/wp-json\/wp\/v2\/media\/276"}],"wp:attachment":[{"href":"https:\/\/kulturweit.blog\/hannahmexicana\/wp-json\/wp\/v2\/media?parent=275"}],"curies":[{"name":"wp","href":"https:\/\/api.w.org\/{rel}","templated":true}]}}