{"id":2,"date":"2013-08-08T15:46:55","date_gmt":"2013-08-08T15:46:55","guid":{"rendered":"https:\/\/kulturweit.blog\/hannahmexicana\/?page_id=2"},"modified":"2014-06-23T22:39:05","modified_gmt":"2014-06-23T20:39:05","slug":"beispiel-seite","status":"publish","type":"page","link":"https:\/\/kulturweit.blog\/hannahmexicana\/beispiel-seite\/","title":{"rendered":"Wie, wo, was?"},"content":{"rendered":"<p>Herzlich Willkommen auf meinem Blog, Welcome y Bienvenidos en mi p\u00e1gina,<\/p>\n<p>Rechts neben dem, was ihr hier lest, seht ihr mich und eine kleine Vorstellung ( ja rechts von euch aus, nicht aus Sicht des Computers).<\/p>\n<p>Dies ist mein, von kulturweit bereitgestellter Blog, auf dem ich \u00fcber\u00a0mein\u00a0Jahr im Ausland, \u00fcberwiegend hier in Mexiko schreibe. Mexiko ist ein \u00fcberw\u00e4ltigendes und vor Allem riesengro\u00dfes Land. Au\u00dferdem ist es eine positive \u00dcberraschung. Das einzige, was in Deutschland von Mexiko verbreitet wird sind Drogenkriege, Tequila und Sombrero tragende Mariachi. Das ist eine &#8220;single story&#8221; und ich hoffe, dass ich diese erweitern und mit wahren Begebenheiten ausschm\u00fccken und korrigieren kann.<\/p>\n<p>Bedenkt bitte, dass auch ich hier aus meiner pers\u00f6nlichen Erfahrung spreche, das ist also auch nur eine Sicht &#8211; meine Sicht, &#8220;my single story&#8221; :<\/p>\n<p>&#8212;&gt; ANKLICKEN SONST VERSTEHT MAN&#8217;S NICHT : https:\/\/www.youtube.com\/watch?v=D9Ihs241zeg<\/p>\n<p>&nbsp;<\/p>\n<p>&nbsp;<\/p>\n<p><a href=\"http:\/\/www.muensterlandzeitung.de\/lokales\/stadtlohn\/Unterricht-in-Mexiko-Hannah-Redders-als-Botschafterin;art959,2095273\">http:\/\/www.muensterlandzeitung.de\/lokales\/stadtlohn\/Unterricht-in-Mexiko-Hannah-Redders-als-Botschafterin;art959,2095273<\/a><\/p>\n<p>Hannah \ud83d\ude42<\/p>\n","protected":false},"excerpt":{"rendered":"<p>Herzlich Willkommen auf meinem Blog, Welcome y Bienvenidos en mi p\u00e1gina, Rechts neben dem, was&hellip;<\/p>\n","protected":false},"author":1220,"featured_media":0,"parent":0,"menu_order":0,"comment_status":"closed","ping_status":"open","template":"","meta":{"footnotes":""},"class_list":["post-2","page","type-page","status-publish","hentry"],"_links":{"self":[{"href":"https:\/\/kulturweit.blog\/hannahmexicana\/wp-json\/wp\/v2\/pages\/2"}],"collection":[{"href":"https:\/\/kulturweit.blog\/hannahmexicana\/wp-json\/wp\/v2\/pages"}],"about":[{"href":"https:\/\/kulturweit.blog\/hannahmexicana\/wp-json\/wp\/v2\/types\/page"}],"author":[{"embeddable":true,"href":"https:\/\/kulturweit.blog\/hannahmexicana\/wp-json\/wp\/v2\/users\/1220"}],"replies":[{"embeddable":true,"href":"https:\/\/kulturweit.blog\/hannahmexicana\/wp-json\/wp\/v2\/comments?post=2"}],"version-history":[{"count":1,"href":"https:\/\/kulturweit.blog\/hannahmexicana\/wp-json\/wp\/v2\/pages\/2\/revisions"}],"predecessor-version":[{"id":12,"href":"https:\/\/kulturweit.blog\/hannahmexicana\/wp-json\/wp\/v2\/pages\/2\/revisions\/12"}],"wp:attachment":[{"href":"https:\/\/kulturweit.blog\/hannahmexicana\/wp-json\/wp\/v2\/media?parent=2"}],"curies":[{"name":"wp","href":"https:\/\/api.w.org\/{rel}","templated":true}]}}