{"id":21,"date":"2024-09-11T13:47:15","date_gmt":"2024-09-11T11:47:15","guid":{"rendered":"https:\/\/kulturweit.blog\/gyumri2425ilka\/?page_id=21"},"modified":"2024-09-12T11:04:54","modified_gmt":"2024-09-12T09:04:54","slug":"ueber-mich","status":"publish","type":"page","link":"https:\/\/kulturweit.blog\/gyumri2425ilka\/ueber-mich\/","title":{"rendered":"\u00dcber mich"},"content":{"rendered":"<table class=\"profile-fields\">\n<tbody>\n<tr class=\"field_6 field_ueber-mich optional-field visibility-public field_type_textarea\">\n<td class=\"data\">Hallo zusammen! \ud83d\ude0a<\/p>\n<p>Was gibt es \u00fcber mich zu wissen? Nun, ich k\u00f6nnte bestimmt so einiges erz\u00e4hlen. Zum Beispiel dass ich dieses Jahr mein Abi gemacht habe und ein Dorfkind bin. Dass ich seit \u00fcber 10 Jahren Geige spiele und gerne tanze. Dass ich Feuerwehrfrau bin und mich jetzt ins Abenteuer \u201eAuslandsjahr\u201c st\u00fcrze.<\/p>\n<p>Aber wenn wir ehrlich sind, sind es weniger die harten Fakten als die feinen Details, die uns ausmachen. Die Dinge, die man erst bemerkt, wenn man einen Menschen richtig kennenlernt. Hier also noch ein paar Details \u00fcber mich:<\/p>\n<p>\u2022 Ich hasse Tomaten. (Nein wirklich, Pizza-Sauce und Bolognese sind das Maximum der Gef\u00fchle. Bei Ketchup ziehe ich schon die Grenze.)<\/p>\n<p>\u2022 Auch wenn ich es nie als Hobby in einem Freundebuch angeben w\u00fcrde, liebe ich es, spazieren oder wandern zu gehen. Frische Luft, Natur, Bewegung und optional nette Gesellschaft \u2013 was will man mehr?<\/p>\n<p>\u2022 Ich habe eine Narbe unterm Kinn, die von einem sehr eleganten Sturz auf Inlinern stammt.<\/p>\n<p>\u2022 Meine derzeitigen Lieblings-Bands sind Provinz und RAUM27.<\/p>\n<p>Ich denke, dass ihr so einen kleinen Einblick in meine Welt bekommen habt und m\u00f6chte nun nur noch ein paar Worte zu meinem Auslandjahr sagen:<\/p>\n<p>Ich mache ein FSJ mit kulturweit in Armenien. Kulturweit ist ein Programm der Deutschen UNESCO-Kommission, das mit Mitteln des Ausw\u00e4rtigen Amtes finanziell erm\u00f6glicht wird und interkulturellen Austausch zum Ziel hat. Hierbei arbeitet kulturweit mit verschiedenen deutschen Organisationen im Ausland zusammen. Meine Partnerorganisation ist der P\u00e4dagogische Austauschdienst (PAD), der u.A. die Photon Oberschule in Gyumri bei ihrem DSD-Programm unterst\u00fctzt. Davon werde ich nun auch ein Teil sein und den Unterricht von Deutsch als Fremdsprache begleiten und die beiden Deutschlehrerinnen so gut es geht unterst\u00fctzen.<\/p>\n<p>So, damit hab ich mal wieder viel zu viel geschrieben (noch so ein Detail \u00fcber mich) und will nun zum Punkt kommen: Falls ihr Lust habt, k\u00f6nnt ihr mich sehr gerne hier \u00fcber diesen Blog auf meiner Reise in Armenien begleiten. Ich freue mich auf die Zeit mit euch!<\/p>\n<p>Eure Ilka<\/td>\n<\/tr>\n<\/tbody>\n<\/table>\n<p><a href=\"https:\/\/kulturweit.blog\/gyumri2425ilka\/files\/2024\/09\/IMG_20240731_1133211.jpg\"><img loading=\"lazy\" decoding=\"async\" class=\"alignnone wp-image-20\" src=\"https:\/\/kulturweit.blog\/gyumri2425ilka\/files\/2024\/09\/IMG_20240731_1133211-300x401.jpg\" alt=\"\" width=\"235\" height=\"314\" srcset=\"https:\/\/kulturweit.blog\/gyumri2425ilka\/files\/2024\/09\/IMG_20240731_1133211-300x401.jpg 300w, https:\/\/kulturweit.blog\/gyumri2425ilka\/files\/2024\/09\/IMG_20240731_1133211-624x834.jpg 624w, https:\/\/kulturweit.blog\/gyumri2425ilka\/files\/2024\/09\/IMG_20240731_1133211.jpg 766w\" sizes=\"(max-width: 235px) 100vw, 235px\" \/><\/a><\/p>\n","protected":false},"excerpt":{"rendered":"<p>Hallo zusammen! \ud83d\ude0a Was gibt es \u00fcber mich zu wissen? Nun, ich k\u00f6nnte bestimmt so einiges erz\u00e4hlen. Zum Beispiel dass ich dieses Jahr mein Abi gemacht habe und ein Dorfkind bin. Dass ich seit \u00fcber 10 Jahren Geige spiele und gerne tanze. Dass ich Feuerwehrfrau bin und mich jetzt ins Abenteuer \u201eAuslandsjahr\u201c st\u00fcrze. Aber wenn [&hellip;]<\/p>\n","protected":false},"author":3272,"featured_media":0,"parent":0,"menu_order":0,"comment_status":"closed","ping_status":"closed","template":"","meta":{"footnotes":""},"class_list":["post-21","page","type-page","status-publish","hentry"],"amp_enabled":true,"_links":{"self":[{"href":"https:\/\/kulturweit.blog\/gyumri2425ilka\/wp-json\/wp\/v2\/pages\/21"}],"collection":[{"href":"https:\/\/kulturweit.blog\/gyumri2425ilka\/wp-json\/wp\/v2\/pages"}],"about":[{"href":"https:\/\/kulturweit.blog\/gyumri2425ilka\/wp-json\/wp\/v2\/types\/page"}],"author":[{"embeddable":true,"href":"https:\/\/kulturweit.blog\/gyumri2425ilka\/wp-json\/wp\/v2\/users\/3272"}],"replies":[{"embeddable":true,"href":"https:\/\/kulturweit.blog\/gyumri2425ilka\/wp-json\/wp\/v2\/comments?post=21"}],"version-history":[{"count":3,"href":"https:\/\/kulturweit.blog\/gyumri2425ilka\/wp-json\/wp\/v2\/pages\/21\/revisions"}],"predecessor-version":[{"id":39,"href":"https:\/\/kulturweit.blog\/gyumri2425ilka\/wp-json\/wp\/v2\/pages\/21\/revisions\/39"}],"wp:attachment":[{"href":"https:\/\/kulturweit.blog\/gyumri2425ilka\/wp-json\/wp\/v2\/media?parent=21"}],"curies":[{"name":"wp","href":"https:\/\/api.w.org\/{rel}","templated":true}]}}