{"id":5,"date":"2016-02-28T13:23:00","date_gmt":"2016-02-28T12:23:00","guid":{"rendered":"https:\/\/kulturweit.blog\/fsjparaguay\/?page_id=5"},"modified":"2016-03-03T12:45:27","modified_gmt":"2016-03-03T11:45:27","slug":"prolog","status":"publish","type":"page","link":"https:\/\/kulturweit.blog\/fsjparaguay\/prolog\/","title":{"rendered":"Prolog"},"content":{"rendered":"<h1 style=\"text-align: center\">Herzlich Willkommen!<br \/>\n<em>\u00a1Bienvenidos!<\/em><\/h1>\n<p>Mein Name ist Leonie und ich nehme an <a href=\"http:\/\/www.kulturweit.de\/de.html\" target=\"_blank\">kulturweit<\/a>, dem internationalen Freiwilligendienst der deutschen UNESCO-Kommission, teil. kulturweit wird vom Ausw\u00e4rtigen Amt unterst\u00fctzt und erm\u00f6glicht es jungen Menschen zwischen 18 und 26, im Bereich der Kultur- und Bildungspolitik im Ausland t\u00e4tig zu werden. Meine Partnerorganisation sind der P\u00e4dagogische Austauschdienst (PAD) zusammen mit der Zentralstelle f\u00fcr das Auslandsschulwesen (ZfA).<br \/>\nVon M\u00e4rz bis August 2016 verbringe ich sechs Monate an einer deutschen Schule in der paraguayischen Provinz San Pedro, um dort im Unterricht zu helfen und bei Schulprojekten mitzuwirken.<\/p>\n<p><em>Mi nombre es Leonie y participo en un programa del servicio voluntario internacional de kulturweit. kulturweit es el servicio voluntariado de la comisi\u00f3n alemana de la UNESCO financiado por el Ministerio de Asuntos Exteriores.<\/em><br \/>\n<em>Estoy seis meses trabajando en un colegio alem\u00e1n en el coraz\u00f3n de la provincia paraguaya de San Pedro. Aqu\u00ed apoyo a los profesores durante las clases y trabajo en proyectos escolares diversos.<\/em><\/p>\n<p>Im Vorfeld meines Freiwilligendienstes habe ich die Blogs anderer Freiwilliger gelesen. Durch ihre Texte und Fotos habe ich eine Vorstellung davon gewonnen, was kulturweit eigentlich bedeutet.<br \/>\nDie kulturweit-Blogs wirken auf mich wie ein vielfarbiges Kaleidoskop pers\u00f6nlicher Erlebnisse, Erfahrungen und Eindr\u00fccke; sie alle erz\u00e4hlen von unterschiedlichen L\u00e4ndern, Kulturen, Einsatzbereichen und Projekten.<br \/>\nAuch ich m\u00f6chte gerne einen Teil dazu beitragen und meine Erfahrungen weitergeben. Ich freue mich \u00fcber Kommentare und beantworte gerne Fragen.<br \/>\nWie bereits angedeutet, ist mein Blog keinesfalls objektiv. Die Motive und Skizzen, die ich dem Kaleidoskop hinzuf\u00fcge, sind Fragmente aus dem Alltag und tragen meine pers\u00f6nliche F\u00e4rbung. Ich setze Schlagschatten und Kontraste oder gebe Details ein Eigenlicht. Mein Blog kann \u2013 subjektiv und frei im Stil \u2013 nur einem Notizbuch oder einem Skizzenblock gleichen. Viel Spa\u00df beim Durchbl\u00e4ttern!<\/p>\n","protected":false},"excerpt":{"rendered":"<p>Herzlich Willkommen! \u00a1Bienvenidos! Mein Name ist Leonie und ich nehme an kulturweit, dem internationalen Freiwilligendienst der deutschen UNESCO-Kommission, teil. kulturweit wird vom Ausw\u00e4rtigen Amt unterst\u00fctzt und erm\u00f6glicht es jungen Menschen zwischen 18 und 26, im Bereich der Kultur- und Bildungspolitik im Ausland t\u00e4tig zu werden. Meine Partnerorganisation sind der P\u00e4dagogische Austauschdienst (PAD) zusammen mit der [&hellip;]<\/p>\n","protected":false},"author":1888,"featured_media":0,"parent":0,"menu_order":0,"comment_status":"closed","ping_status":"closed","template":"","meta":{"footnotes":""},"class_list":["post-5","page","type-page","status-publish","hentry"],"amp_enabled":true,"_links":{"self":[{"href":"https:\/\/kulturweit.blog\/fsjparaguay\/wp-json\/wp\/v2\/pages\/5"}],"collection":[{"href":"https:\/\/kulturweit.blog\/fsjparaguay\/wp-json\/wp\/v2\/pages"}],"about":[{"href":"https:\/\/kulturweit.blog\/fsjparaguay\/wp-json\/wp\/v2\/types\/page"}],"author":[{"embeddable":true,"href":"https:\/\/kulturweit.blog\/fsjparaguay\/wp-json\/wp\/v2\/users\/1888"}],"replies":[{"embeddable":true,"href":"https:\/\/kulturweit.blog\/fsjparaguay\/wp-json\/wp\/v2\/comments?post=5"}],"version-history":[{"count":3,"href":"https:\/\/kulturweit.blog\/fsjparaguay\/wp-json\/wp\/v2\/pages\/5\/revisions"}],"predecessor-version":[{"id":12,"href":"https:\/\/kulturweit.blog\/fsjparaguay\/wp-json\/wp\/v2\/pages\/5\/revisions\/12"}],"wp:attachment":[{"href":"https:\/\/kulturweit.blog\/fsjparaguay\/wp-json\/wp\/v2\/media?parent=5"}],"curies":[{"name":"wp","href":"https:\/\/api.w.org\/{rel}","templated":true}]}}