{"id":2,"date":"2014-09-02T17:48:57","date_gmt":"2014-09-02T15:48:57","guid":{"rendered":"https:\/\/kulturweit.blog\/floinjamaica\/?page_id=2"},"modified":"2014-09-03T17:37:45","modified_gmt":"2014-09-03T15:37:45","slug":"beispiel-seite","status":"publish","type":"page","link":"https:\/\/kulturweit.blog\/floinjamaica\/beispiel-seite\/","title":{"rendered":"\u00dcber mich"},"content":{"rendered":"<p>Liebe Leser,<\/p>\n<p>wie sch\u00f6n, dass Ihr auf diese Seite gefunden habt. Herzlich willkommen auf meinem blog! Hier werde ich die n\u00e4chsten Wochen und Monate \u00fcber meine Eindr\u00fccke von meinem Leben auf Jamaika berichten. Dabei ist es mir wichtig zu betonen, dass es sich dabei um meine pers\u00f6nliche Sicht der Dinge handelt und ich keinen Anspruch auf Vollst\u00e4ndigkeit aller Fakten lege.<\/p>\n<p>Ich freue mich, wenn Ihr diese Seite regelm\u00e4\u00dfig besucht und sollten meine Eintr\u00e4ge Fragen aufwerfen oder solltet ihr sonstiges Feed-back geben wollen, lade ich Euch ein, flei\u00dfig zu kommentieren.<\/p>\n<p>Eure Flo<\/p>\n","protected":false},"excerpt":{"rendered":"<p>Liebe Leser, wie sch\u00f6n, dass Ihr auf diese Seite gefunden habt. Herzlich willkommen auf meinem blog! Hier werde ich die n\u00e4chsten Wochen und Monate \u00fcber meine Eindr\u00fccke von meinem Leben auf Jamaika berichten. Dabei ist es mir wichtig zu betonen, &hellip; <a href=\"https:\/\/kulturweit.blog\/floinjamaica\/beispiel-seite\/\">Weiterlesen &rarr;<\/a><\/p>\n","protected":false},"author":1456,"featured_media":0,"parent":0,"menu_order":0,"comment_status":"closed","ping_status":"open","template":"","meta":{"footnotes":""},"class_list":["post-2","page","type-page","status-publish","hentry"],"amp_enabled":true,"_links":{"self":[{"href":"https:\/\/kulturweit.blog\/floinjamaica\/wp-json\/wp\/v2\/pages\/2"}],"collection":[{"href":"https:\/\/kulturweit.blog\/floinjamaica\/wp-json\/wp\/v2\/pages"}],"about":[{"href":"https:\/\/kulturweit.blog\/floinjamaica\/wp-json\/wp\/v2\/types\/page"}],"author":[{"embeddable":true,"href":"https:\/\/kulturweit.blog\/floinjamaica\/wp-json\/wp\/v2\/users\/1456"}],"replies":[{"embeddable":true,"href":"https:\/\/kulturweit.blog\/floinjamaica\/wp-json\/wp\/v2\/comments?post=2"}],"version-history":[{"count":1,"href":"https:\/\/kulturweit.blog\/floinjamaica\/wp-json\/wp\/v2\/pages\/2\/revisions"}],"predecessor-version":[{"id":20,"href":"https:\/\/kulturweit.blog\/floinjamaica\/wp-json\/wp\/v2\/pages\/2\/revisions\/20"}],"wp:attachment":[{"href":"https:\/\/kulturweit.blog\/floinjamaica\/wp-json\/wp\/v2\/media?parent=2"}],"curies":[{"name":"wp","href":"https:\/\/api.w.org\/{rel}","templated":true}]}}