{"id":58,"date":"2015-09-20T09:59:50","date_gmt":"2015-09-20T07:59:50","guid":{"rendered":"https:\/\/kulturweit.blog\/evainbelgrad\/?page_id=58"},"modified":"2015-09-20T09:59:50","modified_gmt":"2015-09-20T07:59:50","slug":"bloggen-eine-einfuehrung","status":"publish","type":"page","link":"https:\/\/kulturweit.blog\/evainbelgrad\/bloggen-eine-einfuehrung\/","title":{"rendered":"Bloggen &#8211; Eine Einf\u00fchrung"},"content":{"rendered":"<p>Auf dem Vorbereitungsseminar habe ich versucht euch innerhalb von 45 Minuten in das Thema Bloggen einzuf\u00fchren. Wie versprochen stelle ich hier nun das Handout online. Wenn ihr weitere Fragen habt, kontaktiert mich gerne!<br \/>\n<!--more--><\/p>\n<h2>1. Zu dieser Einf\u00fchrung<\/h2>\n<p>Thema NICHT: Was berichten, Wie berichten, Technisches<br \/>\nThema STATTDESSEN: Redaktionell: Wie bereite ich meinen Text f\u00fcr den Blog auf, wie sorge ich daf\u00fcr, dass meine Blogtexte tats\u00e4chlich gelesen werden<\/p>\n<h2>2. HTML: Keine Angst vor \u00dcberschriften<\/h2>\n<p>Einfache HTML-Tags \u2013 z.B. zur Markierung von \u00dcberschriften und zum Erstellen von Tabellen<br \/>\nLink-Tipp: <a href=\"http:\/\/www.html-seminar.de\" target=\"_blank\">www.html-seminar.de<\/a><br \/>\nBzw. WordPress, HTML-Editor: kompozer<\/p>\n<h2>3. Der More-Tag<\/h2>\n<h2>4. SEO ganz kurz<\/h2>\n<h2>5. Den Text strukturieren<\/h2>\n<p>1. Erster Absatz<br \/>\n2. Zwischen\u00fcberschriften<br \/>\n3. Fazit \/ Roter Faden<\/p>\n<h2>6. Bilder und Videos in den Beitrag einbinden<\/h2>\n<h2>7. Rechtliches<\/h2>\n<h3>1. Bilder<\/h3>\n<p>Creative Commons auf flickr.com und in der wikimedia<\/p>\n<h3>2. Impressumspflicht<\/h3>\n<p>Dieser Punkt wurde nochmals nachgefragt, deshalb hier eine ausf\u00fchrliche Antwort: Ein Impressum ist auch bei Blogs wichtig! Je nachdem, wie ihr euren Blog nutzt ist die Impressumspflicht aber unterschiedlich ausgepr\u00e4gt. Genaue Informationen dazu findet ihr <a href=\"https:\/\/www.checkdomain.de\/blog\/bloggen\/das-impressum\/\" target=\"_blank\">in diesem Beitrag von checkdomain.de.<\/a><\/p>\n<p>Mein Vorschlag ist es, das Impressum als Seite anzulegen. Dazu geht ihr ins Dashboard eures Blogs, klickt auf Seiten, Erstellen und erstellt im Anschluss eine Seite, die den Titel &#8222;Impressum&#8220; tr\u00e4gt und die f\u00fcr euren Blog wichtigen Informationen enth\u00e4lt &#8211; bei mir beispielsweise mein Name und meine Adresse.<\/p>\n<h2>8. Zugriffszahlen mit Google Analytics ermitteln<\/h2>\n<p>1. \u2192 Impressum!<\/p>\n","protected":false},"excerpt":{"rendered":"<p>Auf dem Vorbereitungsseminar habe ich versucht euch innerhalb von 45 Minuten in das Thema Bloggen einzuf\u00fchren. Wie versprochen stelle ich hier nun das Handout online. Wenn ihr weitere Fragen habt, kontaktiert mich gerne!<\/p>\n","protected":false},"author":1676,"featured_media":0,"parent":0,"menu_order":0,"comment_status":"closed","ping_status":"closed","template":"","meta":{"footnotes":""},"class_list":["post-58","page","type-page","status-publish","hentry"],"amp_enabled":true,"_links":{"self":[{"href":"https:\/\/kulturweit.blog\/evainbelgrad\/wp-json\/wp\/v2\/pages\/58"}],"collection":[{"href":"https:\/\/kulturweit.blog\/evainbelgrad\/wp-json\/wp\/v2\/pages"}],"about":[{"href":"https:\/\/kulturweit.blog\/evainbelgrad\/wp-json\/wp\/v2\/types\/page"}],"author":[{"embeddable":true,"href":"https:\/\/kulturweit.blog\/evainbelgrad\/wp-json\/wp\/v2\/users\/1676"}],"replies":[{"embeddable":true,"href":"https:\/\/kulturweit.blog\/evainbelgrad\/wp-json\/wp\/v2\/comments?post=58"}],"version-history":[{"count":1,"href":"https:\/\/kulturweit.blog\/evainbelgrad\/wp-json\/wp\/v2\/pages\/58\/revisions"}],"predecessor-version":[{"id":59,"href":"https:\/\/kulturweit.blog\/evainbelgrad\/wp-json\/wp\/v2\/pages\/58\/revisions\/59"}],"wp:attachment":[{"href":"https:\/\/kulturweit.blog\/evainbelgrad\/wp-json\/wp\/v2\/media?parent=58"}],"curies":[{"name":"wp","href":"https:\/\/api.w.org\/{rel}","templated":true}]}}