{"id":62,"date":"2022-10-12T17:39:49","date_gmt":"2022-10-12T15:39:49","guid":{"rendered":"https:\/\/kulturweit.blog\/einfachmalmachen\/?page_id=62"},"modified":"2022-10-16T12:41:33","modified_gmt":"2022-10-16T10:41:33","slug":"das-fazit-machen","status":"publish","type":"page","link":"https:\/\/kulturweit.blog\/einfachmalmachen\/die-anreise\/die-durchfuehrung\/das-fazit-machen\/","title":{"rendered":"Das Fazit? &#8211; Machen!"},"content":{"rendered":"<p>Solch eine Reise ist auf jeden Fall machbar. Sei flexibel, stre\u00dfresistent, habe Lust auf so ein Abenteuer und alles wird gut gehen. Nat\u00fcrlich kann man an alles im Voraus perfekt planen, aber in der Realit\u00e4t kann viel schief laufen. Es muss nur ein Zug ausfallen, sich versp\u00e4ten oder es an einem selbst liegen und pl\u00f6tzlich muss man umplanen. Kleine Versp\u00e4tungen lassen sich gut vermeiden in dem man genug Umstiegszeit einbaut.<\/p>\n<p>Manche Personen haben die Spezialf\u00e4higkeit \u00fcberall in jeder erdenklichen Position schlafen zu k\u00f6nnen. Ich kann es nicht. Daher w\u00fcrde ich f\u00fcr die n\u00e4chste Nachtfahrt lieber eine Schlafkabine reservieren, als einen Sitzplatz.<\/p>\n<p>Allem im allem empfand ich es trotzdem als eine sch\u00f6ne kleine Reise immer gen S\u00fcden. Besonders der Abschnitt von Bologna entlang an der K\u00fcste nach Bari bleibt mir in Erinnerung mit einer tollen Landschaft und komfortablen Fahrt. Und mit dem Ablegen der F\u00e4hre und unseren n\u00e4chsten Schritten auf griechischem Festland lief auch nichts mehr schief.<\/p>\n","protected":false},"excerpt":{"rendered":"<p>Solch eine Reise ist auf jeden Fall machbar. Sei flexibel, stre\u00dfresistent, habe Lust auf so ein Abenteuer und alles wird gut gehen. Nat\u00fcrlich kann man an alles im Voraus perfekt planen, aber in der Realit\u00e4t kann viel schief laufen. Es &hellip; <a href=\"https:\/\/kulturweit.blog\/einfachmalmachen\/die-anreise\/die-durchfuehrung\/das-fazit-machen\/\">Weiterlesen<\/a><\/p>\n","protected":false},"author":3063,"featured_media":0,"parent":47,"menu_order":0,"comment_status":"closed","ping_status":"closed","template":"","meta":{"footnotes":""},"class_list":["post-62","page","type-page","status-publish","hentry"],"amp_enabled":true,"_links":{"self":[{"href":"https:\/\/kulturweit.blog\/einfachmalmachen\/wp-json\/wp\/v2\/pages\/62"}],"collection":[{"href":"https:\/\/kulturweit.blog\/einfachmalmachen\/wp-json\/wp\/v2\/pages"}],"about":[{"href":"https:\/\/kulturweit.blog\/einfachmalmachen\/wp-json\/wp\/v2\/types\/page"}],"author":[{"embeddable":true,"href":"https:\/\/kulturweit.blog\/einfachmalmachen\/wp-json\/wp\/v2\/users\/3063"}],"replies":[{"embeddable":true,"href":"https:\/\/kulturweit.blog\/einfachmalmachen\/wp-json\/wp\/v2\/comments?post=62"}],"version-history":[{"count":2,"href":"https:\/\/kulturweit.blog\/einfachmalmachen\/wp-json\/wp\/v2\/pages\/62\/revisions"}],"predecessor-version":[{"id":66,"href":"https:\/\/kulturweit.blog\/einfachmalmachen\/wp-json\/wp\/v2\/pages\/62\/revisions\/66"}],"up":[{"embeddable":true,"href":"https:\/\/kulturweit.blog\/einfachmalmachen\/wp-json\/wp\/v2\/pages\/47"}],"wp:attachment":[{"href":"https:\/\/kulturweit.blog\/einfachmalmachen\/wp-json\/wp\/v2\/media?parent=62"}],"curies":[{"name":"wp","href":"https:\/\/api.w.org\/{rel}","templated":true}]}}