{"id":42,"date":"2022-09-09T15:57:57","date_gmt":"2022-09-09T13:57:57","guid":{"rendered":"https:\/\/kulturweit.blog\/einfachmalmachen\/?page_id=42"},"modified":"2022-10-16T12:21:03","modified_gmt":"2022-10-16T10:21:03","slug":"der-reiseplan","status":"publish","type":"page","link":"https:\/\/kulturweit.blog\/einfachmalmachen\/die-anreise\/der-reiseplan\/","title":{"rendered":"Der Reiseplan &#8211; soweit so gut"},"content":{"rendered":"<p align=\"justify\">Wir f\u00fcnf kommen quer verteilt aus Deutschland, also wirklich. Es sind alle Himmelsrichtungen vertreten, Ost und West, Nord und S\u00fcd. Die Route f\u00fchrte uns \u00fcber die Alpen, bis ans Ende von Italien, \u00fcber die Adria und dann nach Athen. Also hie\u00df es: Wir treffen uns in M\u00fcnchen!<\/p>\n<p align=\"justify\">Die Reise zu planen, \u00fcbernahm im Grunde ich. Das ist aber nicht schlimm, so was mache ich n\u00e4mlich unglaublich gerne. Nach einem Kennenlernentreffen und der Zustimmung der Idee nicht nach Athen zu fliegen, ging ich voller Elan und Vorfreude zum Reiseb\u00fcro am Bahnhof. Als ich der netten Dame am Schalter erkl\u00e4rte, was ich vorhabe, schaute sie mich erst ungl\u00e4ubig an, wendete sich dann aber doch schnell an ihren Computer und suchte geschlagene 15 Minuten nach einer Verbindung. Dann die Ger\u00e4usche des Druckens und ich stand mit einem A4 Zettel voller Zeiten, Zugnummern und Gleisen wieder vor der T\u00fcr. Das war ja einfach, aber ist auch so teuer, doof, dachte ich mir. Die Angestellte verwies auch auf das Interrailticket, mit welchem man quer durch Europa zu kleinem Preis fahren kann. Nach Internetrecherche und Ideen der anderen, fanden wir aber eine entspanntere Route auf der DB-Website selbst. Von M\u00fcnchen sollte es nach Rom mit dem Nightjet gehen und von Rom nach Bari. Aus der italienischen Hafenstadt fahren die F\u00e4hren bis nach Patras, Griechenland. Und in dieses Land wollten wir ja. Die F\u00e4hre zu buchen und die Verbindung von Patras nach Athen erwies sich dann nicht mehr als all zu schwierig. Alle Tickets waren gekauft, jetzt mussten wir nur noch auf den Tag der Abreise warten und uns dann in ein 48-st\u00fcndiges Abenteuer st\u00fcrzen.<\/p>\n<p>Was w\u00e4hrend dieser Zeit alles passiert ist, erfahrt ihr <a href=\"https:\/\/kulturweit.blog\/einfachmalmachen\/?page_id=47&amp;preview=true\">hier<\/a>.<\/p>\n","protected":false},"excerpt":{"rendered":"<p>Wir f\u00fcnf kommen quer verteilt aus Deutschland, also wirklich. Es sind alle Himmelsrichtungen vertreten, Ost und West, Nord und S\u00fcd. Die Route f\u00fchrte uns \u00fcber die Alpen, bis ans Ende von Italien, \u00fcber die Adria und dann nach Athen. Also &hellip; <a href=\"https:\/\/kulturweit.blog\/einfachmalmachen\/die-anreise\/der-reiseplan\/\">Weiterlesen<\/a><\/p>\n","protected":false},"author":3063,"featured_media":0,"parent":17,"menu_order":0,"comment_status":"closed","ping_status":"closed","template":"","meta":{"footnotes":""},"class_list":["post-42","page","type-page","status-publish","hentry"],"amp_enabled":true,"_links":{"self":[{"href":"https:\/\/kulturweit.blog\/einfachmalmachen\/wp-json\/wp\/v2\/pages\/42"}],"collection":[{"href":"https:\/\/kulturweit.blog\/einfachmalmachen\/wp-json\/wp\/v2\/pages"}],"about":[{"href":"https:\/\/kulturweit.blog\/einfachmalmachen\/wp-json\/wp\/v2\/types\/page"}],"author":[{"embeddable":true,"href":"https:\/\/kulturweit.blog\/einfachmalmachen\/wp-json\/wp\/v2\/users\/3063"}],"replies":[{"embeddable":true,"href":"https:\/\/kulturweit.blog\/einfachmalmachen\/wp-json\/wp\/v2\/comments?post=42"}],"version-history":[{"count":3,"href":"https:\/\/kulturweit.blog\/einfachmalmachen\/wp-json\/wp\/v2\/pages\/42\/revisions"}],"predecessor-version":[{"id":61,"href":"https:\/\/kulturweit.blog\/einfachmalmachen\/wp-json\/wp\/v2\/pages\/42\/revisions\/61"}],"up":[{"embeddable":true,"href":"https:\/\/kulturweit.blog\/einfachmalmachen\/wp-json\/wp\/v2\/pages\/17"}],"wp:attachment":[{"href":"https:\/\/kulturweit.blog\/einfachmalmachen\/wp-json\/wp\/v2\/media?parent=42"}],"curies":[{"name":"wp","href":"https:\/\/api.w.org\/{rel}","templated":true}]}}