{"id":17,"date":"2022-09-02T10:07:11","date_gmt":"2022-09-02T08:07:11","guid":{"rendered":"https:\/\/kulturweit.blog\/einfachmalmachen\/?page_id=17"},"modified":"2022-09-09T16:04:07","modified_gmt":"2022-09-09T14:04:07","slug":"die-anreise","status":"publish","type":"page","link":"https:\/\/kulturweit.blog\/einfachmalmachen\/die-anreise\/","title":{"rendered":"Die Anreise"},"content":{"rendered":"<p>In den Flieger steigen, abheben, landen und in 3h da sein? Nein, danke.<\/p>\n<p>In den Zug steigen, auf die F\u00e4hre, nochmal in einen Zug und in 48h da sein? Jaaa, bitte.<\/p>\n<p>Verr\u00fcckt? Geht so. Ja, wir wagen das Abenteuer und werden nicht mehr als 5 Meter in der Luft sein. &#8222;Auf dem Landweg nach Athen&#8220; nennen wir diese Anreise an unsere zuk\u00fcnftigen Wohn- und Arbeitspl\u00e4tze f\u00fcr 6 oder 12 Monate.<\/p>\n<p>Was \u00fcber diese 48h alles passieren wird? Mal sehen. Haltet euch auf jeden Fall bereit f\u00fcr einen tollen Bericht.<\/p>\n<p>LG Helene<\/p>\n","protected":false},"excerpt":{"rendered":"<p>In den Flieger steigen, abheben, landen und in 3h da sein? Nein, danke. In den Zug steigen, auf die F\u00e4hre, nochmal in einen Zug und in 48h da sein? Jaaa, bitte. Verr\u00fcckt? Geht so. Ja, wir wagen das Abenteuer und &hellip; <a href=\"https:\/\/kulturweit.blog\/einfachmalmachen\/die-anreise\/\">Weiterlesen<\/a><\/p>\n","protected":false},"author":3063,"featured_media":0,"parent":0,"menu_order":0,"comment_status":"closed","ping_status":"closed","template":"","meta":{"footnotes":""},"class_list":["post-17","page","type-page","status-publish","hentry"],"amp_enabled":true,"_links":{"self":[{"href":"https:\/\/kulturweit.blog\/einfachmalmachen\/wp-json\/wp\/v2\/pages\/17"}],"collection":[{"href":"https:\/\/kulturweit.blog\/einfachmalmachen\/wp-json\/wp\/v2\/pages"}],"about":[{"href":"https:\/\/kulturweit.blog\/einfachmalmachen\/wp-json\/wp\/v2\/types\/page"}],"author":[{"embeddable":true,"href":"https:\/\/kulturweit.blog\/einfachmalmachen\/wp-json\/wp\/v2\/users\/3063"}],"replies":[{"embeddable":true,"href":"https:\/\/kulturweit.blog\/einfachmalmachen\/wp-json\/wp\/v2\/comments?post=17"}],"version-history":[{"count":3,"href":"https:\/\/kulturweit.blog\/einfachmalmachen\/wp-json\/wp\/v2\/pages\/17\/revisions"}],"predecessor-version":[{"id":23,"href":"https:\/\/kulturweit.blog\/einfachmalmachen\/wp-json\/wp\/v2\/pages\/17\/revisions\/23"}],"wp:attachment":[{"href":"https:\/\/kulturweit.blog\/einfachmalmachen\/wp-json\/wp\/v2\/media?parent=17"}],"curies":[{"name":"wp","href":"https:\/\/api.w.org\/{rel}","templated":true}]}}