{"id":13,"date":"2022-08-31T23:55:28","date_gmt":"2022-08-31T21:55:28","guid":{"rendered":"https:\/\/kulturweit.blog\/einfachmalmachen\/?page_id=13"},"modified":"2022-10-16T12:43:42","modified_gmt":"2022-10-16T10:43:42","slug":"voila-cest-moi","status":"publish","type":"page","link":"https:\/\/kulturweit.blog\/einfachmalmachen\/voila-cest-moi\/","title":{"rendered":"Voila! C&#8217;est moi!"},"content":{"rendered":"<p>Hallo,<\/p>\n<p>vorab, sowas hier mag ich nicht besonders: Sich selbst vorstellen. Menschen muss man einfach erleben, um sie kennen zu lernen. Aber das ist ja im WorldWideWeb schwierig, oder?<\/p>\n<p>Wie auch immer. Ich bin Helene und 6678 Tage alt und morgen schon 6679. Im April habe ich erfolgreich und zufrieden mein Abitur bestanden. Also hei\u00dft es nun: Welt ich komme! Mit viel Zeit kann ich mir alles in Ruhe anschauen, bevor es ins Studium geht.<\/p>\n<p>Mit diesem Blog m\u00f6chte ich dich auf all meine Abenteuer mitnehmen. Sei gespannt, lehn\u2018 dich zur\u00fcck, hol dir ein sch\u00f6nes Getr\u00e4nk und komm mit beim Einfach mal machen.<\/p>\n<p>LG<\/p>\n","protected":false},"excerpt":{"rendered":"<p>Hallo, vorab, sowas hier mag ich nicht besonders: Sich selbst vorstellen. Menschen muss man einfach erleben, um sie kennen zu lernen. Aber das ist ja im WorldWideWeb schwierig, oder? Wie auch immer. Ich bin Helene und 6678 Tage alt und &hellip; <a href=\"https:\/\/kulturweit.blog\/einfachmalmachen\/voila-cest-moi\/\">Weiterlesen<\/a><\/p>\n","protected":false},"author":3063,"featured_media":0,"parent":0,"menu_order":1,"comment_status":"closed","ping_status":"closed","template":"","meta":{"footnotes":""},"class_list":["post-13","page","type-page","status-publish","hentry"],"amp_enabled":true,"_links":{"self":[{"href":"https:\/\/kulturweit.blog\/einfachmalmachen\/wp-json\/wp\/v2\/pages\/13"}],"collection":[{"href":"https:\/\/kulturweit.blog\/einfachmalmachen\/wp-json\/wp\/v2\/pages"}],"about":[{"href":"https:\/\/kulturweit.blog\/einfachmalmachen\/wp-json\/wp\/v2\/types\/page"}],"author":[{"embeddable":true,"href":"https:\/\/kulturweit.blog\/einfachmalmachen\/wp-json\/wp\/v2\/users\/3063"}],"replies":[{"embeddable":true,"href":"https:\/\/kulturweit.blog\/einfachmalmachen\/wp-json\/wp\/v2\/comments?post=13"}],"version-history":[{"count":3,"href":"https:\/\/kulturweit.blog\/einfachmalmachen\/wp-json\/wp\/v2\/pages\/13\/revisions"}],"predecessor-version":[{"id":16,"href":"https:\/\/kulturweit.blog\/einfachmalmachen\/wp-json\/wp\/v2\/pages\/13\/revisions\/16"}],"wp:attachment":[{"href":"https:\/\/kulturweit.blog\/einfachmalmachen\/wp-json\/wp\/v2\/media?parent=13"}],"curies":[{"name":"wp","href":"https:\/\/api.w.org\/{rel}","templated":true}]}}