{"id":168,"date":"2016-06-30T17:29:46","date_gmt":"2016-06-30T15:29:46","guid":{"rendered":"https:\/\/kulturweit.blog\/derexotischenachbar\/?page_id=168"},"modified":"2016-06-30T17:31:54","modified_gmt":"2016-06-30T15:31:54","slug":"linklist","status":"publish","type":"page","link":"https:\/\/kulturweit.blog\/derexotischenachbar\/linklist\/","title":{"rendered":"Linklist"},"content":{"rendered":"<p style=\"text-align: justify\">In den enormen Weiten des Internets gibt es viel \u00fcber Tschechien zu lesen. Hier findest du eine Liste von Artikeln und Dokumentationen, die ich f\u00fcr besonders informativ halte, die Grundwissen \u00fcber die Tschechische Republik vermitteln, oder die eine interessante Perspektive bieten. Au\u00dferdem findest du noch eine kurze Liste tschechischer Autoren, die ich unter anderem gelesen habe und jedem ans Herz legen m\u00f6chte.<\/p>\n<p><strong>Lesen<\/strong><\/p>\n<ul>\n<li>Der Wikipedia Eintrag: <a href=\"https:\/\/de.wikipedia.org\/wiki\/Tschechien\" target=\"_blank\">https:\/\/de.wikipedia.org\/wiki\/Tschechien<\/a><\/li>\n<li>Fluter Nr. 7 &#8222;Tschechien&#8220;: <a href=\"http:\/\/www.fluter.de\/heft7\" target=\"_blank\">http:\/\/www.fluter.de\/heft7<\/a><\/li>\n<li>APuZ 47\/2015 &#8222;Visegr\u00e1d-Staaten&#8220;: <a href=\"http:\/\/www.bpb.de\/apuz\/215171\/visegrad-staaten\" target=\"_blank\">http:\/\/www.bpb.de\/apuz\/215171\/visegrad-staaten<\/a><\/li>\n<li>Die Prager Zeitung (deutschsprachige Zeitung): <a href=\"http:\/\/www.pragerzeitung.cz\/\" target=\"_blank\">http:\/\/www.pragerzeitung.cz\/<\/a><\/li>\n<\/ul>\n<p><strong>Schauen<\/strong><\/p>\n<ul>\n<li>Fl\u00fcchtlingspolitik: <a href=\"http:\/\/www.ardmediathek.de\/tv\/Europamagazin\/Tschechien-Boom-dank-Fl%C3%BCchtlingen\/Das-Erste\/Video?bcastId=342024&amp;documentId=31523092\" target=\"_blank\">http:\/\/www.ardmediathek.de\/tv\/Europamagazin\/Tschechien-Boom-dank-Fl%C3%BCchtlingen\/Das-Erste\/Video?bcastId=342024&amp;documentId=31523092<\/a><\/li>\n<li>Integration durch den Magen: <a href=\"http:\/\/www.ardmediathek.de\/tv\/Weltspiegel\/Schnappschuss-Tschechien-Integration-du\/Das-Erste\/Video?bcastId=329478&amp;documentId=32821484\" target=\"_blank\">http:\/\/www.ardmediathek.de\/tv\/Weltspiegel\/Schnappschuss-Tschechien-Integration-du\/Das-Erste\/Video?bcastId=329478&amp;documentId=32821484<\/a><\/li>\n<li>Sudetendeutsche Vergangenheit: <a href=\"http:\/\/www.ardmediathek.de\/tv\/nachbarn\/Tschechien-Junge-Tschechen-und-die-sude\/Bayerisches-Fernsehen\/Video?bcastId=14912614&amp;documentId=31928508\" target=\"_blank\">http:\/\/www.ardmediathek.de\/tv\/nachbarn\/Tschechien-Junge-Tschechen-und-die-sude\/Bayerisches-Fernsehen\/Video?bcastId=14912614&amp;documentId=31928508<\/a><\/li>\n<\/ul>\n<p><strong>Tschechische Autoren<\/strong><\/p>\n<ul>\n<li>Franz Kafka, &#8222;Die Verwandlung&#8220;, &#8222;Der Verschollene (Amerika)&#8220;<\/li>\n<li>Milan Kundera, &#8222;Die unvergessliche Leichtigkeit des Seins&#8220;<\/li>\n<li>Reiner Maria Rilke, &#8222;Neue Gedichte&#8220;<\/li>\n<li>Marie von Ebner-Eschenbach, &#8222;Das Gemeindekind&#8220;<\/li>\n<\/ul>\n<p>&nbsp;<\/p>\n<p>&nbsp;<\/p>\n","protected":false},"excerpt":{"rendered":"<p>In den enormen Weiten des Internets gibt es viel \u00fcber Tschechien zu lesen. Hier findest du eine Liste von Artikeln und Dokumentationen, die ich f\u00fcr besonders informativ halte, die Grundwissen \u00fcber die Tschechische Republik vermitteln, oder die eine interessante Perspektive &hellip; <a href=\"https:\/\/kulturweit.blog\/derexotischenachbar\/linklist\/\">Weiterlesen <span class=\"meta-nav\">&rarr;<\/span><\/a><\/p>\n","protected":false},"author":1826,"featured_media":0,"parent":0,"menu_order":0,"comment_status":"closed","ping_status":"closed","template":"","meta":{"footnotes":""},"class_list":["post-168","page","type-page","status-publish","hentry"],"amp_enabled":true,"_links":{"self":[{"href":"https:\/\/kulturweit.blog\/derexotischenachbar\/wp-json\/wp\/v2\/pages\/168"}],"collection":[{"href":"https:\/\/kulturweit.blog\/derexotischenachbar\/wp-json\/wp\/v2\/pages"}],"about":[{"href":"https:\/\/kulturweit.blog\/derexotischenachbar\/wp-json\/wp\/v2\/types\/page"}],"author":[{"embeddable":true,"href":"https:\/\/kulturweit.blog\/derexotischenachbar\/wp-json\/wp\/v2\/users\/1826"}],"replies":[{"embeddable":true,"href":"https:\/\/kulturweit.blog\/derexotischenachbar\/wp-json\/wp\/v2\/comments?post=168"}],"version-history":[{"count":3,"href":"https:\/\/kulturweit.blog\/derexotischenachbar\/wp-json\/wp\/v2\/pages\/168\/revisions"}],"predecessor-version":[{"id":173,"href":"https:\/\/kulturweit.blog\/derexotischenachbar\/wp-json\/wp\/v2\/pages\/168\/revisions\/173"}],"wp:attachment":[{"href":"https:\/\/kulturweit.blog\/derexotischenachbar\/wp-json\/wp\/v2\/media?parent=168"}],"curies":[{"name":"wp","href":"https:\/\/api.w.org\/{rel}","templated":true}]}}