{"id":87,"date":"2023-10-03T10:30:23","date_gmt":"2023-10-03T02:30:23","guid":{"rendered":"https:\/\/kulturweit.blog\/dahurischeleiche\/?page_id=87"},"modified":"2023-10-03T10:37:11","modified_gmt":"2023-10-03T02:37:11","slug":"herzlich-wilkommen","status":"publish","type":"page","link":"https:\/\/kulturweit.blog\/dahurischeleiche\/","title":{"rendered":"Herzlich Wilkommen!"},"content":{"rendered":"<p>Hallo und herzlich Wilkommen zu meinem kulturweit Blog.<\/p>\n<p>Mein Name ist Isabell und ich bin (noch) 18 Jahre alt.<\/p>\n<p>Ich werde ein Jahr lang die Khuvgul Lake Biosphere Reserve Administration unterst\u00fctzen (zusammen mit Clara).<\/p>\n<p>Ich bin in einem kleinen Ort am s\u00fcdlichen Ende des Khuvsgul Sees namens Khatgal eingesetzt.<\/p>\n<p>&nbsp;<\/p>\n<p>In diesem Blog ver\u00f6ffentliche ich wahrscheinlich sehr unregelm\u00e4\u00dfig Beitr\u00e4ge, die sich rund um Natur, Sprache und Kultur drehen werden.<\/p>\n<p>Ich hoffe du wirst durch meine Beitr\u00e4ge gut unterhalten.<\/p>\n<p>Viel Spa\u00df beim Lesen und Lernen !!<\/p>\n","protected":false},"excerpt":{"rendered":"<p>Hallo und herzlich Wilkommen zu meinem kulturweit Blog. Mein Name ist Isabell und ich bin (noch) 18 Jahre alt. Ich werde ein Jahr lang die Khuvgul Lake Biosphere Reserve Administration unterst\u00fctzen (zusammen mit Clara). Ich bin in einem kleinen Ort am s\u00fcdlichen Ende des Khuvsgul Sees namens Khatgal eingesetzt. &nbsp; In diesem Blog ver\u00f6ffentliche ich &hellip; <a href=\"https:\/\/kulturweit.blog\/dahurischeleiche\/\" class=\"more-link\"><span class=\"screen-reader-text\">Herzlich Wilkommen!<\/span> weiterlesen<\/a><\/p>\n","protected":false},"author":3157,"featured_media":0,"parent":0,"menu_order":0,"comment_status":"closed","ping_status":"closed","template":"","meta":{"footnotes":""},"class_list":["post-87","page","type-page","status-publish","hentry"],"amp_enabled":false,"_links":{"self":[{"href":"https:\/\/kulturweit.blog\/dahurischeleiche\/wp-json\/wp\/v2\/pages\/87"}],"collection":[{"href":"https:\/\/kulturweit.blog\/dahurischeleiche\/wp-json\/wp\/v2\/pages"}],"about":[{"href":"https:\/\/kulturweit.blog\/dahurischeleiche\/wp-json\/wp\/v2\/types\/page"}],"author":[{"embeddable":true,"href":"https:\/\/kulturweit.blog\/dahurischeleiche\/wp-json\/wp\/v2\/users\/3157"}],"replies":[{"embeddable":true,"href":"https:\/\/kulturweit.blog\/dahurischeleiche\/wp-json\/wp\/v2\/comments?post=87"}],"version-history":[{"count":2,"href":"https:\/\/kulturweit.blog\/dahurischeleiche\/wp-json\/wp\/v2\/pages\/87\/revisions"}],"predecessor-version":[{"id":93,"href":"https:\/\/kulturweit.blog\/dahurischeleiche\/wp-json\/wp\/v2\/pages\/87\/revisions\/93"}],"wp:attachment":[{"href":"https:\/\/kulturweit.blog\/dahurischeleiche\/wp-json\/wp\/v2\/media?parent=87"}],"curies":[{"name":"wp","href":"https:\/\/api.w.org\/{rel}","templated":true}]}}