{"id":33,"date":"2025-03-25T15:29:58","date_gmt":"2025-03-25T14:29:58","guid":{"rendered":"https:\/\/kulturweit.blog\/cuentosdeuruguay\/?page_id=33"},"modified":"2025-03-25T15:46:01","modified_gmt":"2025-03-25T14:46:01","slug":"fotogalerie","status":"publish","type":"page","link":"https:\/\/kulturweit.blog\/cuentosdeuruguay\/fotogalerie\/","title":{"rendered":"Fotogalerie"},"content":{"rendered":"\n<div class='gallery'><dl class='gallery-item'>\n\t\t\t<dt class='gallery-icon landscape'>\n\t\t\t\t<a href='https:\/\/kulturweit.blog\/cuentosdeuruguay\/fotogalerie\/dscf4602\/'><img loading=\"lazy\" decoding=\"async\" width=\"680\" height=\"383\" src=\"https:\/\/kulturweit.blog\/cuentosdeuruguay\/files\/2025\/03\/DSCF4602.jpg\" class=\"attachment-large size-large\" alt=\"\" aria-describedby=\"gallery-1-43\" srcset=\"https:\/\/kulturweit.blog\/cuentosdeuruguay\/files\/2025\/03\/DSCF4602.jpg 1024w, https:\/\/kulturweit.blog\/cuentosdeuruguay\/files\/2025\/03\/DSCF4602-300x169.jpg 300w, https:\/\/kulturweit.blog\/cuentosdeuruguay\/files\/2025\/03\/DSCF4602-768x432.jpg 768w\" sizes=\"(max-width: 680px) 100vw, 680px\" \/><\/a>\n\t\t\t<\/dt>\n\t\t\t\t<dd class='wp-caption-text gallery-caption' id='gallery-1-43'>\n\t\t\t\tGuardaparque bei der Arbeit\n\t\t\t\t<\/dd><\/dl><br style=\"clear: both\" \/><dl class='gallery-item'>\n\t\t\t<dt class='gallery-icon portrait'>\n\t\t\t\t<a href='https:\/\/kulturweit.blog\/cuentosdeuruguay\/dscf2089\/'><img loading=\"lazy\" decoding=\"async\" width=\"576\" height=\"1024\" src=\"https:\/\/kulturweit.blog\/cuentosdeuruguay\/files\/2025\/03\/DSCF2089.jpg\" class=\"attachment-large size-large\" alt=\"\" aria-describedby=\"gallery-1-7\" srcset=\"https:\/\/kulturweit.blog\/cuentosdeuruguay\/files\/2025\/03\/DSCF2089.jpg 576w, https:\/\/kulturweit.blog\/cuentosdeuruguay\/files\/2025\/03\/DSCF2089-300x533.jpg 300w\" sizes=\"(max-width: 576px) 100vw, 576px\" \/><\/a>\n\t\t\t<\/dt>\n\t\t\t\t<dd class='wp-caption-text gallery-caption' id='gallery-1-7'>\n\t\t\t\tGaucho in den H\u00fcgeln des Naturschutzgebietes &#8222;Quebrade de los Cuervos&#8220;\n\t\t\t\t<\/dd><\/dl><br style=\"clear: both\" \/><dl class='gallery-item'>\n\t\t\t<dt class='gallery-icon landscape'>\n\t\t\t\t<a href='https:\/\/kulturweit.blog\/cuentosdeuruguay\/fotogalerie\/dscf4626\/'><img loading=\"lazy\" decoding=\"async\" width=\"680\" height=\"383\" src=\"https:\/\/kulturweit.blog\/cuentosdeuruguay\/files\/2025\/03\/DSCF4626.jpg\" class=\"attachment-large size-large\" alt=\"\" aria-describedby=\"gallery-1-44\" srcset=\"https:\/\/kulturweit.blog\/cuentosdeuruguay\/files\/2025\/03\/DSCF4626.jpg 1024w, https:\/\/kulturweit.blog\/cuentosdeuruguay\/files\/2025\/03\/DSCF4626-300x169.jpg 300w, https:\/\/kulturweit.blog\/cuentosdeuruguay\/files\/2025\/03\/DSCF4626-768x432.jpg 768w\" sizes=\"(max-width: 680px) 100vw, 680px\" \/><\/a>\n\t\t\t<\/dt>\n\t\t\t\t<dd class='wp-caption-text gallery-caption' id='gallery-1-44'>\n\t\t\t\tAussicht San Miguel\n\t\t\t\t<\/dd><\/dl><br style=\"clear: both\" \/><dl class='gallery-item'>\n\t\t\t<dt class='gallery-icon portrait'>\n\t\t\t\t<a href='https:\/\/kulturweit.blog\/cuentosdeuruguay\/fotogalerie\/dscf3643\/'><img loading=\"lazy\" decoding=\"async\" width=\"576\" height=\"1024\" src=\"https:\/\/kulturweit.blog\/cuentosdeuruguay\/files\/2025\/03\/DSCF3643.jpg\" class=\"attachment-large size-large\" alt=\"\" aria-describedby=\"gallery-1-40\" srcset=\"https:\/\/kulturweit.blog\/cuentosdeuruguay\/files\/2025\/03\/DSCF3643.jpg 576w, https:\/\/kulturweit.blog\/cuentosdeuruguay\/files\/2025\/03\/DSCF3643-300x533.jpg 300w\" sizes=\"(max-width: 576px) 100vw, 576px\" \/><\/a>\n\t\t\t<\/dt>\n\t\t\t\t<dd class='wp-caption-text gallery-caption' id='gallery-1-40'>\n\t\t\t\tLeuchtturm in Punta del Este\n\t\t\t\t<\/dd><\/dl><br style=\"clear: both\" \/><dl class='gallery-item'>\n\t\t\t<dt class='gallery-icon landscape'>\n\t\t\t\t<a href='https:\/\/kulturweit.blog\/cuentosdeuruguay\/fotogalerie\/dscf3859\/'><img loading=\"lazy\" decoding=\"async\" width=\"680\" height=\"383\" src=\"https:\/\/kulturweit.blog\/cuentosdeuruguay\/files\/2025\/03\/DSCF3859.jpg\" class=\"attachment-large size-large\" alt=\"\" aria-describedby=\"gallery-1-50\" srcset=\"https:\/\/kulturweit.blog\/cuentosdeuruguay\/files\/2025\/03\/DSCF3859.jpg 1024w, https:\/\/kulturweit.blog\/cuentosdeuruguay\/files\/2025\/03\/DSCF3859-300x169.jpg 300w, https:\/\/kulturweit.blog\/cuentosdeuruguay\/files\/2025\/03\/DSCF3859-768x432.jpg 768w\" sizes=\"(max-width: 680px) 100vw, 680px\" \/><\/a>\n\t\t\t<\/dt>\n\t\t\t\t<dd class='wp-caption-text gallery-caption' id='gallery-1-50'>\n\t\t\t\tCasa de los Guardaparques de la Laguna Garz\u00f3n\n\t\t\t\t<\/dd><\/dl><br style=\"clear: both\" \/><dl class='gallery-item'>\n\t\t\t<dt class='gallery-icon landscape'>\n\t\t\t\t<a href='https:\/\/kulturweit.blog\/cuentosdeuruguay\/fotogalerie\/dscf4489\/'><img loading=\"lazy\" decoding=\"async\" width=\"680\" height=\"383\" src=\"https:\/\/kulturweit.blog\/cuentosdeuruguay\/files\/2025\/03\/DSCF4489.jpg\" class=\"attachment-large size-large\" alt=\"\" aria-describedby=\"gallery-1-42\" srcset=\"https:\/\/kulturweit.blog\/cuentosdeuruguay\/files\/2025\/03\/DSCF4489.jpg 1024w, https:\/\/kulturweit.blog\/cuentosdeuruguay\/files\/2025\/03\/DSCF4489-300x169.jpg 300w, https:\/\/kulturweit.blog\/cuentosdeuruguay\/files\/2025\/03\/DSCF4489-768x432.jpg 768w\" sizes=\"(max-width: 680px) 100vw, 680px\" \/><\/a>\n\t\t\t<\/dt>\n\t\t\t\t<dd class='wp-caption-text gallery-caption' id='gallery-1-42'>\n\t\t\t\tK\u00fche in San Miguel\n\t\t\t\t<\/dd><\/dl><br style=\"clear: both\" \/><dl class='gallery-item'>\n\t\t\t<dt class='gallery-icon portrait'>\n\t\t\t\t<a href='https:\/\/kulturweit.blog\/cuentosdeuruguay\/fotogalerie\/dscf3844\/'><img loading=\"lazy\" decoding=\"async\" width=\"576\" height=\"1024\" src=\"https:\/\/kulturweit.blog\/cuentosdeuruguay\/files\/2025\/03\/DSCF3844.jpg\" class=\"attachment-large size-large\" alt=\"\" aria-describedby=\"gallery-1-49\" srcset=\"https:\/\/kulturweit.blog\/cuentosdeuruguay\/files\/2025\/03\/DSCF3844.jpg 576w, https:\/\/kulturweit.blog\/cuentosdeuruguay\/files\/2025\/03\/DSCF3844-300x533.jpg 300w\" sizes=\"(max-width: 576px) 100vw, 576px\" \/><\/a>\n\t\t\t<\/dt>\n\t\t\t\t<dd class='wp-caption-text gallery-caption' id='gallery-1-49'>\n\t\t\t\tSilhouette eines Fischers, der Mate trinkt\n\t\t\t\t<\/dd><\/dl><br style=\"clear: both\" \/><dl class='gallery-item'>\n\t\t\t<dt class='gallery-icon landscape'>\n\t\t\t\t<a href='https:\/\/kulturweit.blog\/cuentosdeuruguay\/fotogalerie\/dscf3492\/'><img loading=\"lazy\" decoding=\"async\" width=\"680\" height=\"383\" src=\"https:\/\/kulturweit.blog\/cuentosdeuruguay\/files\/2025\/03\/DSCF3492.jpg\" class=\"attachment-large size-large\" alt=\"\" aria-describedby=\"gallery-1-39\" srcset=\"https:\/\/kulturweit.blog\/cuentosdeuruguay\/files\/2025\/03\/DSCF3492.jpg 1024w, https:\/\/kulturweit.blog\/cuentosdeuruguay\/files\/2025\/03\/DSCF3492-300x169.jpg 300w, https:\/\/kulturweit.blog\/cuentosdeuruguay\/files\/2025\/03\/DSCF3492-768x432.jpg 768w\" sizes=\"(max-width: 680px) 100vw, 680px\" \/><\/a>\n\t\t\t<\/dt>\n\t\t\t\t<dd class='wp-caption-text gallery-caption' id='gallery-1-39'>\n\t\t\t\tehemaliges Haus und Museum &#8222;Casapueblo&#8220; des K\u00fcnslters Carlos P\u00e1ez Vilar\u00f3\n\t\t\t\t<\/dd><\/dl><br style=\"clear: both\" \/><dl class='gallery-item'>\n\t\t\t<dt class='gallery-icon landscape'>\n\t\t\t\t<a href='https:\/\/kulturweit.blog\/cuentosdeuruguay\/fotogalerie\/dscf2213\/'><img loading=\"lazy\" decoding=\"async\" width=\"680\" height=\"383\" src=\"https:\/\/kulturweit.blog\/cuentosdeuruguay\/files\/2025\/03\/DSCF2213.jpg\" class=\"attachment-large size-large\" alt=\"\" aria-describedby=\"gallery-1-36\" srcset=\"https:\/\/kulturweit.blog\/cuentosdeuruguay\/files\/2025\/03\/DSCF2213.jpg 1024w, https:\/\/kulturweit.blog\/cuentosdeuruguay\/files\/2025\/03\/DSCF2213-300x169.jpg 300w, https:\/\/kulturweit.blog\/cuentosdeuruguay\/files\/2025\/03\/DSCF2213-768x432.jpg 768w\" sizes=\"(max-width: 680px) 100vw, 680px\" \/><\/a>\n\t\t\t<\/dt>\n\t\t\t\t<dd class='wp-caption-text gallery-caption' id='gallery-1-36'>\n\t\t\t\tGaucho bei der Arbeit\n\t\t\t\t<\/dd><\/dl><br style=\"clear: both\" \/><dl class='gallery-item'>\n\t\t\t<dt class='gallery-icon landscape'>\n\t\t\t\t<a href='https:\/\/kulturweit.blog\/cuentosdeuruguay\/fotogalerie\/dscf3801\/'><img loading=\"lazy\" decoding=\"async\" width=\"680\" height=\"383\" src=\"https:\/\/kulturweit.blog\/cuentosdeuruguay\/files\/2025\/03\/DSCF3801.jpg\" class=\"attachment-large size-large\" alt=\"\" aria-describedby=\"gallery-1-48\" srcset=\"https:\/\/kulturweit.blog\/cuentosdeuruguay\/files\/2025\/03\/DSCF3801.jpg 1024w, https:\/\/kulturweit.blog\/cuentosdeuruguay\/files\/2025\/03\/DSCF3801-300x169.jpg 300w, https:\/\/kulturweit.blog\/cuentosdeuruguay\/files\/2025\/03\/DSCF3801-768x432.jpg 768w\" sizes=\"(max-width: 680px) 100vw, 680px\" \/><\/a>\n\t\t\t<\/dt>\n\t\t\t\t<dd class='wp-caption-text gallery-caption' id='gallery-1-48'>\n\t\t\t\tFischer am Meer\n\t\t\t\t<\/dd><\/dl><br style=\"clear: both\" \/><dl class='gallery-item'>\n\t\t\t<dt class='gallery-icon landscape'>\n\t\t\t\t<a href='https:\/\/kulturweit.blog\/cuentosdeuruguay\/fotogalerie\/dscf3395\/'><img loading=\"lazy\" decoding=\"async\" width=\"680\" height=\"383\" src=\"https:\/\/kulturweit.blog\/cuentosdeuruguay\/files\/2025\/03\/DSCF3395.jpg\" class=\"attachment-large size-large\" alt=\"\" aria-describedby=\"gallery-1-38\" srcset=\"https:\/\/kulturweit.blog\/cuentosdeuruguay\/files\/2025\/03\/DSCF3395.jpg 1024w, https:\/\/kulturweit.blog\/cuentosdeuruguay\/files\/2025\/03\/DSCF3395-300x169.jpg 300w, https:\/\/kulturweit.blog\/cuentosdeuruguay\/files\/2025\/03\/DSCF3395-768x432.jpg 768w\" sizes=\"(max-width: 680px) 100vw, 680px\" \/><\/a>\n\t\t\t<\/dt>\n\t\t\t\t<dd class='wp-caption-text gallery-caption' id='gallery-1-38'>\n\t\t\t\tSkyline von Punta del Este\n\t\t\t\t<\/dd><\/dl><br style=\"clear: both\" \/><dl class='gallery-item'>\n\t\t\t<dt class='gallery-icon landscape'>\n\t\t\t\t<a href='https:\/\/kulturweit.blog\/cuentosdeuruguay\/fotogalerie\/dscf3688\/'><img loading=\"lazy\" decoding=\"async\" width=\"680\" height=\"383\" src=\"https:\/\/kulturweit.blog\/cuentosdeuruguay\/files\/2025\/03\/DSCF3688.jpg\" class=\"attachment-large size-large\" alt=\"\" aria-describedby=\"gallery-1-46\" srcset=\"https:\/\/kulturweit.blog\/cuentosdeuruguay\/files\/2025\/03\/DSCF3688.jpg 1024w, https:\/\/kulturweit.blog\/cuentosdeuruguay\/files\/2025\/03\/DSCF3688-300x169.jpg 300w, https:\/\/kulturweit.blog\/cuentosdeuruguay\/files\/2025\/03\/DSCF3688-768x432.jpg 768w\" sizes=\"(max-width: 680px) 100vw, 680px\" \/><\/a>\n\t\t\t<\/dt>\n\t\t\t\t<dd class='wp-caption-text gallery-caption' id='gallery-1-46'>\n\t\t\t\tLaguna Garz\u00f3n bei Sonnenuntergang\n\t\t\t\t<\/dd><\/dl><br style=\"clear: both\" \/><dl class='gallery-item'>\n\t\t\t<dt class='gallery-icon portrait'>\n\t\t\t\t<a href='https:\/\/kulturweit.blog\/cuentosdeuruguay\/fotogalerie\/dscf3655\/'><img loading=\"lazy\" decoding=\"async\" width=\"576\" height=\"1024\" src=\"https:\/\/kulturweit.blog\/cuentosdeuruguay\/files\/2025\/03\/DSCF3655.jpg\" class=\"attachment-large size-large\" alt=\"\" aria-describedby=\"gallery-1-41\" srcset=\"https:\/\/kulturweit.blog\/cuentosdeuruguay\/files\/2025\/03\/DSCF3655.jpg 576w, https:\/\/kulturweit.blog\/cuentosdeuruguay\/files\/2025\/03\/DSCF3655-300x533.jpg 300w\" sizes=\"(max-width: 576px) 100vw, 576px\" \/><\/a>\n\t\t\t<\/dt>\n\t\t\t\t<dd class='wp-caption-text gallery-caption' id='gallery-1-41'>\n\t\t\t\tKatzencaf\u00e9 in PdE\n\t\t\t\t<\/dd><\/dl><br style=\"clear: both\" \/><dl class='gallery-item'>\n\t\t\t<dt class='gallery-icon landscape'>\n\t\t\t\t<a href='https:\/\/kulturweit.blog\/cuentosdeuruguay\/fotogalerie\/dscf2366\/'><img loading=\"lazy\" decoding=\"async\" width=\"680\" height=\"383\" src=\"https:\/\/kulturweit.blog\/cuentosdeuruguay\/files\/2025\/03\/DSCF2366.jpg\" class=\"attachment-large size-large\" alt=\"\" aria-describedby=\"gallery-1-35\" srcset=\"https:\/\/kulturweit.blog\/cuentosdeuruguay\/files\/2025\/03\/DSCF2366.jpg 1024w, https:\/\/kulturweit.blog\/cuentosdeuruguay\/files\/2025\/03\/DSCF2366-300x169.jpg 300w, https:\/\/kulturweit.blog\/cuentosdeuruguay\/files\/2025\/03\/DSCF2366-768x432.jpg 768w\" sizes=\"(max-width: 680px) 100vw, 680px\" \/><\/a>\n\t\t\t<\/dt>\n\t\t\t\t<dd class='wp-caption-text gallery-caption' id='gallery-1-35'>\n\t\t\t\tPferd in den H\u00fcgel der Quebrade de los Cuervos\n\t\t\t\t<\/dd><\/dl><br style=\"clear: both\" \/><dl class='gallery-item'>\n\t\t\t<dt class='gallery-icon landscape'>\n\t\t\t\t<a href='https:\/\/kulturweit.blog\/cuentosdeuruguay\/fotogalerie\/dscf4668\/'><img loading=\"lazy\" decoding=\"async\" width=\"680\" height=\"383\" src=\"https:\/\/kulturweit.blog\/cuentosdeuruguay\/files\/2025\/03\/DSCF4668.jpg\" class=\"attachment-large size-large\" alt=\"\" aria-describedby=\"gallery-1-45\" srcset=\"https:\/\/kulturweit.blog\/cuentosdeuruguay\/files\/2025\/03\/DSCF4668.jpg 1024w, https:\/\/kulturweit.blog\/cuentosdeuruguay\/files\/2025\/03\/DSCF4668-300x169.jpg 300w, https:\/\/kulturweit.blog\/cuentosdeuruguay\/files\/2025\/03\/DSCF4668-768x432.jpg 768w\" sizes=\"(max-width: 680px) 100vw, 680px\" \/><\/a>\n\t\t\t<\/dt>\n\t\t\t\t<dd class='wp-caption-text gallery-caption' id='gallery-1-45'>\n\t\t\t\tAussicht San Miguel mit Blumen\n\t\t\t\t<\/dd><\/dl><br style=\"clear: both\" \/><dl class='gallery-item'>\n\t\t\t<dt class='gallery-icon landscape'>\n\t\t\t\t<a href='https:\/\/kulturweit.blog\/cuentosdeuruguay\/fotogalerie\/dscf3784\/'><img loading=\"lazy\" decoding=\"async\" width=\"680\" height=\"383\" src=\"https:\/\/kulturweit.blog\/cuentosdeuruguay\/files\/2025\/03\/DSCF3784.jpg\" class=\"attachment-large size-large\" alt=\"\" aria-describedby=\"gallery-1-47\" srcset=\"https:\/\/kulturweit.blog\/cuentosdeuruguay\/files\/2025\/03\/DSCF3784.jpg 1024w, https:\/\/kulturweit.blog\/cuentosdeuruguay\/files\/2025\/03\/DSCF3784-300x169.jpg 300w, https:\/\/kulturweit.blog\/cuentosdeuruguay\/files\/2025\/03\/DSCF3784-768x432.jpg 768w\" sizes=\"(max-width: 680px) 100vw, 680px\" \/><\/a>\n\t\t\t<\/dt>\n\t\t\t\t<dd class='wp-caption-text gallery-caption' id='gallery-1-47'>\n\t\t\t\tStrand zwischen der Laguna Garz\u00f3n und dem Atlantik\n\t\t\t\t<\/dd><\/dl><br style=\"clear: both\" \/>\n\t\t<\/div>\n\n","protected":false},"excerpt":{"rendered":"","protected":false},"author":3308,"featured_media":0,"parent":0,"menu_order":0,"comment_status":"closed","ping_status":"closed","template":"","meta":{"footnotes":""},"class_list":["post-33","page","type-page","status-publish","hentry"],"amp_enabled":true,"_links":{"self":[{"href":"https:\/\/kulturweit.blog\/cuentosdeuruguay\/wp-json\/wp\/v2\/pages\/33"}],"collection":[{"href":"https:\/\/kulturweit.blog\/cuentosdeuruguay\/wp-json\/wp\/v2\/pages"}],"about":[{"href":"https:\/\/kulturweit.blog\/cuentosdeuruguay\/wp-json\/wp\/v2\/types\/page"}],"author":[{"embeddable":true,"href":"https:\/\/kulturweit.blog\/cuentosdeuruguay\/wp-json\/wp\/v2\/users\/3308"}],"replies":[{"embeddable":true,"href":"https:\/\/kulturweit.blog\/cuentosdeuruguay\/wp-json\/wp\/v2\/comments?post=33"}],"version-history":[{"count":4,"href":"https:\/\/kulturweit.blog\/cuentosdeuruguay\/wp-json\/wp\/v2\/pages\/33\/revisions"}],"predecessor-version":[{"id":56,"href":"https:\/\/kulturweit.blog\/cuentosdeuruguay\/wp-json\/wp\/v2\/pages\/33\/revisions\/56"}],"wp:attachment":[{"href":"https:\/\/kulturweit.blog\/cuentosdeuruguay\/wp-json\/wp\/v2\/media?parent=33"}],"curies":[{"name":"wp","href":"https:\/\/api.w.org\/{rel}","templated":true}]}}