{"id":14,"date":"2025-03-25T15:00:00","date_gmt":"2025-03-25T14:00:00","guid":{"rendered":"https:\/\/kulturweit.blog\/cuentosdeuruguay\/?page_id=14"},"modified":"2025-03-25T15:58:23","modified_gmt":"2025-03-25T14:58:23","slug":"ein-wenig-ueber-mich","status":"publish","type":"page","link":"https:\/\/kulturweit.blog\/cuentosdeuruguay\/","title":{"rendered":"\u00dcber mich \u2728"},"content":{"rendered":"<p>Bienvenido a tod@s,<\/p>\n<p>Ich bin Noah (dey\/dem), neunzehn Jahre alt und mache gerade ein Freiwilligendienst in der K\u00fcste von Uruguay. Ich lebe hier nun schon seit fast sieben Monaten und konnte schon viele Erfahrungen sammeln.<\/p>\n<p>Urspr\u00fcnglich komme ich aus Leipzig und habe im Mai 2024 mein Abi gemacht. Wie so viele Abiturient*innen wusste ich damals in der 12. Klasse noch nicht was ich &#8222;sp\u00e4ter mal machen will&#8220; und brauchte Zeit um nachzudenken und mich au\u00dferhalb eines schulischen Kontextes besser kennenzulernen. Ein Freiwilligendienst im Ausland zu machen war da schon immer ein Traum gewesen, um meine Sprachkenntnisse zu vertiefen und andere Menschen und Kulturen kennenzulernen. Das klingt nat\u00fcrlich sehr wie eine Lehrbuch-Antwort, warum man ins Ausland gehen m\u00f6chte. Meiner Meinung nach sind Offenheit und Neugier mit die wichtigsten intrinsischen Motivationen um sich auf eine solche Reise einzulassen.<\/p>\n<p>Ich bin ein eher introvertierter, ruhiger Mensch, gehe aber auf wenn ich zuf\u00e4llig eine fremde Person treffe und man sich pl\u00f6tzlich an einer Stra\u00dfenecke \u00fcber das Leben &#8211; etwas was hier in Uruguay erstaunlich oft passieren kann. Ich liebe es zu fotografieren, mich mit einem guten Buch in ein Caf\u00e9 zu setzen, Wandern und die Natur zu entdecken oder einfach mit dem Fahrrad auf Erkundungstour zu gehen.<\/p>\n<p>Ich hoffe dieser Blog hilft ein wenig denjenigen, die \u00fcberlegen auch ein FSJ (bei kulturweit) zu machen.<\/p>\n<p>noah &lt;3<\/p>\n","protected":false},"excerpt":{"rendered":"<p>Bienvenido a tod@s, Ich bin Noah (dey\/dem), neunzehn Jahre alt und mache gerade ein Freiwilligendienst in der K\u00fcste von Uruguay. Ich lebe hier nun schon seit fast sieben Monaten und konnte schon viele Erfahrungen sammeln. Urspr\u00fcnglich komme ich aus Leipzig &hellip; <a href=\"https:\/\/kulturweit.blog\/cuentosdeuruguay\/\">Weiterlesen<\/a><\/p>\n","protected":false},"author":3308,"featured_media":15,"parent":0,"menu_order":0,"comment_status":"closed","ping_status":"closed","template":"","meta":{"footnotes":""},"class_list":["post-14","page","type-page","status-publish","has-post-thumbnail","hentry"],"amp_enabled":false,"_links":{"self":[{"href":"https:\/\/kulturweit.blog\/cuentosdeuruguay\/wp-json\/wp\/v2\/pages\/14"}],"collection":[{"href":"https:\/\/kulturweit.blog\/cuentosdeuruguay\/wp-json\/wp\/v2\/pages"}],"about":[{"href":"https:\/\/kulturweit.blog\/cuentosdeuruguay\/wp-json\/wp\/v2\/types\/page"}],"author":[{"embeddable":true,"href":"https:\/\/kulturweit.blog\/cuentosdeuruguay\/wp-json\/wp\/v2\/users\/3308"}],"replies":[{"embeddable":true,"href":"https:\/\/kulturweit.blog\/cuentosdeuruguay\/wp-json\/wp\/v2\/comments?post=14"}],"version-history":[{"count":3,"href":"https:\/\/kulturweit.blog\/cuentosdeuruguay\/wp-json\/wp\/v2\/pages\/14\/revisions"}],"predecessor-version":[{"id":65,"href":"https:\/\/kulturweit.blog\/cuentosdeuruguay\/wp-json\/wp\/v2\/pages\/14\/revisions\/65"}],"wp:featuredmedia":[{"embeddable":true,"href":"https:\/\/kulturweit.blog\/cuentosdeuruguay\/wp-json\/wp\/v2\/media\/15"}],"wp:attachment":[{"href":"https:\/\/kulturweit.blog\/cuentosdeuruguay\/wp-json\/wp\/v2\/media?parent=14"}],"curies":[{"name":"wp","href":"https:\/\/api.w.org\/{rel}","templated":true}]}}