{"id":382,"date":"2016-01-10T20:54:33","date_gmt":"2016-01-11T00:54:33","guid":{"rendered":"https:\/\/kulturweit.blog\/cochabamba\/?page_id=382"},"modified":"2016-01-10T20:54:33","modified_gmt":"2016-01-11T00:54:33","slug":"espanolcastellano","status":"publish","type":"page","link":"https:\/\/kulturweit.blog\/cochabamba\/espanolcastellano\/","title":{"rendered":"espa\u00f1ol\/castellano"},"content":{"rendered":"<p style=\"text-align: right\">Si est\u00e1s aqu\u00ed es porque ya me conoces y seguramente llegaste a leerme gracias a que publiqu\u00e9 este link en mi cuenta de Facebook y muy amablemente entraste, as\u00ed que bienvenido y si no me conoces, tambi\u00e9n bienvenido, <em>gracias por compartir tu tiempo conmigo.<\/em><em><br \/>\n<\/em>Pronto tendr\u00e9 el primer post listo para ti \ud83d\ude42<\/p>\n<p><a href=\"https:\/\/kulturweit.blog\/cochabamba\/files\/2016\/01\/IMG_1744.jpg\"><img loading=\"lazy\" decoding=\"async\" class=\"size-medium wp-image-383 alignleft\" src=\"https:\/\/kulturweit.blog\/cochabamba\/files\/2016\/01\/IMG_1744-300x225.jpg\" alt=\"IMG_1744\" width=\"300\" height=\"225\" srcset=\"https:\/\/kulturweit.blog\/cochabamba\/files\/2016\/01\/IMG_1744-300x225.jpg 300w, https:\/\/kulturweit.blog\/cochabamba\/files\/2016\/01\/IMG_1744.jpg 1024w\" sizes=\"(max-width: 300px) 100vw, 300px\" \/><\/a><\/p>\n","protected":false},"excerpt":{"rendered":"<p>Si est\u00e1s aqu\u00ed es porque ya me conoces y seguramente llegaste a leerme gracias a que publiqu\u00e9 este link en mi cuenta de Facebook y muy amablemente entraste, as\u00ed que bienvenido y si no me conoces, tambi\u00e9n bienvenido, gracias por &hellip; <a href=\"https:\/\/kulturweit.blog\/cochabamba\/espanolcastellano\/\">Weiterlesen <span class=\"meta-nav\">&rarr;<\/span><\/a><\/p>\n","protected":false},"author":1813,"featured_media":0,"parent":0,"menu_order":0,"comment_status":"closed","ping_status":"closed","template":"","meta":{"footnotes":""},"class_list":["post-382","page","type-page","status-publish","hentry"],"amp_enabled":true,"_links":{"self":[{"href":"https:\/\/kulturweit.blog\/cochabamba\/wp-json\/wp\/v2\/pages\/382"}],"collection":[{"href":"https:\/\/kulturweit.blog\/cochabamba\/wp-json\/wp\/v2\/pages"}],"about":[{"href":"https:\/\/kulturweit.blog\/cochabamba\/wp-json\/wp\/v2\/types\/page"}],"author":[{"embeddable":true,"href":"https:\/\/kulturweit.blog\/cochabamba\/wp-json\/wp\/v2\/users\/1813"}],"replies":[{"embeddable":true,"href":"https:\/\/kulturweit.blog\/cochabamba\/wp-json\/wp\/v2\/comments?post=382"}],"version-history":[{"count":1,"href":"https:\/\/kulturweit.blog\/cochabamba\/wp-json\/wp\/v2\/pages\/382\/revisions"}],"predecessor-version":[{"id":384,"href":"https:\/\/kulturweit.blog\/cochabamba\/wp-json\/wp\/v2\/pages\/382\/revisions\/384"}],"wp:attachment":[{"href":"https:\/\/kulturweit.blog\/cochabamba\/wp-json\/wp\/v2\/media?parent=382"}],"curies":[{"name":"wp","href":"https:\/\/api.w.org\/{rel}","templated":true}]}}