{"id":2,"date":"2015-09-27T01:03:30","date_gmt":"2015-09-26T23:03:30","guid":{"rendered":"https:\/\/kulturweit.blog\/cochabamba\/?page_id=2"},"modified":"2016-03-10T09:18:03","modified_gmt":"2016-03-10T13:18:03","slug":"beispiel-seite","status":"publish","type":"page","link":"https:\/\/kulturweit.blog\/cochabamba\/beispiel-seite\/","title":{"rendered":"Moin Moin!"},"content":{"rendered":"<p>Sch\u00f6n, dass ihr den Weg zu meinem Blog gefunden habt!\u00a0Ich schreibe \u00fcber mein t\u00e4gliches Leben in Bolivien und au\u00dfergew\u00f6hnliche Momente. Ich m\u00f6chte daraufhinweisen, dass die Beitr\u00e4ge auf eigenen Erfahrungen, Erz\u00e4hlungen und anderen Informationsquellen beruhen. Meine Rolle als Europ\u00e4er in einem lateinamerikanischen Land wird mit t\u00e4glich bewusst und ich versuche sie auch auf diesem Blog kritisch zu behandeln. Ich bin genie\u00dfe das Privileg, an dem kulturweit-Programm teilzunehmen. Und es ist genauso gemeint, wie ich es geschrieben habe: Privileg.<\/p>\n<p>Wie gewohnt sind alle Aussagen in diesem Blog gleichzeitig ernst, lustig, ironisch, wahrheitsgem\u00e4\u00df, metaphorisch und \u00fcberspitzt. Seid \u00fcberrascht und genie\u00dft mit mir \ud83d\ude42<\/p>\n<div id=\"attachment_36\" style=\"width: 310px\" class=\"wp-caption alignleft\"><a href=\"https:\/\/kulturweit.blog\/cochabamba\/files\/2015\/09\/12143118_1037848009579458_8677701256939003087_n.jpg\"><img loading=\"lazy\" decoding=\"async\" aria-describedby=\"caption-attachment-36\" class=\"size-medium wp-image-36\" src=\"https:\/\/kulturweit.blog\/cochabamba\/files\/2015\/09\/12143118_1037848009579458_8677701256939003087_n-300x452.jpg\" alt=\"Moin Moin :)\" width=\"300\" height=\"452\" srcset=\"https:\/\/kulturweit.blog\/cochabamba\/files\/2015\/09\/12143118_1037848009579458_8677701256939003087_n-300x452.jpg 300w, https:\/\/kulturweit.blog\/cochabamba\/files\/2015\/09\/12143118_1037848009579458_8677701256939003087_n.jpg 637w\" sizes=\"(max-width: 300px) 100vw, 300px\" \/><\/a><p id=\"caption-attachment-36\" class=\"wp-caption-text\">Moin Moin \ud83d\ude42<\/p><\/div>\n","protected":false},"excerpt":{"rendered":"<p>Sch\u00f6n, dass ihr den Weg zu meinem Blog gefunden habt!\u00a0Ich schreibe \u00fcber mein t\u00e4gliches Leben in Bolivien und au\u00dfergew\u00f6hnliche Momente. Ich m\u00f6chte daraufhinweisen, dass die Beitr\u00e4ge auf eigenen Erfahrungen, Erz\u00e4hlungen und anderen Informationsquellen beruhen. Meine Rolle als Europ\u00e4er in einem &hellip; <a href=\"https:\/\/kulturweit.blog\/cochabamba\/beispiel-seite\/\">Weiterlesen <span class=\"meta-nav\">&rarr;<\/span><\/a><\/p>\n","protected":false},"author":1813,"featured_media":0,"parent":0,"menu_order":0,"comment_status":"closed","ping_status":"open","template":"","meta":{"footnotes":""},"class_list":["post-2","page","type-page","status-publish","hentry"],"amp_enabled":true,"_links":{"self":[{"href":"https:\/\/kulturweit.blog\/cochabamba\/wp-json\/wp\/v2\/pages\/2"}],"collection":[{"href":"https:\/\/kulturweit.blog\/cochabamba\/wp-json\/wp\/v2\/pages"}],"about":[{"href":"https:\/\/kulturweit.blog\/cochabamba\/wp-json\/wp\/v2\/types\/page"}],"author":[{"embeddable":true,"href":"https:\/\/kulturweit.blog\/cochabamba\/wp-json\/wp\/v2\/users\/1813"}],"replies":[{"embeddable":true,"href":"https:\/\/kulturweit.blog\/cochabamba\/wp-json\/wp\/v2\/comments?post=2"}],"version-history":[{"count":3,"href":"https:\/\/kulturweit.blog\/cochabamba\/wp-json\/wp\/v2\/pages\/2\/revisions"}],"predecessor-version":[{"id":539,"href":"https:\/\/kulturweit.blog\/cochabamba\/wp-json\/wp\/v2\/pages\/2\/revisions\/539"}],"wp:attachment":[{"href":"https:\/\/kulturweit.blog\/cochabamba\/wp-json\/wp\/v2\/media?parent=2"}],"curies":[{"name":"wp","href":"https:\/\/api.w.org\/{rel}","templated":true}]}}