{"id":962,"date":"2012-09-26T13:00:55","date_gmt":"2012-09-26T11:00:55","guid":{"rendered":"https:\/\/kulturweit.blog\/carmina\/?page_id=962"},"modified":"2012-10-21T10:57:14","modified_gmt":"2012-10-21T08:57:14","slug":"fotokiste","status":"publish","type":"page","link":"https:\/\/kulturweit.blog\/carmina\/fotokiste\/","title":{"rendered":"Fotokiste"},"content":{"rendered":"<p>Gelegentlich fotografiere ich mit meiner analogen Kamera. Nun habe ich die Bilder, die im vergangenen Jahr in Ungarn und auf meinen Reisen in Nachbarl\u00e4nder entstanden sind, endlich digitalisiert. Hier findet ihr eine Auswahl davon, thematisch sortiert.<\/p>\n<p><a title=\"P\u00e9csem \/ Mein P\u00e9cs\" href=\"https:\/\/kulturweit.blog\/carmina\/fotokiste\/pecsem-mein-pecs\/\">Mein P\u00e9cs<br \/>\n<\/a><\/p>\n<ul>\n<li><a title=\"mein P\u00e9cser Zuhause\" href=\"https:\/\/kulturweit.blog\/carmina\/fotokiste\/pecsem-mein-pecs\/mein-pecser-zuhause\/\">Mein P\u00e9cser Zuhause<\/a><\/li>\n<li><a title=\"In den Stra\u00dfen von P\u00e9cs\" href=\"https:\/\/kulturweit.blog\/carmina\/fotokiste\/pecsem-mein-pecs\/in-den-strasen-von-pecs\/\">In den Stra\u00dfen von P\u00e9cs<\/a><\/li>\n<li><a title=\"Auf dem Fernsehturm\" href=\"https:\/\/kulturweit.blog\/carmina\/fotokiste\/pecsem-mein-pecs\/auf-dem-fernsehturm\/\">Auf dem Fernsehturm<\/a><\/li>\n<li><a title=\"Alles wei\u00df\" href=\"https:\/\/kulturweit.blog\/carmina\/fotokiste\/pecsem-mein-pecs\/alles-weis\/\">Alles wei\u00df<\/a><\/li>\n<li><a title=\"A P\u00e9csi V\u00e1s\u00e1r\" href=\"https:\/\/kulturweit.blog\/carmina\/fotokiste\/pecsem-mein-pecs\/a-pecsi-vasar\/\">A P\u00e9csi V\u00e1s\u00e1r<\/a><\/li>\n<\/ul>\n<p><a title=\"Budapest\" href=\"https:\/\/kulturweit.blog\/carmina\/fotokiste\/budapest\/\">Budapest<\/a><\/p>\n<p><a title=\"Unterwegs in Ungarn\" href=\"https:\/\/kulturweit.blog\/carmina\/fotokiste\/unterwegs-in-ungarn\/\">Unterwegs in Ungarn<\/a><\/p>\n<p><a title=\"Unterwegs\" href=\"https:\/\/kulturweit.blog\/carmina\/fotokiste\/unterwegs\/\">Unterwegs<\/a><\/p>\n<ul>\n<li><a title=\"Novemberliches Sarajevo\" href=\"https:\/\/kulturweit.blog\/carmina\/fotokiste\/unterwegs\/novemberliches-sarajevo\/\">Novemberliches Sarajevo<\/a><\/li>\n<li><a title=\"Zagreb im M\u00e4rz\" href=\"https:\/\/kulturweit.blog\/carmina\/fotokiste\/unterwegs\/zagreb-im-marz\/\">Zagreb im M\u00e4rz<\/a><\/li>\n<li><a title=\"Hinrei\u00dfendes Wien\" href=\"https:\/\/kulturweit.blog\/carmina\/fotokiste\/unterwegs\/hinreisendes-wien\/\">Hinrei\u00dfendes Wien<\/a><\/li>\n<\/ul>\n<p><a title=\"Auf dem Fahrrad durchs Baltikum\" href=\"https:\/\/kulturweit.blog\/carmina\/fotokiste\/auf-dem-fahrrad-durchs-baltikum\/\">Auf dem Fahrrad durchs Baltikum<\/a><\/p>\n<ul>\n<li><a title=\"R\u012bga\" href=\"https:\/\/kulturweit.blog\/carmina\/fotokiste\/auf-dem-fahrrad-durchs-baltikum\/riga\/\">R\u012bga<\/a><\/li>\n<\/ul>\n<p>&nbsp;<\/p>\n<p>&nbsp;<\/p>\n","protected":false},"excerpt":{"rendered":"<p>Gelegentlich fotografiere ich mit meiner analogen Kamera. Nun habe ich die Bilder, die im vergangenen Jahr in Ungarn und auf meinen Reisen in Nachbarl\u00e4nder entstanden sind, endlich digitalisiert. Hier findet ihr eine Auswahl davon, thematisch sortiert. Mein P\u00e9cs Mein P\u00e9cser Zuhause In den Stra\u00dfen von P\u00e9cs Auf dem Fernsehturm Alles wei\u00df A P\u00e9csi V\u00e1s\u00e1r Budapest &hellip; <span class=\"more-link\"><a href=\"https:\/\/kulturweit.blog\/carmina\/fotokiste\/\">Mehr lesen &raquo;<\/a><\/span><\/p>\n","protected":false},"author":571,"featured_media":1059,"parent":0,"menu_order":0,"comment_status":"open","ping_status":"open","template":"","meta":{"footnotes":""},"class_list":["post-962","page","type-page","status-publish","has-post-thumbnail","hentry"],"amp_enabled":true,"_links":{"self":[{"href":"https:\/\/kulturweit.blog\/carmina\/wp-json\/wp\/v2\/pages\/962"}],"collection":[{"href":"https:\/\/kulturweit.blog\/carmina\/wp-json\/wp\/v2\/pages"}],"about":[{"href":"https:\/\/kulturweit.blog\/carmina\/wp-json\/wp\/v2\/types\/page"}],"author":[{"embeddable":true,"href":"https:\/\/kulturweit.blog\/carmina\/wp-json\/wp\/v2\/users\/571"}],"replies":[{"embeddable":true,"href":"https:\/\/kulturweit.blog\/carmina\/wp-json\/wp\/v2\/comments?post=962"}],"version-history":[{"count":1,"href":"https:\/\/kulturweit.blog\/carmina\/wp-json\/wp\/v2\/pages\/962\/revisions"}],"predecessor-version":[{"id":1167,"href":"https:\/\/kulturweit.blog\/carmina\/wp-json\/wp\/v2\/pages\/962\/revisions\/1167"}],"wp:featuredmedia":[{"embeddable":true,"href":"https:\/\/kulturweit.blog\/carmina\/wp-json\/wp\/v2\/media\/1059"}],"wp:attachment":[{"href":"https:\/\/kulturweit.blog\/carmina\/wp-json\/wp\/v2\/media?parent=962"}],"curies":[{"name":"wp","href":"https:\/\/api.w.org\/{rel}","templated":true}]}}