{"id":1437,"date":"2014-08-22T00:03:49","date_gmt":"2014-08-21T22:03:49","guid":{"rendered":"https:\/\/kulturweit.blog\/carmina\/?page_id=1437"},"modified":"2014-08-22T00:03:49","modified_gmt":"2014-08-21T22:03:49","slug":"ueber-mich-und-diesen-blog","status":"publish","type":"page","link":"https:\/\/kulturweit.blog\/carmina\/ueber-mich-und-diesen-blog\/","title":{"rendered":"\u00dcber mich und diesen Blog"},"content":{"rendered":"<p>Im September 2011 bin ich nach Ungarn ausgereist und habe f\u00fcr ein Jahr lang als \u00bbkulturweit\u00ab-Freiwillige am Le\u0151wey Kl\u00e1ra Gimn\u00e1zium in P\u00e9cs gearbeitet. Auf diesem Blog findet ihr Geschichten, Berichte, Erlebnisse und Bilder aus dieser Zeit. Aber \u00bbkulturweit\u00ab endet nicht mit der R\u00fcckkehr aus dem Einsatzland und auch nicht mit dem Abschlussseminar am Werbellinsee. \ud83d\ude09 Deswegen f\u00fchre ich diesen Blog weiter und melde mich ab und zu mal mit einer neuen Geschichte von unterwegs.<\/p>\n<p>&nbsp;<\/p>\n<div id=\"attachment_1438\" style=\"width: 310px\" class=\"wp-caption aligncenter\"><a href=\"https:\/\/kulturweit.blog\/carmina\/files\/2014\/08\/P1060929.jpg\"><img loading=\"lazy\" decoding=\"async\" aria-describedby=\"caption-attachment-1438\" class=\"wp-image-1438 size-medium\" src=\"https:\/\/kulturweit.blog\/carmina\/files\/2014\/08\/P1060929-300x225.jpg\" alt=\"P1060929\" width=\"300\" height=\"225\" srcset=\"https:\/\/kulturweit.blog\/carmina\/files\/2014\/08\/P1060929-300x225.jpg 300w, https:\/\/kulturweit.blog\/carmina\/files\/2014\/08\/P1060929-160x120.jpg 160w, https:\/\/kulturweit.blog\/carmina\/files\/2014\/08\/P1060929.jpg 1024w\" sizes=\"(max-width: 300px) 100vw, 300px\" \/><\/a><p id=\"caption-attachment-1438\" class=\"wp-caption-text\">Auf der Alumni-Fahrradkarawane von Osnabr\u00fcck nach Bonn (August 2014).<\/p><\/div>\n","protected":false},"excerpt":{"rendered":"<p>Im September 2011 bin ich nach Ungarn ausgereist und habe f\u00fcr ein Jahr lang als \u00bbkulturweit\u00ab-Freiwillige am Le\u0151wey Kl\u00e1ra Gimn\u00e1zium in P\u00e9cs gearbeitet. Auf diesem Blog findet ihr Geschichten, Berichte, Erlebnisse und Bilder aus dieser Zeit. Aber \u00bbkulturweit\u00ab endet nicht mit der R\u00fcckkehr aus dem Einsatzland und auch nicht mit dem Abschlussseminar am Werbellinsee. \ud83d\ude09 &hellip; <span class=\"more-link\"><a href=\"https:\/\/kulturweit.blog\/carmina\/ueber-mich-und-diesen-blog\/\">Mehr lesen &raquo;<\/a><\/span><\/p>\n","protected":false},"author":571,"featured_media":1438,"parent":0,"menu_order":0,"comment_status":"open","ping_status":"open","template":"","meta":{"footnotes":""},"class_list":["post-1437","page","type-page","status-publish","has-post-thumbnail","hentry"],"amp_enabled":true,"_links":{"self":[{"href":"https:\/\/kulturweit.blog\/carmina\/wp-json\/wp\/v2\/pages\/1437"}],"collection":[{"href":"https:\/\/kulturweit.blog\/carmina\/wp-json\/wp\/v2\/pages"}],"about":[{"href":"https:\/\/kulturweit.blog\/carmina\/wp-json\/wp\/v2\/types\/page"}],"author":[{"embeddable":true,"href":"https:\/\/kulturweit.blog\/carmina\/wp-json\/wp\/v2\/users\/571"}],"replies":[{"embeddable":true,"href":"https:\/\/kulturweit.blog\/carmina\/wp-json\/wp\/v2\/comments?post=1437"}],"version-history":[{"count":0,"href":"https:\/\/kulturweit.blog\/carmina\/wp-json\/wp\/v2\/pages\/1437\/revisions"}],"wp:featuredmedia":[{"embeddable":true,"href":"https:\/\/kulturweit.blog\/carmina\/wp-json\/wp\/v2\/media\/1438"}],"wp:attachment":[{"href":"https:\/\/kulturweit.blog\/carmina\/wp-json\/wp\/v2\/media?parent=1437"}],"curies":[{"name":"wp","href":"https:\/\/api.w.org\/{rel}","templated":true}]}}