{"id":1277,"date":"2012-10-21T10:46:50","date_gmt":"2012-10-21T08:46:50","guid":{"rendered":"https:\/\/kulturweit.blog\/carmina\/?page_id=1277"},"modified":"2012-10-21T11:05:30","modified_gmt":"2012-10-21T09:05:30","slug":"auf-dem-fahrrad-durchs-baltikum","status":"publish","type":"page","link":"https:\/\/kulturweit.blog\/carmina\/fotokiste\/auf-dem-fahrrad-durchs-baltikum\/","title":{"rendered":"Auf dem Fahrrad durchs Baltikum"},"content":{"rendered":"<p>Lekt\u00fcre zu den Bildern: <a title=\"Wir radeln geschwinde\u2026\" href=\"https:\/\/kulturweit.blog\/carmina\/2012\/07\/11\/wir-radeln-geschwinde\/\">Wir radeln geschwinde&#8230;<\/a>, <a title=\"Kurzer R\u00fcckblick auf die Fahrradkarawane durchs Baltikum\" href=\"https:\/\/kulturweit.blog\/carmina\/2012\/07\/25\/kurzer-ruckblick-auf-die-fahrradkarawane-durchs-baltikum\/\">Kurzer R\u00fcckblick auf die Fahrradkarawane durchs Baltikum<\/a>.<\/p>\n<p>Hier findet ihr Bilder aus <a title=\"R\u012bga\" href=\"https:\/\/kulturweit.blog\/carmina\/fotokiste\/auf-dem-fahrrad-durchs-baltikum\/riga\/\">R\u012bga<\/a>.<\/p>\n<div id=\"attachment_1288\" style=\"width: 501px\" class=\"wp-caption aligncenter\"><img loading=\"lazy\" decoding=\"async\" aria-describedby=\"caption-attachment-1288\" class=\" wp-image-1288  \" src=\"https:\/\/kulturweit.blog\/carmina\/files\/2012\/10\/01_Sprinter-in-Klaipeda.jpg\" alt=\"\" width=\"491\" height=\"345\" srcset=\"https:\/\/kulturweit.blog\/carmina\/files\/2012\/10\/01_Sprinter-in-Klaipeda.jpg 1024w, https:\/\/kulturweit.blog\/carmina\/files\/2012\/10\/01_Sprinter-in-Klaipeda-300x210.jpg 300w\" sizes=\"(max-width: 491px) 100vw, 491px\" \/><p id=\"caption-attachment-1288\" class=\"wp-caption-text\">Unser Sprinter in Klaip\u0117da<\/p><\/div>\n<div id=\"attachment_1289\" style=\"width: 501px\" class=\"wp-caption aligncenter\"><img loading=\"lazy\" decoding=\"async\" aria-describedby=\"caption-attachment-1289\" class=\" wp-image-1289  \" src=\"https:\/\/kulturweit.blog\/carmina\/files\/2012\/10\/02_Katze-in-Klaipeda.jpg\" alt=\"\" width=\"491\" height=\"322\" srcset=\"https:\/\/kulturweit.blog\/carmina\/files\/2012\/10\/02_Katze-in-Klaipeda.jpg 1024w, https:\/\/kulturweit.blog\/carmina\/files\/2012\/10\/02_Katze-in-Klaipeda-300x196.jpg 300w\" sizes=\"(max-width: 491px) 100vw, 491px\" \/><p id=\"caption-attachment-1289\" class=\"wp-caption-text\">Katze in Klaip\u0117da<\/p><\/div>\n<div id=\"attachment_1290\" style=\"width: 501px\" class=\"wp-caption aligncenter\"><img loading=\"lazy\" decoding=\"async\" aria-describedby=\"caption-attachment-1290\" class=\" wp-image-1290 \" src=\"https:\/\/kulturweit.blog\/carmina\/files\/2012\/10\/03_Strand-in-Litauen.jpg\" alt=\"\" width=\"491\" height=\"324\" srcset=\"https:\/\/kulturweit.blog\/carmina\/files\/2012\/10\/03_Strand-in-Litauen.jpg 1024w, https:\/\/kulturweit.blog\/carmina\/files\/2012\/10\/03_Strand-in-Litauen-300x197.jpg 300w\" sizes=\"(max-width: 491px) 100vw, 491px\" \/><p id=\"caption-attachment-1290\" class=\"wp-caption-text\">Ostseestrand in Litauen<\/p><\/div>\n<div id=\"attachment_1291\" style=\"width: 501px\" class=\"wp-caption aligncenter\"><img loading=\"lazy\" decoding=\"async\" aria-describedby=\"caption-attachment-1291\" class=\" wp-image-1291 \" src=\"https:\/\/kulturweit.blog\/carmina\/files\/2012\/10\/04_Pause-auf-dem-Weg-nach-Liepaja.jpg\" alt=\"\" width=\"491\" height=\"321\" srcset=\"https:\/\/kulturweit.blog\/carmina\/files\/2012\/10\/04_Pause-auf-dem-Weg-nach-Liepaja.jpg 1024w, https:\/\/kulturweit.blog\/carmina\/files\/2012\/10\/04_Pause-auf-dem-Weg-nach-Liepaja-300x195.jpg 300w\" sizes=\"(max-width: 491px) 100vw, 491px\" \/><p id=\"caption-attachment-1291\" class=\"wp-caption-text\">Pause auf der Strecke nach Liep\u0101ja<\/p><\/div>\n<div id=\"attachment_1292\" style=\"width: 501px\" class=\"wp-caption aligncenter\"><img loading=\"lazy\" decoding=\"async\" aria-describedby=\"caption-attachment-1292\" class=\" wp-image-1292\" src=\"https:\/\/kulturweit.blog\/carmina\/files\/2012\/10\/06_Fliegetier.jpg\" alt=\"\" width=\"491\" height=\"322\" srcset=\"https:\/\/kulturweit.blog\/carmina\/files\/2012\/10\/06_Fliegetier.jpg 1024w, https:\/\/kulturweit.blog\/carmina\/files\/2012\/10\/06_Fliegetier-300x196.jpg 300w\" sizes=\"(max-width: 491px) 100vw, 491px\" \/><p id=\"caption-attachment-1292\" class=\"wp-caption-text\">Natur am Wegesrand<\/p><\/div>\n<div id=\"attachment_1293\" style=\"width: 501px\" class=\"wp-caption aligncenter\"><img loading=\"lazy\" decoding=\"async\" aria-describedby=\"caption-attachment-1293\" class=\" wp-image-1293  \" src=\"https:\/\/kulturweit.blog\/carmina\/files\/2012\/10\/07_auf-nach-Kuldiga.jpg\" alt=\"\" width=\"491\" height=\"333\" srcset=\"https:\/\/kulturweit.blog\/carmina\/files\/2012\/10\/07_auf-nach-Kuldiga.jpg 1024w, https:\/\/kulturweit.blog\/carmina\/files\/2012\/10\/07_auf-nach-Kuldiga-300x203.jpg 300w\" sizes=\"(max-width: 491px) 100vw, 491px\" \/><p id=\"caption-attachment-1293\" class=\"wp-caption-text\">Auf dem Weg nach Kuld\u012bga<\/p><\/div>\n<div id=\"attachment_1294\" style=\"width: 501px\" class=\"wp-caption aligncenter\"><img loading=\"lazy\" decoding=\"async\" aria-describedby=\"caption-attachment-1294\" class=\" wp-image-1294  \" src=\"https:\/\/kulturweit.blog\/carmina\/files\/2012\/10\/08_Kuldiga.jpg\" alt=\"\" width=\"491\" height=\"331\" srcset=\"https:\/\/kulturweit.blog\/carmina\/files\/2012\/10\/08_Kuldiga.jpg 1024w, https:\/\/kulturweit.blog\/carmina\/files\/2012\/10\/08_Kuldiga-300x202.jpg 300w\" sizes=\"(max-width: 491px) 100vw, 491px\" \/><p id=\"caption-attachment-1294\" class=\"wp-caption-text\">Wasserfall in Kuld\u012bga (der breiteste Europas)<\/p><\/div>\n<div id=\"attachment_1295\" style=\"width: 501px\" class=\"wp-caption aligncenter\"><img loading=\"lazy\" decoding=\"async\" aria-describedby=\"caption-attachment-1295\" class=\" wp-image-1295  \" src=\"https:\/\/kulturweit.blog\/carmina\/files\/2012\/10\/09_Erfrischung.jpg\" alt=\"\" width=\"491\" height=\"328\" srcset=\"https:\/\/kulturweit.blog\/carmina\/files\/2012\/10\/09_Erfrischung.jpg 1024w, https:\/\/kulturweit.blog\/carmina\/files\/2012\/10\/09_Erfrischung-300x200.jpg 300w\" sizes=\"(max-width: 491px) 100vw, 491px\" \/><p id=\"caption-attachment-1295\" class=\"wp-caption-text\">Erfrischende N\u00e4sse<\/p><\/div>\n<div id=\"attachment_1296\" style=\"width: 501px\" class=\"wp-caption aligncenter\"><img loading=\"lazy\" decoding=\"async\" aria-describedby=\"caption-attachment-1296\" class=\" wp-image-1296 \" src=\"https:\/\/kulturweit.blog\/carmina\/files\/2012\/10\/10_Richtung-Riga.jpg\" alt=\"\" width=\"491\" height=\"326\" srcset=\"https:\/\/kulturweit.blog\/carmina\/files\/2012\/10\/10_Richtung-Riga.jpg 1024w, https:\/\/kulturweit.blog\/carmina\/files\/2012\/10\/10_Richtung-Riga-300x198.jpg 300w\" sizes=\"(max-width: 491px) 100vw, 491px\" \/><p id=\"caption-attachment-1296\" class=\"wp-caption-text\">Richtung R\u012bga<\/p><\/div>\n<div id=\"attachment_1297\" style=\"width: 501px\" class=\"wp-caption aligncenter\"><img loading=\"lazy\" decoding=\"async\" aria-describedby=\"caption-attachment-1297\" class=\" wp-image-1297  \" src=\"https:\/\/kulturweit.blog\/carmina\/files\/2012\/10\/11_Wald-und-Feld.jpg\" alt=\"\" width=\"491\" height=\"335\" srcset=\"https:\/\/kulturweit.blog\/carmina\/files\/2012\/10\/11_Wald-und-Feld.jpg 1024w, https:\/\/kulturweit.blog\/carmina\/files\/2012\/10\/11_Wald-und-Feld-300x204.jpg 300w\" sizes=\"(max-width: 491px) 100vw, 491px\" \/><p id=\"caption-attachment-1297\" class=\"wp-caption-text\">Wald und Feld<\/p><\/div>\n<div id=\"attachment_1298\" style=\"width: 501px\" class=\"wp-caption aligncenter\"><img loading=\"lazy\" decoding=\"async\" aria-describedby=\"caption-attachment-1298\" class=\" wp-image-1298  \" src=\"https:\/\/kulturweit.blog\/carmina\/files\/2012\/10\/12_Storch.jpg\" alt=\"\" width=\"491\" height=\"323\" srcset=\"https:\/\/kulturweit.blog\/carmina\/files\/2012\/10\/12_Storch.jpg 1024w, https:\/\/kulturweit.blog\/carmina\/files\/2012\/10\/12_Storch-300x197.jpg 300w\" sizes=\"(max-width: 491px) 100vw, 491px\" \/><p id=\"caption-attachment-1298\" class=\"wp-caption-text\">Storch<\/p><\/div>\n<div id=\"attachment_1299\" style=\"width: 501px\" class=\"wp-caption aligncenter\"><img loading=\"lazy\" decoding=\"async\" aria-describedby=\"caption-attachment-1299\" class=\" wp-image-1299  \" src=\"https:\/\/kulturweit.blog\/carmina\/files\/2012\/10\/13_Kuhweide-in-Estland.jpg\" alt=\"\" width=\"491\" height=\"339\" srcset=\"https:\/\/kulturweit.blog\/carmina\/files\/2012\/10\/13_Kuhweide-in-Estland.jpg 1024w, https:\/\/kulturweit.blog\/carmina\/files\/2012\/10\/13_Kuhweide-in-Estland-300x206.jpg 300w\" sizes=\"(max-width: 491px) 100vw, 491px\" \/><p id=\"caption-attachment-1299\" class=\"wp-caption-text\">Kuhweide in Estland, im Hintergrund die Ostsee<\/p><\/div>\n<div id=\"attachment_1300\" style=\"width: 501px\" class=\"wp-caption aligncenter\"><img loading=\"lazy\" decoding=\"async\" aria-describedby=\"caption-attachment-1300\" class=\" wp-image-1300  \" src=\"https:\/\/kulturweit.blog\/carmina\/files\/2012\/10\/14_Pf\u00e4hle.jpg\" alt=\"\" width=\"491\" height=\"322\" srcset=\"https:\/\/kulturweit.blog\/carmina\/files\/2012\/10\/14_Pf\u00e4hle.jpg 1024w, https:\/\/kulturweit.blog\/carmina\/files\/2012\/10\/14_Pf\u00e4hle-300x196.jpg 300w\" sizes=\"(max-width: 491px) 100vw, 491px\" \/><p id=\"caption-attachment-1300\" class=\"wp-caption-text\">Einz\u00e4unung der Kuhweide (s.o.)<\/p><\/div>\n<p>&nbsp;<\/p>\n","protected":false},"excerpt":{"rendered":"<p>Lekt\u00fcre zu den Bildern: Wir radeln geschwinde&#8230;, Kurzer R\u00fcckblick auf die Fahrradkarawane durchs Baltikum. Hier findet ihr Bilder aus R\u012bga. &nbsp;<\/p>\n","protected":false},"author":571,"featured_media":1292,"parent":962,"menu_order":5,"comment_status":"open","ping_status":"open","template":"","meta":{"footnotes":""},"class_list":["post-1277","page","type-page","status-publish","has-post-thumbnail","hentry"],"amp_enabled":true,"_links":{"self":[{"href":"https:\/\/kulturweit.blog\/carmina\/wp-json\/wp\/v2\/pages\/1277"}],"collection":[{"href":"https:\/\/kulturweit.blog\/carmina\/wp-json\/wp\/v2\/pages"}],"about":[{"href":"https:\/\/kulturweit.blog\/carmina\/wp-json\/wp\/v2\/types\/page"}],"author":[{"embeddable":true,"href":"https:\/\/kulturweit.blog\/carmina\/wp-json\/wp\/v2\/users\/571"}],"replies":[{"embeddable":true,"href":"https:\/\/kulturweit.blog\/carmina\/wp-json\/wp\/v2\/comments?post=1277"}],"version-history":[{"count":1,"href":"https:\/\/kulturweit.blog\/carmina\/wp-json\/wp\/v2\/pages\/1277\/revisions"}],"predecessor-version":[{"id":1286,"href":"https:\/\/kulturweit.blog\/carmina\/wp-json\/wp\/v2\/pages\/1277\/revisions\/1286"}],"up":[{"embeddable":true,"href":"https:\/\/kulturweit.blog\/carmina\/wp-json\/wp\/v2\/pages\/962"}],"wp:featuredmedia":[{"embeddable":true,"href":"https:\/\/kulturweit.blog\/carmina\/wp-json\/wp\/v2\/media\/1292"}],"wp:attachment":[{"href":"https:\/\/kulturweit.blog\/carmina\/wp-json\/wp\/v2\/media?parent=1277"}],"curies":[{"name":"wp","href":"https:\/\/api.w.org\/{rel}","templated":true}]}}