{"id":1205,"date":"2012-10-06T19:53:54","date_gmt":"2012-10-06T17:53:54","guid":{"rendered":"https:\/\/kulturweit.blog\/carmina\/?page_id=1205"},"modified":"2012-11-01T14:37:27","modified_gmt":"2012-11-01T13:37:27","slug":"auf-dem-fernsehturm","status":"publish","type":"page","link":"https:\/\/kulturweit.blog\/carmina\/fotokiste\/pecsem-mein-pecs\/auf-dem-fernsehturm\/","title":{"rendered":"Auf dem Fernsehturm"},"content":{"rendered":"<p style=\"text-align: center\"><img loading=\"lazy\" decoding=\"async\" class=\"aligncenter  wp-image-1206\" src=\"https:\/\/kulturweit.blog\/carmina\/files\/2012\/10\/01_Fernsehturm.jpg\" alt=\"\" width=\"491\" height=\"324\" srcset=\"https:\/\/kulturweit.blog\/carmina\/files\/2012\/10\/01_Fernsehturm.jpg 1024w, https:\/\/kulturweit.blog\/carmina\/files\/2012\/10\/01_Fernsehturm-300x197.jpg 300w\" sizes=\"(max-width: 491px) 100vw, 491px\" \/><\/p>\n<p style=\"text-align: center\"><img loading=\"lazy\" decoding=\"async\" class=\"aligncenter  wp-image-1208\" src=\"https:\/\/kulturweit.blog\/carmina\/files\/2012\/10\/02.jpg\" alt=\"\" width=\"491\" height=\"322\" srcset=\"https:\/\/kulturweit.blog\/carmina\/files\/2012\/10\/02.jpg 1024w, https:\/\/kulturweit.blog\/carmina\/files\/2012\/10\/02-300x196.jpg 300w\" sizes=\"(max-width: 491px) 100vw, 491px\" \/><\/p>\n<p style=\"text-align: center\"><img loading=\"lazy\" decoding=\"async\" class=\"aligncenter  wp-image-1209\" src=\"https:\/\/kulturweit.blog\/carmina\/files\/2012\/10\/02a.jpg\" alt=\"\" width=\"491\" height=\"322\" srcset=\"https:\/\/kulturweit.blog\/carmina\/files\/2012\/10\/02a.jpg 1024w, https:\/\/kulturweit.blog\/carmina\/files\/2012\/10\/02a-300x196.jpg 300w\" sizes=\"(max-width: 491px) 100vw, 491px\" \/><\/p>\n<p style=\"text-align: center\"><img loading=\"lazy\" decoding=\"async\" class=\"aligncenter  wp-image-1210\" src=\"https:\/\/kulturweit.blog\/carmina\/files\/2012\/10\/03.jpg\" alt=\"\" width=\"491\" height=\"325\" srcset=\"https:\/\/kulturweit.blog\/carmina\/files\/2012\/10\/03.jpg 1024w, https:\/\/kulturweit.blog\/carmina\/files\/2012\/10\/03-300x198.jpg 300w\" sizes=\"(max-width: 491px) 100vw, 491px\" \/><\/p>\n<p style=\"text-align: center\"><img loading=\"lazy\" decoding=\"async\" class=\"aligncenter  wp-image-1211\" src=\"https:\/\/kulturweit.blog\/carmina\/files\/2012\/10\/05.jpg\" alt=\"\" width=\"491\" height=\"330\" srcset=\"https:\/\/kulturweit.blog\/carmina\/files\/2012\/10\/05.jpg 1024w, https:\/\/kulturweit.blog\/carmina\/files\/2012\/10\/05-300x201.jpg 300w\" sizes=\"(max-width: 491px) 100vw, 491px\" \/><\/p>\n<p style=\"text-align: center\"><img loading=\"lazy\" decoding=\"async\" class=\"aligncenter  wp-image-1212\" src=\"https:\/\/kulturweit.blog\/carmina\/files\/2012\/10\/Image0013.jpg\" alt=\"\" width=\"491\" height=\"331\" srcset=\"https:\/\/kulturweit.blog\/carmina\/files\/2012\/10\/Image0013.jpg 1024w, https:\/\/kulturweit.blog\/carmina\/files\/2012\/10\/Image0013-300x202.jpg 300w\" sizes=\"(max-width: 491px) 100vw, 491px\" \/><\/p>\n<p style=\"text-align: left\">Als diese Fotos noch nicht digitalisiert waren, damals, versuchte ich die Aussicht mit Worten zu beschreiben: <a title=\"K\u00e9pek. \/ Bilder.\" href=\"https:\/\/kulturweit.blog\/carmina\/2012\/01\/19\/kepek-bilder\/\">K\u00e9pek. \/ Bilder.<\/a><\/p>\n<p style=\"text-align: left\">&#8211;&gt; <a title=\"A P\u00e9csi V\u00e1s\u00e1r\" href=\"https:\/\/kulturweit.blog\/carmina\/fotokiste\/pecsem-mein-pecs\/a-pecsi-vasar\/\">A P\u00e9csi V\u00e1s\u00e1r<\/a><\/p>\n","protected":false},"excerpt":{"rendered":"<p>Als diese Fotos noch nicht digitalisiert waren, damals, versuchte ich die Aussicht mit Worten zu beschreiben: K\u00e9pek. \/ Bilder. &#8211;&gt; A P\u00e9csi V\u00e1s\u00e1r<\/p>\n","protected":false},"author":571,"featured_media":1212,"parent":1130,"menu_order":4,"comment_status":"open","ping_status":"open","template":"","meta":{"footnotes":""},"class_list":["post-1205","page","type-page","status-publish","has-post-thumbnail","hentry"],"amp_enabled":true,"_links":{"self":[{"href":"https:\/\/kulturweit.blog\/carmina\/wp-json\/wp\/v2\/pages\/1205"}],"collection":[{"href":"https:\/\/kulturweit.blog\/carmina\/wp-json\/wp\/v2\/pages"}],"about":[{"href":"https:\/\/kulturweit.blog\/carmina\/wp-json\/wp\/v2\/types\/page"}],"author":[{"embeddable":true,"href":"https:\/\/kulturweit.blog\/carmina\/wp-json\/wp\/v2\/users\/571"}],"replies":[{"embeddable":true,"href":"https:\/\/kulturweit.blog\/carmina\/wp-json\/wp\/v2\/comments?post=1205"}],"version-history":[{"count":0,"href":"https:\/\/kulturweit.blog\/carmina\/wp-json\/wp\/v2\/pages\/1205\/revisions"}],"up":[{"embeddable":true,"href":"https:\/\/kulturweit.blog\/carmina\/wp-json\/wp\/v2\/pages\/1130"}],"wp:featuredmedia":[{"embeddable":true,"href":"https:\/\/kulturweit.blog\/carmina\/wp-json\/wp\/v2\/media\/1212"}],"wp:attachment":[{"href":"https:\/\/kulturweit.blog\/carmina\/wp-json\/wp\/v2\/media?parent=1205"}],"curies":[{"name":"wp","href":"https:\/\/api.w.org\/{rel}","templated":true}]}}