{"id":1188,"date":"2012-10-06T19:43:42","date_gmt":"2012-10-06T17:43:42","guid":{"rendered":"https:\/\/kulturweit.blog\/carmina\/?page_id=1188"},"modified":"2012-11-01T14:36:41","modified_gmt":"2012-11-01T13:36:41","slug":"alles-weis","status":"publish","type":"page","link":"https:\/\/kulturweit.blog\/carmina\/fotokiste\/pecsem-mein-pecs\/alles-weis\/","title":{"rendered":"Alles wei\u00df"},"content":{"rendered":"<p>Im Februar 2012 hat es in P\u00e9cs tagelang stark geschneit und die wei\u00dfe K\u00fchle blieb wochenlang erhalten. Mit meiner analogen Kamera unternahm ich einen Schneespaziergang:<\/p>\n<p style=\"text-align: center\"><img loading=\"lazy\" decoding=\"async\" class=\"aligncenter  wp-image-1189\" src=\"https:\/\/kulturweit.blog\/carmina\/files\/2012\/10\/P\u00e9cs_021.jpg\" alt=\"\" width=\"491\" height=\"325\" srcset=\"https:\/\/kulturweit.blog\/carmina\/files\/2012\/10\/P\u00e9cs_021.jpg 1024w, https:\/\/kulturweit.blog\/carmina\/files\/2012\/10\/P\u00e9cs_021-300x198.jpg 300w\" sizes=\"(max-width: 491px) 100vw, 491px\" \/><\/p>\n<p style=\"text-align: center\"><img loading=\"lazy\" decoding=\"async\" class=\"aligncenter  wp-image-1190\" src=\"https:\/\/kulturweit.blog\/carmina\/files\/2012\/10\/P\u00e9cs_023.jpg\" alt=\"\" width=\"491\" height=\"323\" srcset=\"https:\/\/kulturweit.blog\/carmina\/files\/2012\/10\/P\u00e9cs_023.jpg 1024w, https:\/\/kulturweit.blog\/carmina\/files\/2012\/10\/P\u00e9cs_023-300x197.jpg 300w\" sizes=\"(max-width: 491px) 100vw, 491px\" \/><\/p>\n<p style=\"text-align: center\"><img loading=\"lazy\" decoding=\"async\" class=\"aligncenter  wp-image-1191\" src=\"https:\/\/kulturweit.blog\/carmina\/files\/2012\/10\/P\u00e9cs_025.jpg\" alt=\"\" width=\"326\" height=\"491\" \/><\/p>\n<p style=\"text-align: center\"><img loading=\"lazy\" decoding=\"async\" class=\"aligncenter  wp-image-1192\" src=\"https:\/\/kulturweit.blog\/carmina\/files\/2012\/10\/P\u00e9cs_026.jpg\" alt=\"\" width=\"491\" height=\"324\" srcset=\"https:\/\/kulturweit.blog\/carmina\/files\/2012\/10\/P\u00e9cs_026.jpg 1024w, https:\/\/kulturweit.blog\/carmina\/files\/2012\/10\/P\u00e9cs_026-300x197.jpg 300w\" sizes=\"(max-width: 491px) 100vw, 491px\" \/><\/p>\n<p style=\"text-align: center\"><img loading=\"lazy\" decoding=\"async\" class=\"aligncenter  wp-image-1193\" src=\"https:\/\/kulturweit.blog\/carmina\/files\/2012\/10\/P\u00e9cs_028.jpg\" alt=\"\" width=\"491\" height=\"328\" srcset=\"https:\/\/kulturweit.blog\/carmina\/files\/2012\/10\/P\u00e9cs_028.jpg 1024w, https:\/\/kulturweit.blog\/carmina\/files\/2012\/10\/P\u00e9cs_028-300x200.jpg 300w\" sizes=\"(max-width: 491px) 100vw, 491px\" \/><\/p>\n<p style=\"text-align: center\"><img loading=\"lazy\" decoding=\"async\" class=\"aligncenter  wp-image-1194\" src=\"https:\/\/kulturweit.blog\/carmina\/files\/2012\/10\/P\u00e9cs_029.jpg\" alt=\"\" width=\"491\" height=\"319\" srcset=\"https:\/\/kulturweit.blog\/carmina\/files\/2012\/10\/P\u00e9cs_029.jpg 1024w, https:\/\/kulturweit.blog\/carmina\/files\/2012\/10\/P\u00e9cs_029-300x194.jpg 300w\" sizes=\"(max-width: 491px) 100vw, 491px\" \/><\/p>\n<p style=\"text-align: center\"><img loading=\"lazy\" decoding=\"async\" class=\"aligncenter  wp-image-1195\" src=\"https:\/\/kulturweit.blog\/carmina\/files\/2012\/10\/P\u00e9cs_031.jpg\" alt=\"\" width=\"322\" height=\"491\" srcset=\"https:\/\/kulturweit.blog\/carmina\/files\/2012\/10\/P\u00e9cs_031.jpg 670w, https:\/\/kulturweit.blog\/carmina\/files\/2012\/10\/P\u00e9cs_031-196x300.jpg 196w\" sizes=\"(max-width: 322px) 100vw, 322px\" \/><\/p>\n<p style=\"text-align: center\"><img loading=\"lazy\" decoding=\"async\" class=\"aligncenter  wp-image-1196\" src=\"https:\/\/kulturweit.blog\/carmina\/files\/2012\/10\/P\u00e9cs_033.jpg\" alt=\"\" width=\"491\" height=\"325\" srcset=\"https:\/\/kulturweit.blog\/carmina\/files\/2012\/10\/P\u00e9cs_033.jpg 1024w, https:\/\/kulturweit.blog\/carmina\/files\/2012\/10\/P\u00e9cs_033-300x198.jpg 300w\" sizes=\"(max-width: 491px) 100vw, 491px\" \/><\/p>\n<p style=\"text-align: center\"><img loading=\"lazy\" decoding=\"async\" class=\"aligncenter  wp-image-1197\" src=\"https:\/\/kulturweit.blog\/carmina\/files\/2012\/10\/P\u00e9cs_034.jpg\" alt=\"\" width=\"491\" height=\"325\" srcset=\"https:\/\/kulturweit.blog\/carmina\/files\/2012\/10\/P\u00e9cs_034.jpg 1024w, https:\/\/kulturweit.blog\/carmina\/files\/2012\/10\/P\u00e9cs_034-300x198.jpg 300w\" sizes=\"(max-width: 491px) 100vw, 491px\" \/><\/p>\n<p style=\"text-align: center\"><img loading=\"lazy\" decoding=\"async\" class=\"aligncenter  wp-image-1198\" src=\"https:\/\/kulturweit.blog\/carmina\/files\/2012\/10\/P\u00e9cs_036.jpg\" alt=\"\" width=\"491\" height=\"322\" srcset=\"https:\/\/kulturweit.blog\/carmina\/files\/2012\/10\/P\u00e9cs_036.jpg 1024w, https:\/\/kulturweit.blog\/carmina\/files\/2012\/10\/P\u00e9cs_036-300x196.jpg 300w\" sizes=\"(max-width: 491px) 100vw, 491px\" \/><\/p>\n<p style=\"text-align: center\"><img loading=\"lazy\" decoding=\"async\" class=\"aligncenter  wp-image-1199\" src=\"https:\/\/kulturweit.blog\/carmina\/files\/2012\/10\/P\u00e9cs_037.jpg\" alt=\"\" width=\"491\" height=\"330\" \/><\/p>\n<p style=\"text-align: center\"><img loading=\"lazy\" decoding=\"async\" class=\"aligncenter  wp-image-1200\" src=\"https:\/\/kulturweit.blog\/carmina\/files\/2012\/10\/P\u00e9cs_038.jpg\" alt=\"\" width=\"323\" height=\"491\" srcset=\"https:\/\/kulturweit.blog\/carmina\/files\/2012\/10\/P\u00e9cs_038.jpg 674w, https:\/\/kulturweit.blog\/carmina\/files\/2012\/10\/P\u00e9cs_038-197x300.jpg 197w\" sizes=\"(max-width: 323px) 100vw, 323px\" \/><\/p>\n<p style=\"text-align: left\">Es gab auch mal einen Artikel zum Thema &#8222;Schnee&#8220;: <a title=\"Feh\u00e9r. \/ Wei\u00df.\" href=\"https:\/\/kulturweit.blog\/carmina\/2012\/02\/04\/feher-weis\/\">Feh\u00e9r. \/ Wei\u00df.<\/a><\/p>\n<p style=\"text-align: left\">&#8211;&gt; <a title=\"Auf dem Fernsehturm\" href=\"https:\/\/kulturweit.blog\/carmina\/fotokiste\/pecsem-mein-pecs\/auf-dem-fernsehturm\/\">Auf dem Fernsehturm.<\/a><\/p>\n","protected":false},"excerpt":{"rendered":"<p>Im Februar 2012 hat es in P\u00e9cs tagelang stark geschneit und die wei\u00dfe K\u00fchle blieb wochenlang erhalten. Mit meiner analogen Kamera unternahm ich einen Schneespaziergang: Es gab auch mal einen Artikel zum Thema &#8222;Schnee&#8220;: Feh\u00e9r. \/ Wei\u00df. &#8211;&gt; Auf dem Fernsehturm.<\/p>\n","protected":false},"author":571,"featured_media":1200,"parent":1130,"menu_order":3,"comment_status":"open","ping_status":"open","template":"","meta":{"footnotes":""},"class_list":["post-1188","page","type-page","status-publish","has-post-thumbnail","hentry"],"amp_enabled":true,"_links":{"self":[{"href":"https:\/\/kulturweit.blog\/carmina\/wp-json\/wp\/v2\/pages\/1188"}],"collection":[{"href":"https:\/\/kulturweit.blog\/carmina\/wp-json\/wp\/v2\/pages"}],"about":[{"href":"https:\/\/kulturweit.blog\/carmina\/wp-json\/wp\/v2\/types\/page"}],"author":[{"embeddable":true,"href":"https:\/\/kulturweit.blog\/carmina\/wp-json\/wp\/v2\/users\/571"}],"replies":[{"embeddable":true,"href":"https:\/\/kulturweit.blog\/carmina\/wp-json\/wp\/v2\/comments?post=1188"}],"version-history":[{"count":0,"href":"https:\/\/kulturweit.blog\/carmina\/wp-json\/wp\/v2\/pages\/1188\/revisions"}],"up":[{"embeddable":true,"href":"https:\/\/kulturweit.blog\/carmina\/wp-json\/wp\/v2\/pages\/1130"}],"wp:featuredmedia":[{"embeddable":true,"href":"https:\/\/kulturweit.blog\/carmina\/wp-json\/wp\/v2\/media\/1200"}],"wp:attachment":[{"href":"https:\/\/kulturweit.blog\/carmina\/wp-json\/wp\/v2\/media?parent=1188"}],"curies":[{"name":"wp","href":"https:\/\/api.w.org\/{rel}","templated":true}]}}