{"id":1172,"date":"2012-10-06T19:31:36","date_gmt":"2012-10-06T17:31:36","guid":{"rendered":"https:\/\/kulturweit.blog\/carmina\/?page_id=1172"},"modified":"2012-11-01T14:35:16","modified_gmt":"2012-11-01T13:35:16","slug":"in-den-strasen-von-pecs","status":"publish","type":"page","link":"https:\/\/kulturweit.blog\/carmina\/fotokiste\/pecsem-mein-pecs\/in-den-strasen-von-pecs\/","title":{"rendered":"In den Stra\u00dfen von P\u00e9cs"},"content":{"rendered":"<p><img loading=\"lazy\" decoding=\"async\" class=\" wp-image-1173 aligncenter\" src=\"https:\/\/kulturweit.blog\/carmina\/files\/2012\/10\/01_Au\u00dfenrand-der-Altstadt.jpg\" alt=\"\" width=\"491\" height=\"324\" srcset=\"https:\/\/kulturweit.blog\/carmina\/files\/2012\/10\/01_Au\u00dfenrand-der-Altstadt.jpg 1024w, https:\/\/kulturweit.blog\/carmina\/files\/2012\/10\/01_Au\u00dfenrand-der-Altstadt-300x197.jpg 300w\" sizes=\"(max-width: 491px) 100vw, 491px\" \/><\/p>\n<p><img loading=\"lazy\" decoding=\"async\" class=\" wp-image-1174  aligncenter\" src=\"https:\/\/kulturweit.blog\/carmina\/files\/2012\/10\/02_Stra\u00dfe.jpg\" alt=\"\" width=\"323\" height=\"491\" srcset=\"https:\/\/kulturweit.blog\/carmina\/files\/2012\/10\/02_Stra\u00dfe.jpg 674w, https:\/\/kulturweit.blog\/carmina\/files\/2012\/10\/02_Stra\u00dfe-197x300.jpg 197w\" sizes=\"(max-width: 323px) 100vw, 323px\" \/><\/p>\n<div id=\"attachment_1175\" style=\"width: 501px\" class=\"wp-caption aligncenter\"><img loading=\"lazy\" decoding=\"async\" aria-describedby=\"caption-attachment-1175\" class=\" wp-image-1175  \" src=\"https:\/\/kulturweit.blog\/carmina\/files\/2012\/10\/03_L\u00fcftungsdings.jpg\" alt=\"\" width=\"491\" height=\"322\" srcset=\"https:\/\/kulturweit.blog\/carmina\/files\/2012\/10\/03_L\u00fcftungsdings.jpg 1024w, https:\/\/kulturweit.blog\/carmina\/files\/2012\/10\/03_L\u00fcftungsdings-300x196.jpg 300w\" sizes=\"(max-width: 491px) 100vw, 491px\" \/><p id=\"caption-attachment-1175\" class=\"wp-caption-text\">L\u00fcftungsdings<\/p><\/div>\n<div id=\"attachment_1176\" style=\"width: 501px\" class=\"wp-caption aligncenter\"><img loading=\"lazy\" decoding=\"async\" aria-describedby=\"caption-attachment-1176\" class=\" wp-image-1176  \" src=\"https:\/\/kulturweit.blog\/carmina\/files\/2012\/10\/04_\u00dcber-D\u00e4chern.jpg\" alt=\"\" width=\"491\" height=\"324\" srcset=\"https:\/\/kulturweit.blog\/carmina\/files\/2012\/10\/04_\u00dcber-D\u00e4chern.jpg 1024w, https:\/\/kulturweit.blog\/carmina\/files\/2012\/10\/04_\u00dcber-D\u00e4chern-300x197.jpg 300w\" sizes=\"(max-width: 491px) 100vw, 491px\" \/><p id=\"caption-attachment-1176\" class=\"wp-caption-text\">\u00dcber D\u00e4chern<\/p><\/div>\n<p><img loading=\"lazy\" decoding=\"async\" class=\" wp-image-1177   aligncenter\" src=\"https:\/\/kulturweit.blog\/carmina\/files\/2012\/10\/05_\u00dcberblick.jpg\" alt=\"\" width=\"491\" height=\"322\" srcset=\"https:\/\/kulturweit.blog\/carmina\/files\/2012\/10\/05_\u00dcberblick.jpg 1024w, https:\/\/kulturweit.blog\/carmina\/files\/2012\/10\/05_\u00dcberblick-300x196.jpg 300w\" sizes=\"(max-width: 491px) 100vw, 491px\" \/><\/p>\n<div id=\"attachment_1178\" style=\"width: 332px\" class=\"wp-caption aligncenter\"><img loading=\"lazy\" decoding=\"async\" aria-describedby=\"caption-attachment-1178\" class=\" wp-image-1178  \" src=\"https:\/\/kulturweit.blog\/carmina\/files\/2012\/10\/06_Kathedrale.jpg\" alt=\"\" width=\"322\" height=\"491\" srcset=\"https:\/\/kulturweit.blog\/carmina\/files\/2012\/10\/06_Kathedrale.jpg 672w, https:\/\/kulturweit.blog\/carmina\/files\/2012\/10\/06_Kathedrale-196x300.jpg 196w\" sizes=\"(max-width: 322px) 100vw, 322px\" \/><p id=\"caption-attachment-1178\" class=\"wp-caption-text\">Vier T\u00fcrme<\/p><\/div>\n<div id=\"attachment_1179\" style=\"width: 501px\" class=\"wp-caption aligncenter\"><img loading=\"lazy\" decoding=\"async\" aria-describedby=\"caption-attachment-1179\" class=\" wp-image-1179  \" src=\"https:\/\/kulturweit.blog\/carmina\/files\/2012\/10\/07_Sz\u00e9chenyi-T\u00e9r.jpg\" alt=\"\" width=\"491\" height=\"323\" srcset=\"https:\/\/kulturweit.blog\/carmina\/files\/2012\/10\/07_Sz\u00e9chenyi-T\u00e9r.jpg 1024w, https:\/\/kulturweit.blog\/carmina\/files\/2012\/10\/07_Sz\u00e9chenyi-T\u00e9r-300x197.jpg 300w\" sizes=\"(max-width: 491px) 100vw, 491px\" \/><p id=\"caption-attachment-1179\" class=\"wp-caption-text\">Der Sz\u00e9cheny Platz<\/p><\/div>\n<div id=\"attachment_1180\" style=\"width: 334px\" class=\"wp-caption aligncenter\"><img loading=\"lazy\" decoding=\"async\" aria-describedby=\"caption-attachment-1180\" class=\" wp-image-1180  \" src=\"https:\/\/kulturweit.blog\/carmina\/files\/2012\/10\/08_Kir\u00e1ly-utca.jpg\" alt=\"\" width=\"324\" height=\"491\" srcset=\"https:\/\/kulturweit.blog\/carmina\/files\/2012\/10\/08_Kir\u00e1ly-utca.jpg 675w, https:\/\/kulturweit.blog\/carmina\/files\/2012\/10\/08_Kir\u00e1ly-utca-197x300.jpg 197w\" sizes=\"(max-width: 324px) 100vw, 324px\" \/><p id=\"caption-attachment-1180\" class=\"wp-caption-text\">Auf der Kir\u00e1ly utca (&#8222;K\u00f6nigstra\u00dfe&#8220;)<\/p><\/div>\n<div id=\"attachment_1181\" style=\"width: 501px\" class=\"wp-caption aligncenter\"><img loading=\"lazy\" decoding=\"async\" aria-describedby=\"caption-attachment-1181\" class=\" wp-image-1181  \" src=\"https:\/\/kulturweit.blog\/carmina\/files\/2012\/10\/09_Kir\u00e1ly-utca.jpg\" alt=\"\" width=\"491\" height=\"324\" srcset=\"https:\/\/kulturweit.blog\/carmina\/files\/2012\/10\/09_Kir\u00e1ly-utca.jpg 1024w, https:\/\/kulturweit.blog\/carmina\/files\/2012\/10\/09_Kir\u00e1ly-utca-300x197.jpg 300w\" sizes=\"(max-width: 491px) 100vw, 491px\" \/><p id=\"caption-attachment-1181\" class=\"wp-caption-text\">Fassade (Kir\u00e1ly utca)<\/p><\/div>\n<div id=\"attachment_1182\" style=\"width: 353px\" class=\"wp-caption aligncenter\"><img loading=\"lazy\" decoding=\"async\" aria-describedby=\"caption-attachment-1182\" class=\" wp-image-1182  \" src=\"https:\/\/kulturweit.blog\/carmina\/files\/2012\/10\/10_schicke-Ecke.jpg\" alt=\"\" width=\"343\" height=\"491\" srcset=\"https:\/\/kulturweit.blog\/carmina\/files\/2012\/10\/10_schicke-Ecke.jpg 715w, https:\/\/kulturweit.blog\/carmina\/files\/2012\/10\/10_schicke-Ecke-209x300.jpg 209w\" sizes=\"(max-width: 343px) 100vw, 343px\" \/><p id=\"caption-attachment-1182\" class=\"wp-caption-text\">Runde Ecke<\/p><\/div>\n<div id=\"attachment_1183\" style=\"width: 334px\" class=\"wp-caption aligncenter\"><img loading=\"lazy\" decoding=\"async\" aria-describedby=\"caption-attachment-1183\" class=\" wp-image-1183  \" src=\"https:\/\/kulturweit.blog\/carmina\/files\/2012\/10\/11_Backsteinbau.jpg\" alt=\"\" width=\"324\" height=\"491\" srcset=\"https:\/\/kulturweit.blog\/carmina\/files\/2012\/10\/11_Backsteinbau.jpg 675w, https:\/\/kulturweit.blog\/carmina\/files\/2012\/10\/11_Backsteinbau-197x300.jpg 197w\" sizes=\"(max-width: 324px) 100vw, 324px\" \/><p id=\"caption-attachment-1183\" class=\"wp-caption-text\">Beeindruckender Backsteinbau<\/p><\/div>\n<div id=\"attachment_1184\" style=\"width: 330px\" class=\"wp-caption aligncenter\"><img loading=\"lazy\" decoding=\"async\" aria-describedby=\"caption-attachment-1184\" class=\" wp-image-1184  \" src=\"https:\/\/kulturweit.blog\/carmina\/files\/2012\/10\/12_gr\u00fcne-T\u00fcr.jpg\" alt=\"\" width=\"320\" height=\"491\" srcset=\"https:\/\/kulturweit.blog\/carmina\/files\/2012\/10\/12_gr\u00fcne-T\u00fcr.jpg 666w, https:\/\/kulturweit.blog\/carmina\/files\/2012\/10\/12_gr\u00fcne-T\u00fcr-195x300.jpg 195w\" sizes=\"(max-width: 320px) 100vw, 320px\" \/><p id=\"caption-attachment-1184\" class=\"wp-caption-text\">Gr\u00fcne T\u00fcr<\/p><\/div>\n<p>&nbsp;<\/p>\n<p>&#8211;&gt; <a title=\"Alles wei\u00df\" href=\"https:\/\/kulturweit.blog\/carmina\/fotokiste\/pecsem-mein-pecs\/alles-weis\/\">Alles wei\u00df<\/a><\/p>\n","protected":false},"excerpt":{"rendered":"<p>&nbsp; &#8211;&gt; Alles wei\u00df<\/p>\n","protected":false},"author":571,"featured_media":1184,"parent":1130,"menu_order":2,"comment_status":"open","ping_status":"open","template":"","meta":{"footnotes":""},"class_list":["post-1172","page","type-page","status-publish","has-post-thumbnail","hentry"],"amp_enabled":true,"_links":{"self":[{"href":"https:\/\/kulturweit.blog\/carmina\/wp-json\/wp\/v2\/pages\/1172"}],"collection":[{"href":"https:\/\/kulturweit.blog\/carmina\/wp-json\/wp\/v2\/pages"}],"about":[{"href":"https:\/\/kulturweit.blog\/carmina\/wp-json\/wp\/v2\/types\/page"}],"author":[{"embeddable":true,"href":"https:\/\/kulturweit.blog\/carmina\/wp-json\/wp\/v2\/users\/571"}],"replies":[{"embeddable":true,"href":"https:\/\/kulturweit.blog\/carmina\/wp-json\/wp\/v2\/comments?post=1172"}],"version-history":[{"count":0,"href":"https:\/\/kulturweit.blog\/carmina\/wp-json\/wp\/v2\/pages\/1172\/revisions"}],"up":[{"embeddable":true,"href":"https:\/\/kulturweit.blog\/carmina\/wp-json\/wp\/v2\/pages\/1130"}],"wp:featuredmedia":[{"embeddable":true,"href":"https:\/\/kulturweit.blog\/carmina\/wp-json\/wp\/v2\/media\/1184"}],"wp:attachment":[{"href":"https:\/\/kulturweit.blog\/carmina\/wp-json\/wp\/v2\/media?parent=1172"}],"curies":[{"name":"wp","href":"https:\/\/api.w.org\/{rel}","templated":true}]}}