{"id":1155,"date":"2012-10-06T11:48:32","date_gmt":"2012-10-06T09:48:32","guid":{"rendered":"https:\/\/kulturweit.blog\/carmina\/?page_id=1155"},"modified":"2012-10-06T19:44:31","modified_gmt":"2012-10-06T17:44:31","slug":"a-pecsi-vasar","status":"publish","type":"page","link":"https:\/\/kulturweit.blog\/carmina\/fotokiste\/pecsem-mein-pecs\/a-pecsi-vasar\/","title":{"rendered":"A P\u00e9csi V\u00e1s\u00e1r"},"content":{"rendered":"<div id=\"attachment_1156\" style=\"width: 501px\" class=\"wp-caption aligncenter\"><img loading=\"lazy\" decoding=\"async\" aria-describedby=\"caption-attachment-1156\" class=\" wp-image-1156  \" src=\"https:\/\/kulturweit.blog\/carmina\/files\/2012\/10\/01_Alte-B\u00fccher.jpg\" alt=\"\" width=\"491\" height=\"320\" srcset=\"https:\/\/kulturweit.blog\/carmina\/files\/2012\/10\/01_Alte-B\u00fccher.jpg 1024w, https:\/\/kulturweit.blog\/carmina\/files\/2012\/10\/01_Alte-B\u00fccher-300x195.jpg 300w\" sizes=\"(max-width: 491px) 100vw, 491px\" \/><p id=\"caption-attachment-1156\" class=\"wp-caption-text\">B\u00fccherkisten<\/p><\/div>\n<div id=\"attachment_1157\" style=\"width: 501px\" class=\"wp-caption aligncenter\"><img loading=\"lazy\" decoding=\"async\" aria-describedby=\"caption-attachment-1157\" class=\" wp-image-1157  \" src=\"https:\/\/kulturweit.blog\/carmina\/files\/2012\/10\/02_Porzellangru\u00df.jpg\" alt=\"\" width=\"491\" height=\"338\" \/><p id=\"caption-attachment-1157\" class=\"wp-caption-text\">Liebeserkl\u00e4rung auf Porzellan<\/p><\/div>\n<div id=\"attachment_1158\" style=\"width: 501px\" class=\"wp-caption aligncenter\"><img loading=\"lazy\" decoding=\"async\" aria-describedby=\"caption-attachment-1158\" class=\" wp-image-1158  \" src=\"https:\/\/kulturweit.blog\/carmina\/files\/2012\/10\/03_narancs.jpg\" alt=\"\" width=\"491\" height=\"325\" srcset=\"https:\/\/kulturweit.blog\/carmina\/files\/2012\/10\/03_narancs.jpg 1024w, https:\/\/kulturweit.blog\/carmina\/files\/2012\/10\/03_narancs-300x198.jpg 300w\" sizes=\"(max-width: 491px) 100vw, 491px\" \/><p id=\"caption-attachment-1158\" class=\"wp-caption-text\">narancsot<\/p><\/div>\n<div id=\"attachment_1159\" style=\"width: 501px\" class=\"wp-caption aligncenter\"><img loading=\"lazy\" decoding=\"async\" aria-describedby=\"caption-attachment-1159\" class=\" wp-image-1159  \" src=\"https:\/\/kulturweit.blog\/carmina\/files\/2012\/10\/04_paradiscom.jpg\" alt=\"\" width=\"491\" height=\"323\" srcset=\"https:\/\/kulturweit.blog\/carmina\/files\/2012\/10\/04_paradiscom.jpg 1024w, https:\/\/kulturweit.blog\/carmina\/files\/2012\/10\/04_paradiscom-300x197.jpg 300w\" sizes=\"(max-width: 491px) 100vw, 491px\" \/><p id=\"caption-attachment-1159\" class=\"wp-caption-text\">piros<\/p><\/div>\n<div id=\"attachment_1160\" style=\"width: 501px\" class=\"wp-caption aligncenter\"><img loading=\"lazy\" decoding=\"async\" aria-describedby=\"caption-attachment-1160\" class=\" wp-image-1160  \" src=\"https:\/\/kulturweit.blog\/carmina\/files\/2012\/10\/05_paprika.jpg\" alt=\"\" width=\"491\" height=\"321\" srcset=\"https:\/\/kulturweit.blog\/carmina\/files\/2012\/10\/05_paprika.jpg 1024w, https:\/\/kulturweit.blog\/carmina\/files\/2012\/10\/05_paprika-300x195.jpg 300w\" sizes=\"(max-width: 491px) 100vw, 491px\" \/><p id=\"caption-attachment-1160\" class=\"wp-caption-text\">feh\u00e9r<\/p><\/div>\n<div id=\"attachment_1161\" style=\"width: 501px\" class=\"wp-caption aligncenter\"><img loading=\"lazy\" decoding=\"async\" aria-describedby=\"caption-attachment-1161\" class=\" wp-image-1161  \" src=\"https:\/\/kulturweit.blog\/carmina\/files\/2012\/10\/06_uborka.jpg\" alt=\"\" width=\"491\" height=\"328\" srcset=\"https:\/\/kulturweit.blog\/carmina\/files\/2012\/10\/06_uborka.jpg 1024w, https:\/\/kulturweit.blog\/carmina\/files\/2012\/10\/06_uborka-300x200.jpg 300w\" sizes=\"(max-width: 491px) 100vw, 491px\" \/><p id=\"caption-attachment-1161\" class=\"wp-caption-text\">z\u00f6ld<\/p><\/div>\n<p>&nbsp;<\/p>\n<p>Text und noch mehr Bilder zum Thema &#8222;A P\u00e9csi V\u00e1s\u00e1r&#8220;: <a title=\"Magyarul besz\u00e9l\u00f6. \/ Ungarisch sprechen.\" href=\"https:\/\/kulturweit.blog\/carmina\/2011\/10\/02\/magyarul-beszelo-ungarisch-sprechen\/\">Magyarul besz\u00e9l\u0151. \/ Ungarisch sprechen.<\/a><\/p>\n","protected":false},"excerpt":{"rendered":"<p>&nbsp; Text und noch mehr Bilder zum Thema &#8222;A P\u00e9csi V\u00e1s\u00e1r&#8220;: Magyarul besz\u00e9l\u0151. \/ Ungarisch sprechen.<\/p>\n","protected":false},"author":571,"featured_media":1161,"parent":1130,"menu_order":5,"comment_status":"open","ping_status":"open","template":"","meta":{"footnotes":""},"class_list":["post-1155","page","type-page","status-publish","has-post-thumbnail","hentry"],"amp_enabled":true,"_links":{"self":[{"href":"https:\/\/kulturweit.blog\/carmina\/wp-json\/wp\/v2\/pages\/1155"}],"collection":[{"href":"https:\/\/kulturweit.blog\/carmina\/wp-json\/wp\/v2\/pages"}],"about":[{"href":"https:\/\/kulturweit.blog\/carmina\/wp-json\/wp\/v2\/types\/page"}],"author":[{"embeddable":true,"href":"https:\/\/kulturweit.blog\/carmina\/wp-json\/wp\/v2\/users\/571"}],"replies":[{"embeddable":true,"href":"https:\/\/kulturweit.blog\/carmina\/wp-json\/wp\/v2\/comments?post=1155"}],"version-history":[{"count":1,"href":"https:\/\/kulturweit.blog\/carmina\/wp-json\/wp\/v2\/pages\/1155\/revisions"}],"predecessor-version":[{"id":1166,"href":"https:\/\/kulturweit.blog\/carmina\/wp-json\/wp\/v2\/pages\/1155\/revisions\/1166"}],"up":[{"embeddable":true,"href":"https:\/\/kulturweit.blog\/carmina\/wp-json\/wp\/v2\/pages\/1130"}],"wp:featuredmedia":[{"embeddable":true,"href":"https:\/\/kulturweit.blog\/carmina\/wp-json\/wp\/v2\/media\/1161"}],"wp:attachment":[{"href":"https:\/\/kulturweit.blog\/carmina\/wp-json\/wp\/v2\/media?parent=1155"}],"curies":[{"name":"wp","href":"https:\/\/api.w.org\/{rel}","templated":true}]}}