{"id":1132,"date":"2012-10-04T16:23:25","date_gmt":"2012-10-04T14:23:25","guid":{"rendered":"https:\/\/kulturweit.blog\/carmina\/?page_id=1132"},"modified":"2012-10-21T10:41:27","modified_gmt":"2012-10-21T08:41:27","slug":"unterwegs-in-ungarn","status":"publish","type":"page","link":"https:\/\/kulturweit.blog\/carmina\/fotokiste\/unterwegs-in-ungarn\/","title":{"rendered":"Unterwegs in Ungarn"},"content":{"rendered":"<p>Im Folgenden ein paar Bilder, die an verschiedenen Orten in Ungarn entstanden sind. Sie geben einen wirklich nur sehr kleinen und subjektiven Einblick in dieses vielf\u00e4ltige Land.<\/p>\n<div id=\"attachment_1262\" style=\"width: 501px\" class=\"wp-caption aligncenter\"><img loading=\"lazy\" decoding=\"async\" aria-describedby=\"caption-attachment-1262\" class=\" wp-image-1262  \" src=\"https:\/\/kulturweit.blog\/carmina\/files\/2012\/10\/01_Toiletten-in-B\u00f3ly.jpg\" alt=\"\" width=\"491\" height=\"331\" srcset=\"https:\/\/kulturweit.blog\/carmina\/files\/2012\/10\/01_Toiletten-in-B\u00f3ly.jpg 1024w, https:\/\/kulturweit.blog\/carmina\/files\/2012\/10\/01_Toiletten-in-B\u00f3ly-300x202.jpg 300w\" sizes=\"(max-width: 491px) 100vw, 491px\" \/><p id=\"caption-attachment-1262\" class=\"wp-caption-text\">Im Busbahnhofwarteh\u00e4uschen in B\u00f3ly<\/p><\/div>\n<div id=\"attachment_1263\" style=\"width: 501px\" class=\"wp-caption aligncenter\"><img loading=\"lazy\" decoding=\"async\" aria-describedby=\"caption-attachment-1263\" class=\" wp-image-1263  \" src=\"https:\/\/kulturweit.blog\/carmina\/files\/2012\/10\/02_Bus\u00f3j\u00e1r\u00e1s-in-Moh\u00e1cs.jpg\" alt=\"\" width=\"491\" height=\"323\" srcset=\"https:\/\/kulturweit.blog\/carmina\/files\/2012\/10\/02_Bus\u00f3j\u00e1r\u00e1s-in-Moh\u00e1cs.jpg 1024w, https:\/\/kulturweit.blog\/carmina\/files\/2012\/10\/02_Bus\u00f3j\u00e1r\u00e1s-in-Moh\u00e1cs-300x197.jpg 300w\" sizes=\"(max-width: 491px) 100vw, 491px\" \/><p id=\"caption-attachment-1263\" class=\"wp-caption-text\">Bus\u00f3j\u00e1r\u00e1s (traditioneller Faschingsumzug) in Moh\u00e1cs<\/p><\/div>\n<div id=\"attachment_1264\" style=\"width: 501px\" class=\"wp-caption aligncenter\"><img loading=\"lazy\" decoding=\"async\" aria-describedby=\"caption-attachment-1264\" class=\" wp-image-1264  \" src=\"https:\/\/kulturweit.blog\/carmina\/files\/2012\/10\/03_Bus\u00f3j\u00e1r\u00e1s-in-Moh\u00e1cs.jpg\" alt=\"\" width=\"491\" height=\"325\" srcset=\"https:\/\/kulturweit.blog\/carmina\/files\/2012\/10\/03_Bus\u00f3j\u00e1r\u00e1s-in-Moh\u00e1cs.jpg 1024w, https:\/\/kulturweit.blog\/carmina\/files\/2012\/10\/03_Bus\u00f3j\u00e1r\u00e1s-in-Moh\u00e1cs-300x198.jpg 300w\" sizes=\"(max-width: 491px) 100vw, 491px\" \/><p id=\"caption-attachment-1264\" class=\"wp-caption-text\">Bus\u00f3j\u00e1r\u00e1s (traditioneller Faschingsumzug) in Moh\u00e1cs<\/p><\/div>\n<div id=\"attachment_1265\" style=\"width: 501px\" class=\"wp-caption aligncenter\"><img loading=\"lazy\" decoding=\"async\" aria-describedby=\"caption-attachment-1265\" class=\" wp-image-1265\" src=\"https:\/\/kulturweit.blog\/carmina\/files\/2012\/10\/04_am-Bahnhof-in-Gy\u00e9keny\u00e9s.jpg\" alt=\"\" width=\"491\" height=\"325\" srcset=\"https:\/\/kulturweit.blog\/carmina\/files\/2012\/10\/04_am-Bahnhof-in-Gy\u00e9keny\u00e9s.jpg 1024w, https:\/\/kulturweit.blog\/carmina\/files\/2012\/10\/04_am-Bahnhof-in-Gy\u00e9keny\u00e9s-300x198.jpg 300w\" sizes=\"(max-width: 491px) 100vw, 491px\" \/><p id=\"caption-attachment-1265\" class=\"wp-caption-text\">Am Bahnhof in Gy\u00e9keny\u00e9s<\/p><\/div>\n<div id=\"attachment_1266\" style=\"width: 501px\" class=\"wp-caption aligncenter\"><img loading=\"lazy\" decoding=\"async\" aria-describedby=\"caption-attachment-1266\" class=\" wp-image-1266 \" src=\"https:\/\/kulturweit.blog\/carmina\/files\/2012\/10\/05_am-Bahnhof-in-Gy\u00e9kenyes.jpg\" alt=\"\" width=\"491\" height=\"322\" srcset=\"https:\/\/kulturweit.blog\/carmina\/files\/2012\/10\/05_am-Bahnhof-in-Gy\u00e9kenyes.jpg 1024w, https:\/\/kulturweit.blog\/carmina\/files\/2012\/10\/05_am-Bahnhof-in-Gy\u00e9kenyes-300x196.jpg 300w\" sizes=\"(max-width: 491px) 100vw, 491px\" \/><p id=\"caption-attachment-1266\" class=\"wp-caption-text\">Am Bahnhof in Gy\u00e9keny\u00e9s<\/p><\/div>\n<div id=\"attachment_1267\" style=\"width: 501px\" class=\"wp-caption aligncenter\"><img loading=\"lazy\" decoding=\"async\" aria-describedby=\"caption-attachment-1267\" class=\" wp-image-1267  \" src=\"https:\/\/kulturweit.blog\/carmina\/files\/2012\/10\/06_See-in-Orf\u00fc.jpg\" alt=\"\" width=\"491\" height=\"323\" srcset=\"https:\/\/kulturweit.blog\/carmina\/files\/2012\/10\/06_See-in-Orf\u00fc.jpg 1024w, https:\/\/kulturweit.blog\/carmina\/files\/2012\/10\/06_See-in-Orf\u00fc-300x197.jpg 300w\" sizes=\"(max-width: 491px) 100vw, 491px\" \/><p id=\"caption-attachment-1267\" class=\"wp-caption-text\">See in Orf\u0171 (bei P\u00e9cs)<\/p><\/div>\n<div id=\"attachment_1268\" style=\"width: 501px\" class=\"wp-caption aligncenter\"><img loading=\"lazy\" decoding=\"async\" aria-describedby=\"caption-attachment-1268\" class=\" wp-image-1268  \" src=\"https:\/\/kulturweit.blog\/carmina\/files\/2012\/10\/07_Balaton.jpg\" alt=\"\" width=\"491\" height=\"322\" srcset=\"https:\/\/kulturweit.blog\/carmina\/files\/2012\/10\/07_Balaton.jpg 1024w, https:\/\/kulturweit.blog\/carmina\/files\/2012\/10\/07_Balaton-300x196.jpg 300w\" sizes=\"(max-width: 491px) 100vw, 491px\" \/><p id=\"caption-attachment-1268\" class=\"wp-caption-text\">Am Balaton (bei Balatonbogl\u00e1r)<\/p><\/div>\n<div id=\"attachment_1269\" style=\"width: 501px\" class=\"wp-caption aligncenter\"><img loading=\"lazy\" decoding=\"async\" aria-describedby=\"caption-attachment-1269\" class=\" wp-image-1269  \" src=\"https:\/\/kulturweit.blog\/carmina\/files\/2012\/10\/08_Balaton.jpg\" alt=\"\" width=\"491\" height=\"322\" srcset=\"https:\/\/kulturweit.blog\/carmina\/files\/2012\/10\/08_Balaton.jpg 1024w, https:\/\/kulturweit.blog\/carmina\/files\/2012\/10\/08_Balaton-300x196.jpg 300w\" sizes=\"(max-width: 491px) 100vw, 491px\" \/><p id=\"caption-attachment-1269\" class=\"wp-caption-text\">Am Balaton (bei Balatonbogl\u00e1r)<\/p><\/div>\n<div id=\"attachment_1270\" style=\"width: 501px\" class=\"wp-caption aligncenter\"><img loading=\"lazy\" decoding=\"async\" aria-describedby=\"caption-attachment-1270\" class=\" wp-image-1270  \" src=\"https:\/\/kulturweit.blog\/carmina\/files\/2012\/10\/09_Balatonbogl\u00e1r-Bhf.jpg\" alt=\"\" width=\"491\" height=\"338\" srcset=\"https:\/\/kulturweit.blog\/carmina\/files\/2012\/10\/09_Balatonbogl\u00e1r-Bhf.jpg 1024w, https:\/\/kulturweit.blog\/carmina\/files\/2012\/10\/09_Balatonbogl\u00e1r-Bhf-300x206.jpg 300w\" sizes=\"(max-width: 491px) 100vw, 491px\" \/><p id=\"caption-attachment-1270\" class=\"wp-caption-text\">Am Bahnhof in Balatonbogl\u00e1r<\/p><\/div>\n<div id=\"attachment_1271\" style=\"width: 501px\" class=\"wp-caption aligncenter\"><img loading=\"lazy\" decoding=\"async\" aria-describedby=\"caption-attachment-1271\" class=\" wp-image-1271  \" src=\"https:\/\/kulturweit.blog\/carmina\/files\/2012\/10\/10_Nachts-in-Kaposv\u00e1r.jpg\" alt=\"\" width=\"491\" height=\"324\" srcset=\"https:\/\/kulturweit.blog\/carmina\/files\/2012\/10\/10_Nachts-in-Kaposv\u00e1r.jpg 1024w, https:\/\/kulturweit.blog\/carmina\/files\/2012\/10\/10_Nachts-in-Kaposv\u00e1r-300x197.jpg 300w\" sizes=\"(max-width: 491px) 100vw, 491px\" \/><p id=\"caption-attachment-1271\" class=\"wp-caption-text\">Nachts in Kaposv\u00e1r<\/p><\/div>\n","protected":false},"excerpt":{"rendered":"<p>Im Folgenden ein paar Bilder, die an verschiedenen Orten in Ungarn entstanden sind. Sie geben einen wirklich nur sehr kleinen und subjektiven Einblick in dieses vielf\u00e4ltige Land.<\/p>\n","protected":false},"author":571,"featured_media":1271,"parent":962,"menu_order":2,"comment_status":"open","ping_status":"open","template":"","meta":{"footnotes":""},"class_list":["post-1132","page","type-page","status-publish","has-post-thumbnail","hentry"],"amp_enabled":true,"_links":{"self":[{"href":"https:\/\/kulturweit.blog\/carmina\/wp-json\/wp\/v2\/pages\/1132"}],"collection":[{"href":"https:\/\/kulturweit.blog\/carmina\/wp-json\/wp\/v2\/pages"}],"about":[{"href":"https:\/\/kulturweit.blog\/carmina\/wp-json\/wp\/v2\/types\/page"}],"author":[{"embeddable":true,"href":"https:\/\/kulturweit.blog\/carmina\/wp-json\/wp\/v2\/users\/571"}],"replies":[{"embeddable":true,"href":"https:\/\/kulturweit.blog\/carmina\/wp-json\/wp\/v2\/comments?post=1132"}],"version-history":[{"count":0,"href":"https:\/\/kulturweit.blog\/carmina\/wp-json\/wp\/v2\/pages\/1132\/revisions"}],"up":[{"embeddable":true,"href":"https:\/\/kulturweit.blog\/carmina\/wp-json\/wp\/v2\/pages\/962"}],"wp:featuredmedia":[{"embeddable":true,"href":"https:\/\/kulturweit.blog\/carmina\/wp-json\/wp\/v2\/media\/1271"}],"wp:attachment":[{"href":"https:\/\/kulturweit.blog\/carmina\/wp-json\/wp\/v2\/media?parent=1132"}],"curies":[{"name":"wp","href":"https:\/\/api.w.org\/{rel}","templated":true}]}}