{"id":1130,"date":"2012-10-06T11:13:17","date_gmt":"2012-10-06T09:13:17","guid":{"rendered":"https:\/\/kulturweit.blog\/carmina\/?page_id=1130"},"modified":"2012-10-06T19:54:18","modified_gmt":"2012-10-06T17:54:18","slug":"pecsem-mein-pecs","status":"publish","type":"page","link":"https:\/\/kulturweit.blog\/carmina\/fotokiste\/pecsem-mein-pecs\/","title":{"rendered":"Mein P\u00e9cs"},"content":{"rendered":"<p>Der Titel sagt doch schon alles. \ud83d\ude42<\/p>\n<p><a title=\"Mein P\u00e9cser Zuhause\" href=\"https:\/\/kulturweit.blog\/carmina\/fotokiste\/pecsem-mein-pecs\/mein-pecser-zuhause\/\">Mein P\u00e9cser Zuhause<\/a><\/p>\n<p><a title=\"In den Stra\u00dfen von P\u00e9cs\" href=\"https:\/\/kulturweit.blog\/carmina\/fotokiste\/pecsem-mein-pecs\/in-den-strasen-von-pecs\/\">In den Stra\u00dfen von P\u00e9cs<\/a><\/p>\n<p><a title=\"Auf dem Fernsehturm\" href=\"https:\/\/kulturweit.blog\/carmina\/fotokiste\/pecsem-mein-pecs\/auf-dem-fernsehturm\/\">Auf dem Fernsehturm<\/a><\/p>\n<p><a title=\"Alles wei\u00df\" href=\"https:\/\/kulturweit.blog\/carmina\/fotokiste\/pecsem-mein-pecs\/alles-weis\/\">Alles wei\u00df<\/a><\/p>\n<p><a title=\"A P\u00e9csi V\u00e1s\u00e1r\" href=\"https:\/\/kulturweit.blog\/carmina\/fotokiste\/pecsem-mein-pecs\/a-pecsi-vasar\/\">A P\u00e9csi V\u00e1s\u00e1r<\/a><\/p>\n<p>&nbsp;<\/p>\n<p>&nbsp;<\/p>\n","protected":false},"excerpt":{"rendered":"<p>Der Titel sagt doch schon alles. \ud83d\ude42 Mein P\u00e9cser Zuhause In den Stra\u00dfen von P\u00e9cs Auf dem Fernsehturm Alles wei\u00df A P\u00e9csi V\u00e1s\u00e1r &nbsp; &nbsp;<\/p>\n","protected":false},"author":571,"featured_media":0,"parent":962,"menu_order":0,"comment_status":"open","ping_status":"open","template":"","meta":{"footnotes":""},"class_list":["post-1130","page","type-page","status-publish","hentry"],"amp_enabled":true,"_links":{"self":[{"href":"https:\/\/kulturweit.blog\/carmina\/wp-json\/wp\/v2\/pages\/1130"}],"collection":[{"href":"https:\/\/kulturweit.blog\/carmina\/wp-json\/wp\/v2\/pages"}],"about":[{"href":"https:\/\/kulturweit.blog\/carmina\/wp-json\/wp\/v2\/types\/page"}],"author":[{"embeddable":true,"href":"https:\/\/kulturweit.blog\/carmina\/wp-json\/wp\/v2\/users\/571"}],"replies":[{"embeddable":true,"href":"https:\/\/kulturweit.blog\/carmina\/wp-json\/wp\/v2\/comments?post=1130"}],"version-history":[{"count":1,"href":"https:\/\/kulturweit.blog\/carmina\/wp-json\/wp\/v2\/pages\/1130\/revisions"}],"predecessor-version":[{"id":1207,"href":"https:\/\/kulturweit.blog\/carmina\/wp-json\/wp\/v2\/pages\/1130\/revisions\/1207"}],"up":[{"embeddable":true,"href":"https:\/\/kulturweit.blog\/carmina\/wp-json\/wp\/v2\/pages\/962"}],"wp:attachment":[{"href":"https:\/\/kulturweit.blog\/carmina\/wp-json\/wp\/v2\/media?parent=1130"}],"curies":[{"name":"wp","href":"https:\/\/api.w.org\/{rel}","templated":true}]}}