{"id":34,"date":"2011-09-02T01:05:41","date_gmt":"2011-09-01T23:05:41","guid":{"rendered":"https:\/\/kulturweit.blog\/buenosaires\/?page_id=34"},"modified":"2011-09-02T01:05:42","modified_gmt":"2011-09-01T23:05:42","slug":"kulturweit","status":"publish","type":"page","link":"https:\/\/kulturweit.blog\/buenosaires\/kulturweit\/","title":{"rendered":"&#8222;kulturweit&#8220;"},"content":{"rendered":"<p>Mein Freiwilliges Soziales Jahr wird vom Ausw\u00e4rtigen Amt und der Deutschen UNESCO Kommission ausgerichtet. Der Freiwilligendienst nennt sich \u201ekulturweit\u201c und sendet zweimal j\u00e4hrlich junge Menschen zwischen 18 und 26 in Entwicklungs- und Schwellenl\u00e4nder, um dort die \u201edeutsche Kultur und deutsche Tugenden\u201c (Zitat: &#8222;heute&#8220; Nachrichten) zu verbreiten. Es werden Freiwillige ans \u201eGoethe Institut\u201c, zum \u201eDeutschen Akademischen Austausch Dienst\u201c, zur \u201eDeutschen Welle\u201c, zum \u201eDeutschen Arch\u00e4ologischen Institut\u201c, zur \u201eZentralstelle f\u00fcr Auslandsschulwesen\u201c, zu den \u201eUNESCO Nationalkommissionen\u201c, zur Initiative \u201eSchulen: Partner der Zukunft\u201c (PASCH) und zum \u201eP\u00e4dagogischen Austauschdienst\u201c gesendet. Am besten zusammenfassen tut das Ganze der Imagetext von \u201ekulturweit\u201c, den ich deshalb hier auch eingef\u00fcgt habe:<\/p>\n<p>\u201e2009 startete der internationale kulturelle Freiwilligendienst \u00bbkulturweit\u00ab f\u00fcr junge Menschen im Alter von 18 bis 26 Jahren. Er wird von der Deutschen UNESCO-Kommission durchgef\u00fchrt und vom Ausw\u00e4rtigen Amt gef\u00f6rdert. Die Einsatzdauer betr\u00e4gt 6 oder 12 Monate. \u00bbkulturweit\u00ab erm\u00f6glicht Menschen aus Deutschland, sich freiwillig im Bereich der Kultur- und Bildungspolitik zu engagieren. Hierbei sind alle Freiwilligen finanziell umfangreich abgesichert &#8211; \u00bbkulturweit\u00ab steht somit allen jungen Menschen offen! Die Einsatzstellen befinden sich in Entwicklungsl\u00e4ndern Afrikas, Asiens und Lateinamerikas sowie in Staaten Mittel- und Osteuropas. W\u00e4hrend ihres Einsatzes \u00fcbernehmen die Freiwilligen vielf\u00e4ltige Aufgaben \u2013 von der Hausaufgabenbetreuung in der deutschen Auslandsschule in Kiew bis zum Eventmanagement in der Au\u00dfenstelle des Deutschen Akademischen Ausland Dienstes in Mexiko-Stadt. Der Freiwilligendienst wird im Rahmen eines Vor- und Nachbereitungsseminars p\u00e4dagogisch begleitet. Durch die jeweilige Einsatzstelle wird eine individuelle fachliche Anleitung und Betreuung w\u00e4hrend des Auslandseinsatzes gew\u00e4hrleistet. \u00bbkulturweit\u00ab basiert auf dem \u201eFreiwilligen Sozialen Jahr\u201c im Sinne des Jugendfreiwilligendienstegesetzes (JFDG). F\u00fcr die Freiwilligen werden Versicherungen abgeschlossen und Sozialversicherungsbeitr\u00e4ge abgef\u00fchrt. Anerkannte Kriegsdienstverweigerer, die den Freiwilligendienst vor Vollendung des 23. Lebensjahres antreten und einen 12-monatigen Dienst ableisten, werden nicht zum Zivildienst herangezogen. \u00bbkulturweit\u00ab bietet Gelegenheit, sich in der Ausw\u00e4rtigen Kultur- und Bildungspolitik zu engagieren. Oberstes Ziel von \u00bbkulturweit\u00ab ist es, jungen Menschen die M\u00f6glichkeit zu intensiven Bildungserfahrungen zu er\u00f6ffnen. Eine T\u00e4tigkeit an Goethe-Instituten im Ausland, an deutschen Auslandsschulen und anderen Einsatzstellen schafft Begegnung mit neuen Kulturen und Menschen.\u00a0Die Freiwilligen entwickeln dadurch internationale und interkulturelle Perspektiven, Erfahrungen und Kompetenzen, die f\u00fcr sie selbst sehr wertvoll sein k\u00f6nnen und mit denen sie nach ihrer R\u00fcckkehr die Weltoffenheit unserer Gesellschaft f\u00f6rdern. Mit ihrem ehrenamtlichen Engagement unterst\u00fctzen die Freiwilligen die Partnerinstitutionen der Ausw\u00e4rtigen Kultur- und Bildungspolitik.<\/p>\n<p>&nbsp;<\/p>\n<p><strong>Die Deutsche UNESCO-Kommission<\/strong><br \/>\nDie Deutsche UNESCO-Kommission (DUK) f\u00fchrt als Tr\u00e4ger in Kooperation mit dem Ausw\u00e4rtigen Amt den Freiwilligendienst durch. Die DUK unterh\u00e4lt f\u00fcr die organisatorische Umsetzung und Weiterentwicklung des Programms eine Koordinierungsstelle in Berlin.<\/p>\n<p><strong>Die Koordinierungsstelle der Deutschen UNESCO-Kommission<\/strong><br \/>\nDie Koordinierungsstelle bietet einen Informationsservice f\u00fcr die Interessentinnen und Interessenten des Freiwilligendienstes, b\u00fcndelt und koordiniert alle Bewerbungen f\u00fcr das Programm, organisiert und konzipiert die Seminararbeit und ist koordinierende Stelle f\u00fcr die ausf\u00fchrenden Institutionen.<\/p>\n<p><strong>Die Partnerorganisationen<\/strong><br \/>\nDie ausf\u00fchrenden Institutionen sind vor allem Partnerorganisationen in der Ausw\u00e4rtigen Kultur- und Bildungspolitik mit Sitz in Deutschland. Hierzu geh\u00f6ren der Deutsche Akademische Austausch Dienst (DAAD), das Deutsche Arch\u00e4ologische Institut (DAI), die Deutsche Welle (DW), das Goethe-Institut (GI), der P\u00e4dagogische Austauschdienst (PAD) in enger Kooperation mit der Zentralstelle f\u00fcr Auslandsschulwesen (ZfA).<\/p>\n<p><strong>Die Einsatzstellen<\/strong><br \/>\nAll diese Partner stellen in ihren Auslandsinstituten Einsatzpl\u00e4tze f\u00fcr den internationalen Freiwilligendienst \u00bbkulturweit\u00ab zur Verf\u00fcgung. M\u00f6glich ist zudem der Einsatz bei UNESCO-Nationalkommissionen.\u201c<\/p>\n","protected":false},"excerpt":{"rendered":"<p>Mein Freiwilliges Soziales Jahr wird vom Ausw\u00e4rtigen Amt und der Deutschen UNESCO Kommission ausgerichtet. Der Freiwilligendienst nennt sich \u201ekulturweit\u201c und sendet zweimal j\u00e4hrlich junge Menschen zwischen 18 und 26 in Entwicklungs- und Schwellenl\u00e4nder, um dort die \u201edeutsche Kultur und deutsche &hellip; <a href=\"https:\/\/kulturweit.blog\/buenosaires\/kulturweit\/\">Weiterlesen <span class=\"meta-nav\">&rarr;<\/span><\/a><\/p>\n","protected":false},"author":617,"featured_media":0,"parent":0,"menu_order":0,"comment_status":"open","ping_status":"open","template":"","meta":{"footnotes":""},"class_list":["post-34","page","type-page","status-publish","hentry"],"amp_enabled":true,"_links":{"self":[{"href":"https:\/\/kulturweit.blog\/buenosaires\/wp-json\/wp\/v2\/pages\/34"}],"collection":[{"href":"https:\/\/kulturweit.blog\/buenosaires\/wp-json\/wp\/v2\/pages"}],"about":[{"href":"https:\/\/kulturweit.blog\/buenosaires\/wp-json\/wp\/v2\/types\/page"}],"author":[{"embeddable":true,"href":"https:\/\/kulturweit.blog\/buenosaires\/wp-json\/wp\/v2\/users\/617"}],"replies":[{"embeddable":true,"href":"https:\/\/kulturweit.blog\/buenosaires\/wp-json\/wp\/v2\/comments?post=34"}],"version-history":[{"count":0,"href":"https:\/\/kulturweit.blog\/buenosaires\/wp-json\/wp\/v2\/pages\/34\/revisions"}],"wp:attachment":[{"href":"https:\/\/kulturweit.blog\/buenosaires\/wp-json\/wp\/v2\/media?parent=34"}],"curies":[{"name":"wp","href":"https:\/\/api.w.org\/{rel}","templated":true}]}}