{"id":23,"date":"2011-08-16T23:21:41","date_gmt":"2011-08-16T21:21:41","guid":{"rendered":"https:\/\/kulturweit.blog\/buenosaires\/?page_id=23"},"modified":"2011-08-16T23:21:41","modified_gmt":"2011-08-16T21:21:41","slug":"uber-mich","status":"publish","type":"page","link":"https:\/\/kulturweit.blog\/buenosaires\/uber-mich\/","title":{"rendered":"\u00dcber mich"},"content":{"rendered":"<p>Hallo,<\/p>\n<p>ich bin Leo Lindemann, 19 Jahre alt und komme aus Hamburg. Von September 2011 bis August\/September 2012 werde ich ein Freiwilliges Soziales Jahr in Gartenstadt\/Buenos Aires an der Deutschen Schule absolvieren. \u00a0In diesem Blog schreibe ich hoffentlich regelm\u00e4\u00dfig \u00fcber meine Erlebnisse, Erfahrungen, Reisen und den Alltag in Argentinien. Wenn ihr Fragen, Anregungen oder Tipps habt, schreibt gerne einen Kommentar oder schickt mir ne Mail.<\/p>\n","protected":false},"excerpt":{"rendered":"<p>Hallo, ich bin Leo Lindemann, 19 Jahre alt und komme aus Hamburg. Von September 2011 bis August\/September 2012 werde ich ein Freiwilliges Soziales Jahr in Gartenstadt\/Buenos Aires an der Deutschen Schule absolvieren. \u00a0In diesem Blog schreibe ich hoffentlich regelm\u00e4\u00dfig \u00fcber &hellip; <a href=\"https:\/\/kulturweit.blog\/buenosaires\/uber-mich\/\">Weiterlesen <span class=\"meta-nav\">&rarr;<\/span><\/a><\/p>\n","protected":false},"author":617,"featured_media":0,"parent":0,"menu_order":0,"comment_status":"open","ping_status":"open","template":"","meta":{"footnotes":""},"class_list":["post-23","page","type-page","status-publish","hentry"],"amp_enabled":true,"_links":{"self":[{"href":"https:\/\/kulturweit.blog\/buenosaires\/wp-json\/wp\/v2\/pages\/23"}],"collection":[{"href":"https:\/\/kulturweit.blog\/buenosaires\/wp-json\/wp\/v2\/pages"}],"about":[{"href":"https:\/\/kulturweit.blog\/buenosaires\/wp-json\/wp\/v2\/types\/page"}],"author":[{"embeddable":true,"href":"https:\/\/kulturweit.blog\/buenosaires\/wp-json\/wp\/v2\/users\/617"}],"replies":[{"embeddable":true,"href":"https:\/\/kulturweit.blog\/buenosaires\/wp-json\/wp\/v2\/comments?post=23"}],"version-history":[{"count":0,"href":"https:\/\/kulturweit.blog\/buenosaires\/wp-json\/wp\/v2\/pages\/23\/revisions"}],"wp:attachment":[{"href":"https:\/\/kulturweit.blog\/buenosaires\/wp-json\/wp\/v2\/media?parent=23"}],"curies":[{"name":"wp","href":"https:\/\/api.w.org\/{rel}","templated":true}]}}